{"id":11207,"date":"2022-09-18T18:23:48","date_gmt":"2022-09-18T16:23:48","guid":{"rendered":"https:\/\/orthomedix.eu\/boutique\/?page_id=11207"},"modified":"2024-03-26T17:23:06","modified_gmt":"2024-03-26T16:23:06","slug":"nouveautes-orthomedix","status":"publish","type":"page","link":"https:\/\/orthomedix.eu\/boutique\/nouveautes-orthomedix\/","title":{"rendered":"Nouveaut\u00e9s Boutique Orthomedix"},"content":{"rendered":"<h2><strong>Mars 2024<\/strong><\/h2>\n<h6 style=\"text-align: left;\"><strong><a href=\"https:\/\/orthomedix.eu\/boutique\/categorie-produit\/sport-et-nutrition\/accessoires-sportifs-nathan\/\" rel=\"\">Nouvelle gamme d&#8217;accessoires sportifs NATHAN<\/a><\/strong><\/h6>\n<h6><strong><a href=\"https:\/\/orthomedix.eu\/boutique\/produit\/arthro-complexe-poudre-300-gr\/\" rel=\"\">Arthro Complexe poudre 300 gr<\/a><\/strong><\/h6>\n<h6><strong><a href=\"https:\/\/orthomedix.eu\/boutique\/produit\/nattokinase-a-base-dextrait-de-soja-fermente\/\" rel=\"\">Nattokinase \u00e0 base d&#8217;extrait de soja ferment\u00e9<\/a><\/strong><\/h6>\n<h6 style=\"text-align: left;\"><strong><a href=\"https:\/\/orthomedix.eu\/boutique\/categorie-produit\/bubbles\/\" rel=\"\">Nouvelle gamme Bubbles : Des produits moussants s\u00fbrs pour tous les membres de la famille !<\/a><\/strong><\/h6>\n<h6 style=\"text-align: left;\"><strong><a href=\"https:\/\/orthomedix.eu\/boutique\/produit\/profitez-des-petites-choses-beauty-jar\/\" rel=\"\">Coffret cadeau Beauty<\/a><\/strong><\/h6>\n<h2><strong>F\u00e9vrier 2024<\/strong><\/h2>\n<h6 style=\"text-align: left;\"><strong><a href=\"https:\/\/orthomedix.eu\/boutique\/categorie-produit\/beauty-jar\/\" rel=\"\">Offre Beauty Jar : jusqu&#8217;au 31 mars 2 achet\u00e9s = 1 boule de bain gratuite<\/a><\/strong><\/h6>\n<h2><strong>Janvier 2024<\/strong><\/h2>\n<h6 style=\"text-align: left;\"><strong><a href=\"https:\/\/orthomedix.eu\/boutique\/produit\/pack-healthy-life\/\" rel=\"\">Pack Healthy Life : d\u00e9couvrez comment pr\u00e9venir, maintenir, et restaurer votre forme\u00a0<\/a><\/strong><\/h6>\n<h2><strong>Septembre 2023<\/strong><\/h2>\n<h6>D\u00e9sormais pour la Belgique et le Luxembourg les frais de port sont \u00e0 5\u20ac, et gratuit si le montant de la commande est sup\u00e9rieur \u00e0 100\u20ac.<\/h6>\n<h2><strong>Juin 2023<\/strong><\/h2>\n<p style=\"text-align: left;\"><strong><a href=\"https:\/\/orthomedix.eu\/boutique\/categorie-produit\/sport-et-nutrition\/namedsport-superfood\/boite-de-produits\/\">Bo\u00eetes de produits complets pour sportifs (-20%)<\/a><\/strong><\/p>\n<h6>Replay conf\u00e9rence maladie de Lyme<\/h6>\n<p><iframe width=\"560\" height=\"315\" src=\"https:\/\/www.youtube.com\/embed\/m_8Rm1QKWaU\" title=\"YouTube video player\" frameborder=\"0\" allow=\"accelerometer; autoplay; clipboard-write; encrypted-media; gyroscope; picture-in-picture; web-share\" allowfullscreen=\"allowfullscreen\"><\/iframe><\/p>\n<h2><strong>Mai 2023<\/strong><\/h2>\n<p><iframe width=\"560\" height=\"315\" src=\"https:\/\/www.youtube.com\/embed\/8zdfoX5nw4E\" title=\"YouTube video player\" frameborder=\"0\" allow=\"accelerometer; autoplay; clipboard-write; encrypted-media; gyroscope; picture-in-picture; web-share\" allowfullscreen=\"allowfullscreen\"><\/iframe><\/p>\n<p><strong><a href=\"\/boutique\/categorie-produit\/sport-et-nutrition\/\">Mise \u00e0 jour de la cat\u00e9gorie Sport et Nutrition avec de nouveaux produits\u00a0<\/a><\/strong><\/p>\n<p style=\"text-align: left;\"><a href=\"https:\/\/orthomedix.eu\/boutique\/categorie-produit\/beauty-jar\/\"><strong>Nouveaux produits de soin du corps BEAUTY JAR<\/strong><\/a><\/p>\n<p><strong style=\"font-size: 37px;\">Mars 2023<\/strong><strong><a href=\"https:\/\/orthomedix.eu\/boutique\/produit\/conference-maladie-de-lyme-par-le-pr-perronne-et-le-dr-bouillon\/\" rel=\"\">Conf\u00e9rence maladie de lyme par le Pr Perronne et le Dr Bouillon le 7 juin 2023<\/a><\/strong><\/p>\n<h2><strong>F\u00e9vrier 2023<\/strong><\/h2>\n<p style=\"text-align: left;\"><strong><a href=\"https:\/\/orthomedix.eu\/boutique\/categorie-produit\/cosmetiques_bio_aloe_vera\/\">Nouveaux produits bio \u00e0 base d&#8217;Aloe Vera<\/a><\/strong><\/p>\n<blockquote class=\"wp-embedded-content\" data-secret=\"BnSjOfPvRf\"><p><a href=\"https:\/\/orthomedix.eu\/boutique\/produit\/kit-mms-voyage-30ml\/\">KIT MMS VOYAGE 30ml<\/a><\/p><\/blockquote>\n<p><iframe class=\"wp-embedded-content\" sandbox=\"allow-scripts\" security=\"restricted\" style=\"position: absolute; visibility: hidden;\" title=\"\u00ab\u00a0KIT MMS VOYAGE 30ml\u00a0\u00bb &#8212; Boutique Orthomedix\" src=\"https:\/\/orthomedix.eu\/boutique\/produit\/kit-mms-voyage-30ml\/embed\/#?secret=vl6WHSAlNl#?secret=BnSjOfPvRf\" data-secret=\"BnSjOfPvRf\" width=\"500\" height=\"282\" frameborder=\"0\" marginwidth=\"0\" marginheight=\"0\" scrolling=\"no\"><\/iframe><\/p>\n<p>&nbsp;<\/p>\n<h2><strong>Janvier 2023<\/strong><\/h2>\n<blockquote class=\"wp-embedded-content\" data-secret=\"WjLIC2Gdq4\"><p><a href=\"https:\/\/orthomedix.eu\/boutique\/produit\/probiotique-ferments\/\">Probiotique\/ferments<\/a><\/p><\/blockquote>\n<p><iframe class=\"wp-embedded-content\" sandbox=\"allow-scripts\" security=\"restricted\" style=\"position: absolute; visibility: hidden;\" title=\"\u00ab\u00a0Probiotique\/ferments\u00a0\u00bb &#8212; Boutique Orthomedix\" src=\"https:\/\/orthomedix.eu\/boutique\/produit\/probiotique-ferments\/embed\/#?secret=mIZAjzzPld#?secret=WjLIC2Gdq4\" data-secret=\"WjLIC2Gdq4\" width=\"500\" height=\"282\" frameborder=\"0\" marginwidth=\"0\" marginheight=\"0\" scrolling=\"no\"><\/iframe><\/p>\n<blockquote class=\"wp-embedded-content\" data-secret=\"s0DgmttVF0\"><p><a href=\"https:\/\/orthomedix.eu\/boutique\/produit\/kit-maladie-de-lyme\/\">KIT TIQUES<\/a><\/p><\/blockquote>\n<p><iframe class=\"wp-embedded-content\" sandbox=\"allow-scripts\" security=\"restricted\" style=\"position: absolute; visibility: hidden;\" title=\"\u00ab\u00a0KIT TIQUES\u00a0\u00bb &#8212; Boutique Orthomedix\" src=\"https:\/\/orthomedix.eu\/boutique\/produit\/kit-maladie-de-lyme\/embed\/#?secret=1YukghWH5c#?secret=s0DgmttVF0\" data-secret=\"s0DgmttVF0\" width=\"500\" height=\"282\" frameborder=\"0\" marginwidth=\"0\" marginheight=\"0\" scrolling=\"no\"><\/iframe><\/p>\n<blockquote class=\"wp-embedded-content\" data-secret=\"Zyg9BKI1fM\"><p><a href=\"https:\/\/orthomedix.eu\/boutique\/produit\/kit-preventif-graphene\/\">KIT METAUX LOURDS<\/a><\/p><\/blockquote>\n<p><iframe class=\"wp-embedded-content\" sandbox=\"allow-scripts\" security=\"restricted\" style=\"position: absolute; visibility: hidden;\" title=\"\u00ab\u00a0KIT METAUX LOURDS\u00a0\u00bb &#8212; Boutique Orthomedix\" src=\"https:\/\/orthomedix.eu\/boutique\/produit\/kit-preventif-graphene\/embed\/#?secret=kChCrIqKFa#?secret=Zyg9BKI1fM\" data-secret=\"Zyg9BKI1fM\" width=\"500\" height=\"282\" frameborder=\"0\" marginwidth=\"0\" marginheight=\"0\" scrolling=\"no\"><\/iframe><\/p>\n<blockquote class=\"wp-embedded-content\" data-secret=\"hILiTWzXOD\"><p><a href=\"https:\/\/orthomedix.eu\/boutique\/produit\/kit-menopause\/\">KIT POUR LES DAMES<\/a><\/p><\/blockquote>\n<p><iframe class=\"wp-embedded-content\" sandbox=\"allow-scripts\" security=\"restricted\" style=\"position: absolute; visibility: hidden;\" title=\"\u00ab\u00a0KIT POUR LES DAMES\u00a0\u00bb &#8212; Boutique Orthomedix\" src=\"https:\/\/orthomedix.eu\/boutique\/produit\/kit-menopause\/embed\/#?secret=g3p55JD10w#?secret=hILiTWzXOD\" data-secret=\"hILiTWzXOD\" width=\"500\" height=\"282\" frameborder=\"0\" marginwidth=\"0\" marginheight=\"0\" scrolling=\"no\"><\/iframe><\/p>\n<blockquote class=\"wp-embedded-content\" data-secret=\"JqNDtoVZpZ\"><p><a href=\"https:\/\/orthomedix.eu\/boutique\/produit\/kit-libido\/\">KIT MASCULIN<\/a><\/p><\/blockquote>\n<p><iframe class=\"wp-embedded-content\" sandbox=\"allow-scripts\" security=\"restricted\" style=\"position: absolute; visibility: hidden;\" title=\"\u00ab\u00a0KIT MASCULIN\u00a0\u00bb &#8212; Boutique Orthomedix\" src=\"https:\/\/orthomedix.eu\/boutique\/produit\/kit-libido\/embed\/#?secret=prqJfp5Ws7#?secret=JqNDtoVZpZ\" data-secret=\"JqNDtoVZpZ\" width=\"500\" height=\"282\" frameborder=\"0\" marginwidth=\"0\" marginheight=\"0\" scrolling=\"no\"><\/iframe><\/p>\n<blockquote class=\"wp-embedded-content\" data-secret=\"ByB8ryiy3B\"><p><a href=\"https:\/\/orthomedix.eu\/boutique\/produit\/kit-preventif-et-remise-en-forme-globale\/\">KIT REMISE EN FORME GLOBALE<\/a><\/p><\/blockquote>\n<p><iframe class=\"wp-embedded-content\" sandbox=\"allow-scripts\" security=\"restricted\" style=\"position: absolute; visibility: hidden;\" title=\"\u00ab\u00a0KIT REMISE EN FORME GLOBALE\u00a0\u00bb &#8212; Boutique Orthomedix\" src=\"https:\/\/orthomedix.eu\/boutique\/produit\/kit-preventif-et-remise-en-forme-globale\/embed\/#?secret=aSvHY5uqzc#?secret=ByB8ryiy3B\" data-secret=\"ByB8ryiy3B\" width=\"500\" height=\"282\" frameborder=\"0\" marginwidth=\"0\" marginheight=\"0\" scrolling=\"no\"><\/iframe><\/p>\n<p>&nbsp;<\/p>\n<h2><strong>D\u00e9cembre 2022<\/strong><\/h2>\n<p>https:\/\/orthomedix.eu\/boutique\/produit\/glutathion-liposomale-250-ml\/<\/p>\n<p>&nbsp;<\/p>\n<p>https:\/\/orthomedix.eu\/boutique\/produit\/vitamine-c-liposomale-250ml\/<\/p>\n<p>&nbsp;<\/p>\n<blockquote class=\"wp-embedded-content\" data-secret=\"8uVI3TrT8b\"><p><a href=\"https:\/\/orthomedix.eu\/boutique\/produit\/cbd-full-spectrum-the-twenty-peppermint-20-cbd-oil\/\">CBD Full Spectrum &#8211; 10% 20% 30% 40% CBD &#8211; HUILE COSMETIQUE<\/a><\/p><\/blockquote>\n<p><iframe class=\"wp-embedded-content\" sandbox=\"allow-scripts\" security=\"restricted\" style=\"position: absolute; visibility: hidden;\" title=\"\u00ab\u00a0CBD Full Spectrum &#8211; 10% 20% 30% 40% CBD &#8211; HUILE COSMETIQUE\u00a0\u00bb &#8212; Boutique Orthomedix\" src=\"https:\/\/orthomedix.eu\/boutique\/produit\/cbd-full-spectrum-the-twenty-peppermint-20-cbd-oil\/embed\/#?secret=fv8DSK5yvH#?secret=8uVI3TrT8b\" data-secret=\"8uVI3TrT8b\" width=\"500\" height=\"282\" frameborder=\"0\" marginwidth=\"0\" marginheight=\"0\" scrolling=\"no\"><\/iframe><\/p>\n<h2><strong>Novembre 2022<\/strong><\/h2>\n<blockquote class=\"wp-embedded-content\" data-secret=\"0rmEKTrKSs\"><p><a href=\"https:\/\/orthomedix.eu\/boutique\/produit\/huile-de-cumin-noir-degypte-pure-250ml\/\">Huile de Cumin Noir d\u2019Egypte 100% pure<\/a><\/p><\/blockquote>\n<p><iframe class=\"wp-embedded-content\" sandbox=\"allow-scripts\" security=\"restricted\" style=\"position: absolute; visibility: hidden;\" title=\"\u00ab\u00a0Huile de Cumin Noir d\u2019Egypte 100% pure\u00a0\u00bb &#8212; Boutique Orthomedix\" src=\"https:\/\/orthomedix.eu\/boutique\/produit\/huile-de-cumin-noir-degypte-pure-250ml\/embed\/#?secret=ONcNiYpZb6#?secret=0rmEKTrKSs\" data-secret=\"0rmEKTrKSs\" width=\"500\" height=\"282\" frameborder=\"0\" marginwidth=\"0\" marginheight=\"0\" scrolling=\"no\"><\/iframe><\/p>\n<h2><strong>Octobre 2022<\/strong><\/h2>\n<p>https:\/\/orthomedix.eu\/boutique\/produit\/vitamine-b2-90-caps\/<\/p>\n<blockquote class=\"wp-embedded-content\" data-secret=\"ul29gSrsFL\"><p><a href=\"https:\/\/orthomedix.eu\/boutique\/produit\/physiorelax-cbd-75ml\/\">PHYSIORELAX CBD 75ml 1000 MG<\/a><\/p><\/blockquote>\n<p><iframe class=\"wp-embedded-content\" sandbox=\"allow-scripts\" security=\"restricted\" style=\"position: absolute; visibility: hidden;\" title=\"\u00ab\u00a0PHYSIORELAX CBD 75ml 1000 MG\u00a0\u00bb &#8212; Boutique Orthomedix\" src=\"https:\/\/orthomedix.eu\/boutique\/produit\/physiorelax-cbd-75ml\/embed\/#?secret=hR3TNYcgSs#?secret=ul29gSrsFL\" data-secret=\"ul29gSrsFL\" width=\"500\" height=\"282\" frameborder=\"0\" marginwidth=\"0\" marginheight=\"0\" scrolling=\"no\"><\/iframe><\/p>\n<blockquote class=\"wp-embedded-content\" data-secret=\"sax3hgolBU\"><p><a href=\"https:\/\/orthomedix.eu\/boutique\/produit\/mentol-plus-classic\/\">MENTOL PLUS CLASSIC<\/a><\/p><\/blockquote>\n<p><iframe class=\"wp-embedded-content\" sandbox=\"allow-scripts\" security=\"restricted\" style=\"position: absolute; visibility: hidden;\" title=\"\u00ab\u00a0MENTOL PLUS CLASSIC\u00a0\u00bb &#8212; Boutique Orthomedix\" src=\"https:\/\/orthomedix.eu\/boutique\/produit\/mentol-plus-classic\/embed\/#?secret=O3zmBkSKIX#?secret=sax3hgolBU\" data-secret=\"sax3hgolBU\" width=\"500\" height=\"282\" frameborder=\"0\" marginwidth=\"0\" marginheight=\"0\" scrolling=\"no\"><\/iframe><\/p>\n<h3><strong>Septembre 2022<\/strong><\/h3>\n<p>https:\/\/orthomedix.eu\/boutique\/produit\/prele-des-champs-tisane-50-gr\/<\/p>\n<blockquote class=\"wp-embedded-content\" data-secret=\"GCpcGYQEj4\"><p><a href=\"https:\/\/orthomedix.eu\/boutique\/produit\/le-guide-des-medecines-anti-age\/\">Le guide des m\u00e9decines anti-\u00e2ge<\/a><\/p><\/blockquote>\n<p><iframe class=\"wp-embedded-content\" sandbox=\"allow-scripts\" security=\"restricted\" style=\"position: absolute; visibility: hidden;\" title=\"\u00ab\u00a0Le guide des m\u00e9decines anti-\u00e2ge\u00a0\u00bb &#8212; Boutique Orthomedix\" src=\"https:\/\/orthomedix.eu\/boutique\/produit\/le-guide-des-medecines-anti-age\/embed\/#?secret=PhNoCSXm2o#?secret=GCpcGYQEj4\" data-secret=\"GCpcGYQEj4\" width=\"500\" height=\"282\" frameborder=\"0\" marginwidth=\"0\" marginheight=\"0\" scrolling=\"no\"><\/iframe><\/p>\n<p>&nbsp;<\/p>\n","protected":false},"excerpt":{"rendered":"<p>Mars 2024 Nouvelle gamme d&#8217;accessoires sportifs NATHAN Arthro Complexe poudre 300 gr Nattokinase \u00e0 base d&#8217;extrait de soja ferment\u00e9 Nouvelle gamme Bubbles : Des produits moussants s\u00fbrs pour tous les membres de la famille ! Coffret cadeau Beauty F\u00e9vrier 2024 Offre Beauty Jar : jusqu&#8217;au 31 mars 2 achet\u00e9s = 1 boule de bain gratuite [&hellip;]<\/p>\n","protected":false},"author":11725,"featured_media":10126,"parent":0,"menu_order":0,"comment_status":"closed","ping_status":"closed","template":"","meta":{"_themeisle_gutenberg_block_has_review":false,"footnotes":""},"class_list":["post-11207","page","type-page","status-publish","has-post-thumbnail","hentry"],"jetpack_sharing_enabled":true,"_links":{"self":[{"href":"https:\/\/orthomedix.eu\/boutique\/wp-json\/wp\/v2\/pages\/11207","targetHints":{"allow":["GET"]}}],"collection":[{"href":"https:\/\/orthomedix.eu\/boutique\/wp-json\/wp\/v2\/pages"}],"about":[{"href":"https:\/\/orthomedix.eu\/boutique\/wp-json\/wp\/v2\/types\/page"}],"author":[{"embeddable":true,"href":"https:\/\/orthomedix.eu\/boutique\/wp-json\/wp\/v2\/users\/11725"}],"replies":[{"embeddable":true,"href":"https:\/\/orthomedix.eu\/boutique\/wp-json\/wp\/v2\/comments?post=11207"}],"version-history":[{"count":42,"href":"https:\/\/orthomedix.eu\/boutique\/wp-json\/wp\/v2\/pages\/11207\/revisions"}],"predecessor-version":[{"id":14037,"href":"https:\/\/orthomedix.eu\/boutique\/wp-json\/wp\/v2\/pages\/11207\/revisions\/14037"}],"wp:featuredmedia":[{"embeddable":true,"href":"https:\/\/orthomedix.eu\/boutique\/wp-json\/wp\/v2\/media\/10126"}],"wp:attachment":[{"href":"https:\/\/orthomedix.eu\/boutique\/wp-json\/wp\/v2\/media?parent=11207"}],"curies":[{"name":"wp","href":"https:\/\/api.w.org\/{rel}","templated":true}]}}