{"id":12913,"date":"2023-06-09T18:28:41","date_gmt":"2023-06-09T16:28:41","guid":{"rendered":"https:\/\/orthomedix.eu\/boutique\/?page_id=12913"},"modified":"2023-06-09T18:28:41","modified_gmt":"2023-06-09T16:28:41","slug":"replay-conference-maladie-de-lyme-par-le-pr-perronne-et-le-dr-bouillon","status":"publish","type":"page","link":"https:\/\/orthomedix.eu\/boutique\/replay-conference-maladie-de-lyme-par-le-pr-perronne-et-le-dr-bouillon\/","title":{"rendered":"Replay Conf\u00e9rence maladie de Lyme par le Pr Perronne et le Dr Bouillon"},"content":{"rendered":"<p><iframe width=\"560\" height=\"315\" src=\"https:\/\/www.youtube.com\/embed\/m_8Rm1QKWaU\" title=\"YouTube video player\" frameborder=\"0\" allow=\"accelerometer; autoplay; clipboard-write; encrypted-media; gyroscope; picture-in-picture; web-share\" allowfullscreen=\"allowfullscreen\"><\/iframe><\/p>\n<p><strong>T\u00e9moignage de Fabian Hirtz<\/strong>.<\/p>\n<p><strong>Professeur Perronne<\/strong> : La maladie de Lyme : Origine, historique, caract\u00e9ristiques de la maladie, les sympt\u00f4mes et les traitements actuels.<\/p>\n<p><strong>Dr Bouillon<\/strong> : La prise en charge compl\u00e8te des patients \u00e0 borr\u00e9liose de lyme, volet biologique et suivi clinique.<\/p>\n<p>Conf\u00e9rence organis\u00e9e par Orthomedix.<\/p>\n<p>\u00c0 Arlon, Belgique, le 7 juin 2023.<\/p>\n<p>&nbsp;<\/p>\n","protected":false},"excerpt":{"rendered":"<p>T\u00e9moignage de Fabian Hirtz. Professeur Perronne : La maladie de Lyme : Origine, historique, caract\u00e9ristiques de la maladie, les sympt\u00f4mes et les traitements actuels. Dr Bouillon : La prise en charge compl\u00e8te des patients \u00e0 borr\u00e9liose de lyme, volet biologique et suivi clinique. Conf\u00e9rence organis\u00e9e par Orthomedix. \u00c0 Arlon, Belgique, le 7 juin 2023. &nbsp;<\/p>\n","protected":false},"author":11725,"featured_media":12916,"parent":0,"menu_order":0,"comment_status":"closed","ping_status":"closed","template":"","meta":{"_themeisle_gutenberg_block_has_review":false,"footnotes":""},"class_list":["post-12913","page","type-page","status-publish","has-post-thumbnail","hentry"],"jetpack_sharing_enabled":true,"_links":{"self":[{"href":"https:\/\/orthomedix.eu\/boutique\/wp-json\/wp\/v2\/pages\/12913","targetHints":{"allow":["GET"]}}],"collection":[{"href":"https:\/\/orthomedix.eu\/boutique\/wp-json\/wp\/v2\/pages"}],"about":[{"href":"https:\/\/orthomedix.eu\/boutique\/wp-json\/wp\/v2\/types\/page"}],"author":[{"embeddable":true,"href":"https:\/\/orthomedix.eu\/boutique\/wp-json\/wp\/v2\/users\/11725"}],"replies":[{"embeddable":true,"href":"https:\/\/orthomedix.eu\/boutique\/wp-json\/wp\/v2\/comments?post=12913"}],"version-history":[{"count":3,"href":"https:\/\/orthomedix.eu\/boutique\/wp-json\/wp\/v2\/pages\/12913\/revisions"}],"predecessor-version":[{"id":12917,"href":"https:\/\/orthomedix.eu\/boutique\/wp-json\/wp\/v2\/pages\/12913\/revisions\/12917"}],"wp:featuredmedia":[{"embeddable":true,"href":"https:\/\/orthomedix.eu\/boutique\/wp-json\/wp\/v2\/media\/12916"}],"wp:attachment":[{"href":"https:\/\/orthomedix.eu\/boutique\/wp-json\/wp\/v2\/media?parent=12913"}],"curies":[{"name":"wp","href":"https:\/\/api.w.org\/{rel}","templated":true}]}}