{"id":14598,"date":"2024-09-27T11:10:49","date_gmt":"2024-09-27T09:10:49","guid":{"rendered":"https:\/\/orthomedix.eu\/boutique\/?page_id=14598"},"modified":"2025-02-19T22:48:16","modified_gmt":"2025-02-19T21:48:16","slug":"boutique-orthomedix-sarl","status":"publish","type":"page","link":"https:\/\/orthomedix.eu\/boutique\/","title":{"rendered":"Boutique Orthomedix SARL"},"content":{"rendered":"<p><\/p>\n<p class=\"is-vertical is-content-justification-center is-layout-flex wp-container-core-group-is-layout-ce155fab wp-block-group-is-layout-flex\"><\/p>\n<p>&#8220;<strong> LA NOURRITURE DOIT ETRE MEDICAMENT ET<\/strong><\/p>\n<p><\/p>\n<p><strong>\u00a0 \u00a0 \u00a0TON MEDICAMENT DOIT ETRE TA NOURRITURE &#8220;<\/strong><\/p>\n<p><\/p>\n<p><strong>\u00a0 \u00a0 \u00a0HIPPOCRATE<\/strong><\/p>\n<h1><a href=\"https:\/\/orthomedix.eu\/boutique\/les-bienfaits-de-liode-par-dr-vincent-reliquet\/\" target=\"_blank\" rel=\"noopener\"><strong>les bienfaits de l&#8217;iode par Dr Vincent Reliquet<br \/>Replay cliquer ici<\/strong><\/a><\/h1>\n<h5>\u00a0<\/h5>\n<h5><strong><a href=\"https:\/\/orthomedix.eu\/boutique\/categorie-produit\/sport-et-nutrition\/accessoires-sportifs-nathan\/\">Nouvelle gamme d&#8217;accessoires sportifs NATHAN<\/a><\/strong><\/h5>\n<p><\/p>\n<h5 class=\"wp-block-heading\"><strong><a href=\"https:\/\/orthomedix.eu\/boutique\/categorie-produit\/bubbles\/\">Nouvelle gamme Bubbles : Des produits moussants s\u00fbrs pour tous les membres de la famille !<\/a><\/strong><\/h5>\n<p><\/p>\n<h4 class=\"wp-block-heading\"><strong><a href=\"https:\/\/orthomedix.eu\/boutique\/categorie-produit\/beauty-jar\/\">Offre Beauty Jar : jusqu&#8217;au 31 Aout 2 achet\u00e9s = 1 boule de bain gratuite<\/a><\/strong><\/h4>\n<p><\/p>\n<h4 class=\"wp-block-heading\"><strong><a href=\"https:\/\/orthomedix.eu\/boutique\/categorie-produit\/sport-et-nutrition\/namedsport-superfood\/boite-de-produits\/\">Bo\u00eetes de produits complets pour sportifs (-20%)<\/a><\/strong><\/h4>\n<p><\/p>\n<h4 class=\"wp-block-heading\"><a href=\"https:\/\/orthomedix.eu\/boutique\/replay-conference-maladie-de-lyme-par-le-pr-perronne-et-le-dr-bouillon\/\"><strong>Replay de la conf\u00e9rence du Pr Perronne et du Dr Bouillon<\/strong><\/a><\/h4>\n<p><\/p>\n<h4 class=\"wp-block-heading\"><a href=\"https:\/\/orthomedix.eu\/boutique\/evenements-orthomedix\/\"><strong>Interview de Fabian Hirtz<\/strong><\/a><\/h4>\n<p><\/p>\n<h4 class=\"wp-block-heading\"><a href=\"https:\/\/orthomedix.eu\/boutique\/categorie-produit\/beauty-jar\/\"><strong>Nouveaux produits de soin du corps BEAUTY JAR<\/strong><\/a><\/h4>\n<p><\/p>\n<h4 class=\"wp-block-heading\"><strong><a href=\"https:\/\/orthomedix.eu\/boutique\/categorie-produit\/cosmetiques_bio_aloe_vera\/\">Nouveaux produits bio \u00e0 base d&#8217;Aloe Vera<\/a><\/strong><\/h4>\n<p><\/p>\n<h4 class=\"wp-block-heading\"><strong><a href=\"https:\/\/orthomedix.eu\/boutique\/categorie-produit\/sport-et-nutrition\/\">Nouvelle gamme de produits pour les sportifs<\/a><\/strong><\/h4>\n<p><\/p>\n<h6 class=\"wp-block-heading\"><strong>Orthomedix est ouvert de 9H00 \u00e0 17H du lundi au vendredi.<\/strong><\/h6>\n<p><\/p>\n<p>Pour nous contacter, merci de privil\u00e9gier un message SMS par WhatsApp<\/p>\n<p><\/p>\n<p><a href=\"tel:00352691252581\"><strong>Nathalie : 00352 691 25 25 81<\/strong><\/a><\/p>\n<p><\/p>\n<p><a href=\"tel:00352691252585\"><strong>Fabian : 00352 691 25 25 85<\/strong><\/a><\/p>\n<p><\/p>\n<p><\/p>\n<p style=\"text-align: center;\"><div class=\"woocommerce columns-4\"><ul class=\"products columns-4\">\n<li class=\"product-category product first\">\n\t<a aria-label=\"Acc\u00e9der \u00e0 la cat\u00e9gorie de produits Accessoires Sportifs Nathan\" href=\"https:\/\/orthomedix.eu\/boutique\/categorie-produit\/sport-et-nutrition\/accessoires-sportifs-nathan\/\"><img fetchpriority=\"high\" decoding=\"async\" src=\"https:\/\/i0.wp.com\/orthomedix.eu\/boutique\/wp-content\/uploads\/nathan.png?resize=300%2C457&#038;ssl=1\" alt=\"Accessoires Sportifs Nathan\" width=\"300\" height=\"457\" srcset=\"https:\/\/i0.wp.com\/orthomedix.eu\/boutique\/wp-content\/uploads\/nathan.png?w=460&amp;ssl=1 460w, https:\/\/i0.wp.com\/orthomedix.eu\/boutique\/wp-content\/uploads\/nathan.png?resize=197%2C300&amp;ssl=1 197w, https:\/\/i0.wp.com\/orthomedix.eu\/boutique\/wp-content\/uploads\/nathan.png?resize=300%2C457&amp;ssl=1 300w, https:\/\/i0.wp.com\/orthomedix.eu\/boutique\/wp-content\/uploads\/nathan.png?resize=64%2C97&amp;ssl=1 64w\" sizes=\"(max-width: 300px) 100vw, 300px\" \/>\t\t<h2 class=\"woocommerce-loop-category__title\">\n\t\t\tAccessoires Sportifs Nathan <mark class=\"count\">(19)<\/mark>\t\t<\/h2>\n\t\t<\/a><\/li>\n<li class=\"product-category product\">\n\t<a aria-label=\"Acc\u00e9der \u00e0 la cat\u00e9gorie de produits Beauty Jar\" href=\"https:\/\/orthomedix.eu\/boutique\/categorie-produit\/beauty-jar\/\"><img decoding=\"async\" src=\"https:\/\/i0.wp.com\/orthomedix.eu\/boutique\/wp-content\/uploads\/beauty-jar.png?resize=300%2C457&#038;ssl=1\" alt=\"Beauty Jar\" width=\"300\" height=\"457\" srcset=\"https:\/\/i0.wp.com\/orthomedix.eu\/boutique\/wp-content\/uploads\/beauty-jar.png?w=460&amp;ssl=1 460w, https:\/\/i0.wp.com\/orthomedix.eu\/boutique\/wp-content\/uploads\/beauty-jar.png?resize=197%2C300&amp;ssl=1 197w, https:\/\/i0.wp.com\/orthomedix.eu\/boutique\/wp-content\/uploads\/beauty-jar.png?resize=300%2C457&amp;ssl=1 300w, https:\/\/i0.wp.com\/orthomedix.eu\/boutique\/wp-content\/uploads\/beauty-jar.png?resize=64%2C97&amp;ssl=1 64w\" sizes=\"(max-width: 300px) 100vw, 300px\" \/>\t\t<h2 class=\"woocommerce-loop-category__title\">\n\t\t\tBeauty Jar <mark class=\"count\">(61)<\/mark>\t\t<\/h2>\n\t\t<\/a><\/li>\n<li class=\"product-category product\">\n\t<a aria-label=\"Acc\u00e9der \u00e0 la cat\u00e9gorie de produits Bijoux Bohm\" href=\"https:\/\/orthomedix.eu\/boutique\/categorie-produit\/bijoux-bohm\/\"><img decoding=\"async\" src=\"https:\/\/i0.wp.com\/orthomedix.eu\/boutique\/wp-content\/uploads\/Bohm.png?resize=300%2C457&#038;ssl=1\" alt=\"Bijoux Bohm\" width=\"300\" height=\"457\" srcset=\"https:\/\/i0.wp.com\/orthomedix.eu\/boutique\/wp-content\/uploads\/Bohm.png?w=460&amp;ssl=1 460w, https:\/\/i0.wp.com\/orthomedix.eu\/boutique\/wp-content\/uploads\/Bohm.png?resize=197%2C300&amp;ssl=1 197w, https:\/\/i0.wp.com\/orthomedix.eu\/boutique\/wp-content\/uploads\/Bohm.png?resize=300%2C457&amp;ssl=1 300w, https:\/\/i0.wp.com\/orthomedix.eu\/boutique\/wp-content\/uploads\/Bohm.png?resize=64%2C97&amp;ssl=1 64w\" sizes=\"(max-width: 300px) 100vw, 300px\" \/>\t\t<h2 class=\"woocommerce-loop-category__title\">\n\t\t\tBijoux Bohm <mark class=\"count\">(1)<\/mark>\t\t<\/h2>\n\t\t<\/a><\/li>\n<li class=\"product-category product last\">\n\t<a aria-label=\"Acc\u00e9der \u00e0 la cat\u00e9gorie de produits Bijoux de peau INES DE CASTILHO\" href=\"https:\/\/orthomedix.eu\/boutique\/categorie-produit\/bijoux-de-peau-ines-de-castilho\/\"><img loading=\"lazy\" decoding=\"async\" src=\"https:\/\/i0.wp.com\/orthomedix.eu\/boutique\/wp-content\/uploads\/Ines-1.png?resize=300%2C457&#038;ssl=1\" alt=\"Bijoux de peau INES DE CASTILHO\" width=\"300\" height=\"457\" srcset=\"https:\/\/i0.wp.com\/orthomedix.eu\/boutique\/wp-content\/uploads\/Ines-1.png?w=460&amp;ssl=1 460w, https:\/\/i0.wp.com\/orthomedix.eu\/boutique\/wp-content\/uploads\/Ines-1.png?resize=197%2C300&amp;ssl=1 197w, https:\/\/i0.wp.com\/orthomedix.eu\/boutique\/wp-content\/uploads\/Ines-1.png?resize=300%2C457&amp;ssl=1 300w, https:\/\/i0.wp.com\/orthomedix.eu\/boutique\/wp-content\/uploads\/Ines-1.png?resize=64%2C97&amp;ssl=1 64w\" sizes=\"(max-width: 300px) 100vw, 300px\" \/>\t\t<h2 class=\"woocommerce-loop-category__title\">\n\t\t\tBijoux de peau INES DE CASTILHO <mark class=\"count\">(1)<\/mark>\t\t<\/h2>\n\t\t<\/a><\/li>\n<li class=\"product-category product first\">\n\t<a aria-label=\"Acc\u00e9der \u00e0 la cat\u00e9gorie de produits Bijoux et Accessoires divers\" href=\"https:\/\/orthomedix.eu\/boutique\/categorie-produit\/bijoux-et-accessoires-divers\/\"><img loading=\"lazy\" decoding=\"async\" src=\"https:\/\/i0.wp.com\/orthomedix.eu\/boutique\/wp-content\/uploads\/bohm-pict.png?resize=300%2C457&#038;ssl=1\" alt=\"Bijoux et Accessoires divers\" width=\"300\" height=\"457\" srcset=\"https:\/\/i0.wp.com\/orthomedix.eu\/boutique\/wp-content\/uploads\/bohm-pict.png?w=460&amp;ssl=1 460w, https:\/\/i0.wp.com\/orthomedix.eu\/boutique\/wp-content\/uploads\/bohm-pict.png?resize=197%2C300&amp;ssl=1 197w, https:\/\/i0.wp.com\/orthomedix.eu\/boutique\/wp-content\/uploads\/bohm-pict.png?resize=300%2C457&amp;ssl=1 300w, https:\/\/i0.wp.com\/orthomedix.eu\/boutique\/wp-content\/uploads\/bohm-pict.png?resize=64%2C97&amp;ssl=1 64w\" sizes=\"(max-width: 300px) 100vw, 300px\" \/>\t\t<h2 class=\"woocommerce-loop-category__title\">\n\t\t\tBijoux et Accessoires divers <mark class=\"count\">(1)<\/mark>\t\t<\/h2>\n\t\t<\/a><\/li>\n<li class=\"product-category product\">\n\t<a aria-label=\"Acc\u00e9der \u00e0 la cat\u00e9gorie de produits Bon cadeau\" href=\"https:\/\/orthomedix.eu\/boutique\/categorie-produit\/bon-cadeau\/\"><img loading=\"lazy\" decoding=\"async\" src=\"https:\/\/i0.wp.com\/orthomedix.eu\/boutique\/wp-content\/uploads\/cadeau-1.png?resize=300%2C457&#038;ssl=1\" alt=\"Bon cadeau\" width=\"300\" height=\"457\" srcset=\"https:\/\/i0.wp.com\/orthomedix.eu\/boutique\/wp-content\/uploads\/cadeau-1.png?w=460&amp;ssl=1 460w, https:\/\/i0.wp.com\/orthomedix.eu\/boutique\/wp-content\/uploads\/cadeau-1.png?resize=197%2C300&amp;ssl=1 197w, https:\/\/i0.wp.com\/orthomedix.eu\/boutique\/wp-content\/uploads\/cadeau-1.png?resize=300%2C457&amp;ssl=1 300w, https:\/\/i0.wp.com\/orthomedix.eu\/boutique\/wp-content\/uploads\/cadeau-1.png?resize=64%2C97&amp;ssl=1 64w\" sizes=\"(max-width: 300px) 100vw, 300px\" \/>\t\t<h2 class=\"woocommerce-loop-category__title\">\n\t\t\tBon cadeau <mark class=\"count\">(1)<\/mark>\t\t<\/h2>\n\t\t<\/a><\/li>\n<li class=\"product-category product\">\n\t<a aria-label=\"Acc\u00e9der \u00e0 la cat\u00e9gorie de produits Bubbles\" href=\"https:\/\/orthomedix.eu\/boutique\/categorie-produit\/bubbles\/\"><img loading=\"lazy\" decoding=\"async\" src=\"https:\/\/i0.wp.com\/orthomedix.eu\/boutique\/wp-content\/uploads\/Bubbles.png?resize=300%2C457&#038;ssl=1\" alt=\"Bubbles\" width=\"300\" height=\"457\" srcset=\"https:\/\/i0.wp.com\/orthomedix.eu\/boutique\/wp-content\/uploads\/Bubbles.png?w=460&amp;ssl=1 460w, https:\/\/i0.wp.com\/orthomedix.eu\/boutique\/wp-content\/uploads\/Bubbles.png?resize=197%2C300&amp;ssl=1 197w, https:\/\/i0.wp.com\/orthomedix.eu\/boutique\/wp-content\/uploads\/Bubbles.png?resize=300%2C457&amp;ssl=1 300w, https:\/\/i0.wp.com\/orthomedix.eu\/boutique\/wp-content\/uploads\/Bubbles.png?resize=64%2C97&amp;ssl=1 64w\" sizes=\"(max-width: 300px) 100vw, 300px\" \/>\t\t<h2 class=\"woocommerce-loop-category__title\">\n\t\t\tBubbles <mark class=\"count\">(5)<\/mark>\t\t<\/h2>\n\t\t<\/a><\/li>\n<li class=\"product-category product last\">\n\t<a aria-label=\"Acc\u00e9der \u00e0 la cat\u00e9gorie de produits Compl\u00e9ments Alimentaires\" href=\"https:\/\/orthomedix.eu\/boutique\/categorie-produit\/complements-alimentaires\/\"><img loading=\"lazy\" decoding=\"async\" src=\"https:\/\/i0.wp.com\/orthomedix.eu\/boutique\/wp-content\/uploads\/Complements-Alimentaires.png?resize=300%2C457&#038;ssl=1\" alt=\"Compl\u00e9ments Alimentaires\" width=\"300\" height=\"457\" srcset=\"https:\/\/i0.wp.com\/orthomedix.eu\/boutique\/wp-content\/uploads\/Complements-Alimentaires.png?w=460&amp;ssl=1 460w, https:\/\/i0.wp.com\/orthomedix.eu\/boutique\/wp-content\/uploads\/Complements-Alimentaires.png?resize=197%2C300&amp;ssl=1 197w, https:\/\/i0.wp.com\/orthomedix.eu\/boutique\/wp-content\/uploads\/Complements-Alimentaires.png?resize=300%2C457&amp;ssl=1 300w, https:\/\/i0.wp.com\/orthomedix.eu\/boutique\/wp-content\/uploads\/Complements-Alimentaires.png?resize=64%2C97&amp;ssl=1 64w\" sizes=\"(max-width: 300px) 100vw, 300px\" \/>\t\t<h2 class=\"woocommerce-loop-category__title\">\n\t\t\tCompl\u00e9ments Alimentaires <mark class=\"count\">(22)<\/mark>\t\t<\/h2>\n\t\t<\/a><\/li>\n<li class=\"product-category product first\">\n\t<a aria-label=\"Acc\u00e9der \u00e0 la cat\u00e9gorie de produits Conf\u00e9rence\" href=\"https:\/\/orthomedix.eu\/boutique\/categorie-produit\/conference\/\"><img loading=\"lazy\" decoding=\"async\" src=\"https:\/\/i0.wp.com\/orthomedix.eu\/boutique\/wp-content\/uploads\/Replay-conf.png?resize=300%2C457&#038;ssl=1\" alt=\"Conf\u00e9rence\" width=\"300\" height=\"457\" srcset=\"https:\/\/i0.wp.com\/orthomedix.eu\/boutique\/wp-content\/uploads\/Replay-conf.png?w=460&amp;ssl=1 460w, https:\/\/i0.wp.com\/orthomedix.eu\/boutique\/wp-content\/uploads\/Replay-conf.png?resize=197%2C300&amp;ssl=1 197w, https:\/\/i0.wp.com\/orthomedix.eu\/boutique\/wp-content\/uploads\/Replay-conf.png?resize=300%2C457&amp;ssl=1 300w, https:\/\/i0.wp.com\/orthomedix.eu\/boutique\/wp-content\/uploads\/Replay-conf.png?resize=64%2C97&amp;ssl=1 64w\" sizes=\"(max-width: 300px) 100vw, 300px\" \/>\t\t<h2 class=\"woocommerce-loop-category__title\">\n\t\t\tConf\u00e9rence <mark class=\"count\">(1)<\/mark>\t\t<\/h2>\n\t\t<\/a><\/li>\n<li class=\"product-category product\">\n\t<a aria-label=\"Acc\u00e9der \u00e0 la cat\u00e9gorie de produits COSMETIQUES BIO ALOE VERA\" href=\"https:\/\/orthomedix.eu\/boutique\/categorie-produit\/cosmetiques_bio_aloe_vera\/\"><img loading=\"lazy\" decoding=\"async\" src=\"https:\/\/i0.wp.com\/orthomedix.eu\/boutique\/wp-content\/uploads\/COSMETIQUES-BIO-ALOE-VERA.png?resize=300%2C457&#038;ssl=1\" alt=\"COSMETIQUES BIO ALOE VERA\" width=\"300\" height=\"457\" srcset=\"https:\/\/i0.wp.com\/orthomedix.eu\/boutique\/wp-content\/uploads\/COSMETIQUES-BIO-ALOE-VERA.png?w=460&amp;ssl=1 460w, https:\/\/i0.wp.com\/orthomedix.eu\/boutique\/wp-content\/uploads\/COSMETIQUES-BIO-ALOE-VERA.png?resize=197%2C300&amp;ssl=1 197w, https:\/\/i0.wp.com\/orthomedix.eu\/boutique\/wp-content\/uploads\/COSMETIQUES-BIO-ALOE-VERA.png?resize=300%2C457&amp;ssl=1 300w, https:\/\/i0.wp.com\/orthomedix.eu\/boutique\/wp-content\/uploads\/COSMETIQUES-BIO-ALOE-VERA.png?resize=64%2C97&amp;ssl=1 64w\" sizes=\"(max-width: 300px) 100vw, 300px\" \/>\t\t<h2 class=\"woocommerce-loop-category__title\">\n\t\t\tCOSMETIQUES BIO ALOE VERA <mark class=\"count\">(26)<\/mark>\t\t<\/h2>\n\t\t<\/a><\/li>\n<li class=\"product-category product\">\n\t<a aria-label=\"Acc\u00e9der \u00e0 la cat\u00e9gorie de produits Divers\" href=\"https:\/\/orthomedix.eu\/boutique\/categorie-produit\/autre\/\"><img loading=\"lazy\" decoding=\"async\" src=\"https:\/\/i0.wp.com\/orthomedix.eu\/boutique\/wp-content\/uploads\/2021\/10\/divers.jpg?resize=300%2C452&#038;ssl=1\" alt=\"Divers\" width=\"300\" height=\"457\" \/>\t\t<h2 class=\"woocommerce-loop-category__title\">\n\t\t\tDivers <mark class=\"count\">(5)<\/mark>\t\t<\/h2>\n\t\t<\/a><\/li>\n<li class=\"product-category product last\">\n\t<a aria-label=\"Acc\u00e9der \u00e0 la cat\u00e9gorie de produits Dynarelax\" href=\"https:\/\/orthomedix.eu\/boutique\/categorie-produit\/dynarelax\/\"><img loading=\"lazy\" decoding=\"async\" src=\"https:\/\/i0.wp.com\/orthomedix.eu\/boutique\/wp-content\/uploads\/Images-des-categorie-Orthomedix-23.png?resize=300%2C457&#038;ssl=1\" alt=\"Dynarelax\" width=\"300\" height=\"457\" srcset=\"https:\/\/i0.wp.com\/orthomedix.eu\/boutique\/wp-content\/uploads\/Images-des-categorie-Orthomedix-23.png?w=460&amp;ssl=1 460w, https:\/\/i0.wp.com\/orthomedix.eu\/boutique\/wp-content\/uploads\/Images-des-categorie-Orthomedix-23.png?resize=197%2C300&amp;ssl=1 197w, https:\/\/i0.wp.com\/orthomedix.eu\/boutique\/wp-content\/uploads\/Images-des-categorie-Orthomedix-23.png?resize=300%2C457&amp;ssl=1 300w, https:\/\/i0.wp.com\/orthomedix.eu\/boutique\/wp-content\/uploads\/Images-des-categorie-Orthomedix-23.png?resize=64%2C97&amp;ssl=1 64w\" sizes=\"(max-width: 300px) 100vw, 300px\" \/>\t\t<h2 class=\"woocommerce-loop-category__title\">\n\t\t\tDynarelax <mark class=\"count\">(1)<\/mark>\t\t<\/h2>\n\t\t<\/a><\/li>\n<li class=\"product-category product first\">\n\t<a aria-label=\"Acc\u00e9der \u00e0 la cat\u00e9gorie de produits Pack - Kits\" href=\"https:\/\/orthomedix.eu\/boutique\/categorie-produit\/kits\/\"><img loading=\"lazy\" decoding=\"async\" src=\"https:\/\/i0.wp.com\/orthomedix.eu\/boutique\/wp-content\/uploads\/Pack-%E2%80%93-Kits.png?resize=300%2C457&#038;ssl=1\" alt=\"Pack - Kits\" width=\"300\" height=\"457\" \/>\t\t<h2 class=\"woocommerce-loop-category__title\">\n\t\t\tPack - Kits <mark class=\"count\">(3)<\/mark>\t\t<\/h2>\n\t\t<\/a><\/li>\n<li class=\"product-category product\">\n\t<a aria-label=\"Acc\u00e9der \u00e0 la cat\u00e9gorie de produits Probiotiques\" href=\"https:\/\/orthomedix.eu\/boutique\/categorie-produit\/probiotiques\/\"><img loading=\"lazy\" decoding=\"async\" src=\"https:\/\/i0.wp.com\/orthomedix.eu\/boutique\/wp-content\/uploads\/Probiotiques.png?resize=300%2C457&#038;ssl=1\" alt=\"Probiotiques\" width=\"300\" height=\"457\" srcset=\"https:\/\/i0.wp.com\/orthomedix.eu\/boutique\/wp-content\/uploads\/Probiotiques.png?w=460&amp;ssl=1 460w, https:\/\/i0.wp.com\/orthomedix.eu\/boutique\/wp-content\/uploads\/Probiotiques.png?resize=197%2C300&amp;ssl=1 197w, https:\/\/i0.wp.com\/orthomedix.eu\/boutique\/wp-content\/uploads\/Probiotiques.png?resize=300%2C457&amp;ssl=1 300w, https:\/\/i0.wp.com\/orthomedix.eu\/boutique\/wp-content\/uploads\/Probiotiques.png?resize=64%2C97&amp;ssl=1 64w\" sizes=\"(max-width: 300px) 100vw, 300px\" \/>\t\t<h2 class=\"woocommerce-loop-category__title\">\n\t\t\tProbiotiques <mark class=\"count\">(1)<\/mark>\t\t<\/h2>\n\t\t<\/a><\/li>\n<li class=\"product-category product\">\n\t<a aria-label=\"Acc\u00e9der \u00e0 la cat\u00e9gorie de produits Purification\" href=\"https:\/\/orthomedix.eu\/boutique\/categorie-produit\/purification\/\"><img loading=\"lazy\" decoding=\"async\" src=\"https:\/\/i0.wp.com\/orthomedix.eu\/boutique\/wp-content\/uploads\/Purification.png?resize=300%2C457&#038;ssl=1\" alt=\"Purification\" width=\"300\" height=\"457\" srcset=\"https:\/\/i0.wp.com\/orthomedix.eu\/boutique\/wp-content\/uploads\/Purification.png?w=460&amp;ssl=1 460w, https:\/\/i0.wp.com\/orthomedix.eu\/boutique\/wp-content\/uploads\/Purification.png?resize=197%2C300&amp;ssl=1 197w, https:\/\/i0.wp.com\/orthomedix.eu\/boutique\/wp-content\/uploads\/Purification.png?resize=300%2C457&amp;ssl=1 300w, https:\/\/i0.wp.com\/orthomedix.eu\/boutique\/wp-content\/uploads\/Purification.png?resize=64%2C97&amp;ssl=1 64w\" sizes=\"(max-width: 300px) 100vw, 300px\" \/>\t\t<h2 class=\"woocommerce-loop-category__title\">\n\t\t\tPurification <mark class=\"count\">(8)<\/mark>\t\t<\/h2>\n\t\t<\/a><\/li>\n<li class=\"product-category product last\">\n\t<a aria-label=\"Acc\u00e9der \u00e0 la cat\u00e9gorie de produits Soins naturels\" href=\"https:\/\/orthomedix.eu\/boutique\/categorie-produit\/soins-naturels\/\"><img loading=\"lazy\" decoding=\"async\" src=\"https:\/\/i0.wp.com\/orthomedix.eu\/boutique\/wp-content\/uploads\/Soins-naturels.png?resize=300%2C457&#038;ssl=1\" alt=\"Soins naturels\" width=\"300\" height=\"457\" srcset=\"https:\/\/i0.wp.com\/orthomedix.eu\/boutique\/wp-content\/uploads\/Soins-naturels.png?w=460&amp;ssl=1 460w, https:\/\/i0.wp.com\/orthomedix.eu\/boutique\/wp-content\/uploads\/Soins-naturels.png?resize=197%2C300&amp;ssl=1 197w, https:\/\/i0.wp.com\/orthomedix.eu\/boutique\/wp-content\/uploads\/Soins-naturels.png?resize=300%2C457&amp;ssl=1 300w, https:\/\/i0.wp.com\/orthomedix.eu\/boutique\/wp-content\/uploads\/Soins-naturels.png?resize=64%2C97&amp;ssl=1 64w\" sizes=\"(max-width: 300px) 100vw, 300px\" \/>\t\t<h2 class=\"woocommerce-loop-category__title\">\n\t\t\tSoins naturels <mark class=\"count\">(6)<\/mark>\t\t<\/h2>\n\t\t<\/a><\/li>\n<li class=\"product-category product first\">\n\t<a aria-label=\"Acc\u00e9der \u00e0 la cat\u00e9gorie de produits Sport &amp; Nutrition\" href=\"https:\/\/orthomedix.eu\/boutique\/categorie-produit\/sport-et-nutrition\/\"><img loading=\"lazy\" decoding=\"async\" src=\"https:\/\/i0.wp.com\/orthomedix.eu\/boutique\/wp-content\/uploads\/Sport-Nutrition.png?resize=300%2C457&#038;ssl=1\" alt=\"Sport &amp; Nutrition\" width=\"300\" height=\"457\" srcset=\"https:\/\/i0.wp.com\/orthomedix.eu\/boutique\/wp-content\/uploads\/Sport-Nutrition.png?w=460&amp;ssl=1 460w, https:\/\/i0.wp.com\/orthomedix.eu\/boutique\/wp-content\/uploads\/Sport-Nutrition.png?resize=197%2C300&amp;ssl=1 197w, https:\/\/i0.wp.com\/orthomedix.eu\/boutique\/wp-content\/uploads\/Sport-Nutrition.png?resize=300%2C457&amp;ssl=1 300w, https:\/\/i0.wp.com\/orthomedix.eu\/boutique\/wp-content\/uploads\/Sport-Nutrition.png?resize=64%2C97&amp;ssl=1 64w\" sizes=\"(max-width: 300px) 100vw, 300px\" \/>\t\t<h2 class=\"woocommerce-loop-category__title\">\n\t\t\tSport &amp; Nutrition <mark class=\"count\">(20)<\/mark>\t\t<\/h2>\n\t\t<\/a><\/li>\n<\/ul>\n<\/div><\/p>\n<p><\/p>","protected":false},"excerpt":{"rendered":"<p>&#8220; LA NOURRITURE DOIT ETRE MEDICAMENT ET \u00a0 \u00a0 \u00a0TON MEDICAMENT DOIT ETRE TA NOURRITURE &#8220; \u00a0 \u00a0 \u00a0HIPPOCRATE les bienfaits de l&#8217;iode par Dr Vincent ReliquetReplay cliquer ici \u00a0 Nouvelle gamme d&#8217;accessoires sportifs NATHAN Nouvelle gamme Bubbles : Des produits moussants s\u00fbrs pour tous les membres de la famille ! Offre Beauty Jar : [&hellip;]<\/p>\n","protected":false},"author":9,"featured_media":0,"parent":0,"menu_order":0,"comment_status":"closed","ping_status":"closed","template":"","meta":{"_themeisle_gutenberg_block_has_review":false,"footnotes":""},"class_list":["post-14598","page","type-page","status-publish","hentry"],"jetpack_sharing_enabled":true,"_links":{"self":[{"href":"https:\/\/orthomedix.eu\/boutique\/wp-json\/wp\/v2\/pages\/14598","targetHints":{"allow":["GET"]}}],"collection":[{"href":"https:\/\/orthomedix.eu\/boutique\/wp-json\/wp\/v2\/pages"}],"about":[{"href":"https:\/\/orthomedix.eu\/boutique\/wp-json\/wp\/v2\/types\/page"}],"author":[{"embeddable":true,"href":"https:\/\/orthomedix.eu\/boutique\/wp-json\/wp\/v2\/users\/9"}],"replies":[{"embeddable":true,"href":"https:\/\/orthomedix.eu\/boutique\/wp-json\/wp\/v2\/comments?post=14598"}],"version-history":[{"count":9,"href":"https:\/\/orthomedix.eu\/boutique\/wp-json\/wp\/v2\/pages\/14598\/revisions"}],"predecessor-version":[{"id":15198,"href":"https:\/\/orthomedix.eu\/boutique\/wp-json\/wp\/v2\/pages\/14598\/revisions\/15198"}],"wp:attachment":[{"href":"https:\/\/orthomedix.eu\/boutique\/wp-json\/wp\/v2\/media?parent=14598"}],"curies":[{"name":"wp","href":"https:\/\/api.w.org\/{rel}","templated":true}]}}