{"id":15190,"date":"2025-02-19T22:36:31","date_gmt":"2025-02-19T21:36:31","guid":{"rendered":"https:\/\/orthomedix.eu\/boutique\/?page_id=15190"},"modified":"2025-02-19T22:37:15","modified_gmt":"2025-02-19T21:37:15","slug":"conference-du-dr-schwartz-sur-les-bienfaits-du-bleu-de-methylene","status":"publish","type":"page","link":"https:\/\/orthomedix.eu\/boutique\/conference-du-dr-schwartz-sur-les-bienfaits-du-bleu-de-methylene\/","title":{"rendered":"Conf\u00e9rence du Dr Schwartz sur les bienfaits du bleu de m\u00e9thyl\u00e8ne"},"content":{"rendered":"\t\t<div data-elementor-type=\"wp-page\" data-elementor-id=\"15190\" class=\"elementor elementor-15190\">\n\t\t\t\t\t\t<section class=\"elementor-section elementor-top-section elementor-element elementor-element-ce50b49 elementor-section-boxed elementor-section-height-default elementor-section-height-default\" data-id=\"ce50b49\" data-element_type=\"section\" data-e-type=\"section\">\n\t\t\t\t\t\t<div class=\"elementor-container elementor-column-gap-default\">\n\t\t\t\t\t<div class=\"elementor-column elementor-col-100 elementor-top-column elementor-element elementor-element-301b81c\" data-id=\"301b81c\" data-element_type=\"column\" data-e-type=\"column\">\n\t\t\t<div class=\"elementor-widget-wrap elementor-element-populated\">\n\t\t\t\t\t\t<div class=\"elementor-element elementor-element-267a84f elementor-widget elementor-widget-video\" data-id=\"267a84f\" data-element_type=\"widget\" data-e-type=\"widget\" data-settings=\"{&quot;youtube_url&quot;:&quot;https:\\\/\\\/www.youtube.com\\\/watch?v=jlbyDyXg58Q&quot;,&quot;video_type&quot;:&quot;youtube&quot;,&quot;controls&quot;:&quot;yes&quot;}\" data-widget_type=\"video.default\">\n\t\t\t\t<div class=\"elementor-widget-container\">\n\t\t\t\t\t\t\t<div class=\"elementor-wrapper elementor-open-inline\">\n\t\t\t<div class=\"elementor-video\"><\/div>\t\t<\/div>\n\t\t\t\t\t\t<\/div>\n\t\t\t\t<\/div>\n\t\t\t\t\t<\/div>\n\t\t<\/div>\n\t\t\t\t\t<\/div>\n\t\t<\/section>\n\t\t\t\t<\/div>\n\t\t","protected":false},"excerpt":{"rendered":"","protected":false},"author":9,"featured_media":0,"parent":0,"menu_order":0,"comment_status":"closed","ping_status":"closed","template":"","meta":{"_themeisle_gutenberg_block_has_review":false,"footnotes":""},"class_list":["post-15190","page","type-page","status-publish","hentry"],"jetpack_sharing_enabled":true,"_links":{"self":[{"href":"https:\/\/orthomedix.eu\/boutique\/wp-json\/wp\/v2\/pages\/15190","targetHints":{"allow":["GET"]}}],"collection":[{"href":"https:\/\/orthomedix.eu\/boutique\/wp-json\/wp\/v2\/pages"}],"about":[{"href":"https:\/\/orthomedix.eu\/boutique\/wp-json\/wp\/v2\/types\/page"}],"author":[{"embeddable":true,"href":"https:\/\/orthomedix.eu\/boutique\/wp-json\/wp\/v2\/users\/9"}],"replies":[{"embeddable":true,"href":"https:\/\/orthomedix.eu\/boutique\/wp-json\/wp\/v2\/comments?post=15190"}],"version-history":[{"count":4,"href":"https:\/\/orthomedix.eu\/boutique\/wp-json\/wp\/v2\/pages\/15190\/revisions"}],"predecessor-version":[{"id":15194,"href":"https:\/\/orthomedix.eu\/boutique\/wp-json\/wp\/v2\/pages\/15190\/revisions\/15194"}],"wp:attachment":[{"href":"https:\/\/orthomedix.eu\/boutique\/wp-json\/wp\/v2\/media?parent=15190"}],"curies":[{"name":"wp","href":"https:\/\/api.w.org\/{rel}","templated":true}]}}