{"id":1029,"date":"2021-09-22T18:32:26","date_gmt":"2021-09-22T16:32:26","guid":{"rendered":"http:\/\/orthomedix.eu\/boutique\/?post_type=product&#038;p=1029"},"modified":"2021-09-24T19:26:15","modified_gmt":"2021-09-24T17:26:15","slug":"hyperoil-gel-30ml","status":"publish","type":"product","link":"https:\/\/orthomedix.eu\/boutique\/produit\/hyperoil-gel-30ml\/","title":{"rendered":"HYPEROIL GEL 30ML"},"content":{"rendered":"<p><strong>Hyperoil Gel 30ml<\/strong><br \/>\nL&#8217;Hyperoil est un gel apaisant, antiseptique et anti \u0153d\u00e9mateux d\u2019origine v\u00e9g\u00e9tale . Il contient du margousier et du millepertuis perfor\u00e9.<\/p>\n<p>L&#8217;Hyperoil a des propri\u00e9t\u00e9s anti inflammatoires , r\u00e9g\u00e9n\u00e9ratives , cicatrisantes et antiseptique (Herpes, Eczema, Plaies, Brulures, Acn\u00e9&#8230;)<\/p>\n","protected":false},"excerpt":{"rendered":"<p>L&#8217;Hyperoil est un gel qui permet de traiter n&#8217;importe quelles l\u00e9sions externes de la peau. Il contient des actifs r\u00e9g\u00e9n\u00e9rants , cicatrisants et antiseptiques .<\/p>\n","protected":false},"featured_media":1030,"comment_status":"open","ping_status":"closed","template":"","meta":{"_themeisle_gutenberg_block_has_review":false,"wds_primary_product_brand":0,"wds_primary_product_cat":0},"product_brand":[],"product_cat":[48],"product_tag":[64,63,65],"class_list":{"0":"post-1029","1":"product","2":"type-product","3":"status-publish","4":"has-post-thumbnail","6":"product_cat-soins-naturels","7":"product_tag-soin-anti-inflammatoire","8":"product_tag-soin-antiseptique","9":"product_tag-soin-cicatrisant","11":"first","12":"instock","13":"shipping-taxable","14":"purchasable","15":"product-type-simple"},"jetpack_sharing_enabled":true,"_links":{"self":[{"href":"https:\/\/orthomedix.eu\/boutique\/wp-json\/wp\/v2\/product\/1029","targetHints":{"allow":["GET"]}}],"collection":[{"href":"https:\/\/orthomedix.eu\/boutique\/wp-json\/wp\/v2\/product"}],"about":[{"href":"https:\/\/orthomedix.eu\/boutique\/wp-json\/wp\/v2\/types\/product"}],"replies":[{"embeddable":true,"href":"https:\/\/orthomedix.eu\/boutique\/wp-json\/wp\/v2\/comments?post=1029"}],"wp:featuredmedia":[{"embeddable":true,"href":"https:\/\/orthomedix.eu\/boutique\/wp-json\/wp\/v2\/media\/1030"}],"wp:attachment":[{"href":"https:\/\/orthomedix.eu\/boutique\/wp-json\/wp\/v2\/media?parent=1029"}],"wp:term":[{"taxonomy":"product_brand","embeddable":true,"href":"https:\/\/orthomedix.eu\/boutique\/wp-json\/wp\/v2\/product_brand?post=1029"},{"taxonomy":"product_cat","embeddable":true,"href":"https:\/\/orthomedix.eu\/boutique\/wp-json\/wp\/v2\/product_cat?post=1029"},{"taxonomy":"product_tag","embeddable":true,"href":"https:\/\/orthomedix.eu\/boutique\/wp-json\/wp\/v2\/product_tag?post=1029"}],"curies":[{"name":"wp","href":"https:\/\/api.w.org\/{rel}","templated":true}]}}