{"id":1032,"date":"2021-09-22T18:46:38","date_gmt":"2021-09-22T16:46:38","guid":{"rendered":"http:\/\/orthomedix.eu\/boutique\/?post_type=product&#038;p=1032"},"modified":"2021-10-01T12:56:27","modified_gmt":"2021-10-01T10:56:27","slug":"hypermix-huile-boite-5x5-ml","status":"publish","type":"product","link":"https:\/\/orthomedix.eu\/boutique\/produit\/hypermix-huile-boite-5x5-ml\/","title":{"rendered":"HYPERMIX FLACON DE 5X5 ML"},"content":{"rendered":"<p><strong>L&#8217;huile d&#8217;Hypermix (Flacon en verre de 5&#215;5 ml)<\/strong><br \/>\nL&#8217;huile d&#8217;Hypermix s&#8217;applique sur tous de tissus affect\u00e9s y compris les membranes muqueuses : bouche, gencives, anus, etc. Elle est \u00e9galement adapt\u00e9e au canal oculaire. L\u2019effet lutte contre les dipt\u00e8res et les insectes et permet de traiter les blessures m\u00eame en saison chaude et dans de mauvaises conditions sanitaires.<\/p>\n","protected":false},"excerpt":{"rendered":"<p><strong>Uniquement pour les animaux :<\/strong> L&#8217;huile Hypermix est utilis\u00e9e pour les l\u00e9sions externes de toute nature.<\/p>\n","protected":false},"featured_media":1034,"comment_status":"open","ping_status":"closed","template":"","meta":{"_themeisle_gutenberg_block_has_review":false,"wds_primary_product_brand":0,"wds_primary_product_cat":0},"product_brand":[],"product_cat":[48],"product_tag":[61,60],"class_list":{"0":"post-1032","1":"product","2":"type-product","3":"status-publish","4":"has-post-thumbnail","6":"product_cat-soins-naturels","7":"product_tag-lesions-externes","8":"product_tag-traitement-pour-animaux","10":"first","11":"instock","12":"shipping-taxable","13":"purchasable","14":"product-type-simple"},"jetpack_sharing_enabled":true,"_links":{"self":[{"href":"https:\/\/orthomedix.eu\/boutique\/wp-json\/wp\/v2\/product\/1032","targetHints":{"allow":["GET"]}}],"collection":[{"href":"https:\/\/orthomedix.eu\/boutique\/wp-json\/wp\/v2\/product"}],"about":[{"href":"https:\/\/orthomedix.eu\/boutique\/wp-json\/wp\/v2\/types\/product"}],"replies":[{"embeddable":true,"href":"https:\/\/orthomedix.eu\/boutique\/wp-json\/wp\/v2\/comments?post=1032"}],"wp:featuredmedia":[{"embeddable":true,"href":"https:\/\/orthomedix.eu\/boutique\/wp-json\/wp\/v2\/media\/1034"}],"wp:attachment":[{"href":"https:\/\/orthomedix.eu\/boutique\/wp-json\/wp\/v2\/media?parent=1032"}],"wp:term":[{"taxonomy":"product_brand","embeddable":true,"href":"https:\/\/orthomedix.eu\/boutique\/wp-json\/wp\/v2\/product_brand?post=1032"},{"taxonomy":"product_cat","embeddable":true,"href":"https:\/\/orthomedix.eu\/boutique\/wp-json\/wp\/v2\/product_cat?post=1032"},{"taxonomy":"product_tag","embeddable":true,"href":"https:\/\/orthomedix.eu\/boutique\/wp-json\/wp\/v2\/product_tag?post=1032"}],"curies":[{"name":"wp","href":"https:\/\/api.w.org\/{rel}","templated":true}]}}