{"id":12134,"date":"2023-02-10T09:29:50","date_gmt":"2023-02-10T08:29:50","guid":{"rendered":"https:\/\/orthomedix.eu\/boutique\/?post_type=product&#038;p=12134"},"modified":"2025-09-30T12:09:23","modified_gmt":"2025-09-30T10:09:23","slug":"kit-mms-voyage-30ml","status":"publish","type":"product","link":"https:\/\/orthomedix.eu\/boutique\/produit\/kit-mms-voyage-30ml\/","title":{"rendered":"KIT MMS VOYAGE 30ml"},"content":{"rendered":"<h1 class=\"yiv9603640613MsoNormal\">KIT MMS VOYAGE 30ml<\/h1>\n<p class=\"yiv9603640613MsoNormal\">MMS Life Solution DUO d\u00e9sinfectant pour eau potable<\/p>\n<p class=\"yiv9603640613MsoNormal\">Kit de voyage compos\u00e9 d&#8217;un flacon PE de 30 ml de chlorite de sodium (25%) et d&#8217;un flacon PE de 30 ml d&#8217;acide chlorhydrique (4%).<\/p>\n<p class=\"yiv9603640613MsoNormal\">Ce produit est la solution classique \u00e0 2 composants pour la pr\u00e9paration d&#8217;une solution de dioxyde de chlore. Le m\u00e9lange 1 \u00e0 1 du chlorite de sodium et de l&#8217;acide permet d&#8217;obtenir en 60 secondes un d\u00e9sinfectant tr\u00e8s efficace de l&#8217;eau potable, le dioxyde de chlore.<\/p>\n<p class=\"yiv9603640613MsoNormal\">DUO est particuli\u00e8rement utile en cas de crise, en camping, en vacances ou en cas d&#8217;urgence \u00e0 la maison. L&#8217;eau contamin\u00e9e par des germes est ainsi trait\u00e9e rapidement et en toute s\u00e9curit\u00e9 et peut \u00eatre rendue potable.<\/p>\n<p class=\"yiv9603640613MsoNormal\">Le petit kit de voyage se glisse dans presque toutes les poches et fournit malgr\u00e9 tout 2x 600 gouttes, ce qui permet de d\u00e9sinfecter environ 600 litres d&#8217;eau.<\/p>\n<p class=\"yiv9603640613MsoNormal\">Les avantages de Life Solution DUO<\/p>\n<p class=\"yiv9603640613MsoNormal\">tr\u00e8s efficace contre les bact\u00e9ries, les virus, les champignons, les l\u00e9gionelles et les acariens<\/p>\n<p class=\"yiv9603640613MsoNormal\">Activation rapide et de haute qualit\u00e9 en 60 secondes<\/p>\n<p class=\"yiv9603640613MsoNormal\">rapport de m\u00e9lange simple de 1 \u00e0 1<\/p>\n<p class=\"yiv9603640613MsoNormal\">tr\u00e8s longue dur\u00e9e de conservation (2 ans)<\/p>\n<p class=\"yiv9603640613MsoNormal\">activation avec de l&#8217;acide chlorhydrique doux (pas de substance dangereuse)<\/p>\n<p class=\"yiv9603640613MsoNormal\">convient bien pour \u00eatre emport\u00e9 en voyage<\/p>\n<p>Lire attentivement la notice d&#8217;emballage.<\/p>\n<p>\u00ab Orthomedix d\u00e9cline toute responsabilit\u00e9 en cas de mauvaise utilisation des produits command\u00e9s \u00bb<\/p>\n","protected":false},"excerpt":{"rendered":"<p>KIT MMS VOYAGE 30ml MMS Life Solution DUO d\u00e9sinfectant pour eau potable Kit de voyage compos\u00e9 d&#8217;un flacon PE de 30 ml de chlorite de sodium (25%) et d&#8217;un flacon PE de 30 ml d&#8217;acide chlorhydrique (4%). Ce produit est la solution classique \u00e0 2 composants pour la pr\u00e9paration d&#8217;une solution de dioxyde de chlore. [&hellip;]<\/p>\n","protected":false},"featured_media":12135,"comment_status":"open","ping_status":"closed","template":"","meta":{"_themeisle_gutenberg_block_has_review":false,"wds_primary_product_brand":0,"wds_primary_product_cat":0},"product_brand":[],"product_cat":[46,45],"product_tag":[72],"class_list":{"0":"post-12134","1":"product","2":"type-product","3":"status-publish","4":"has-post-thumbnail","6":"product_cat-kits","7":"product_cat-purification","8":"product_tag-purification-de-leau","10":"first","11":"outofstock","12":"shipping-taxable","13":"purchasable","14":"product-type-simple"},"jetpack_sharing_enabled":true,"_links":{"self":[{"href":"https:\/\/orthomedix.eu\/boutique\/wp-json\/wp\/v2\/product\/12134","targetHints":{"allow":["GET"]}}],"collection":[{"href":"https:\/\/orthomedix.eu\/boutique\/wp-json\/wp\/v2\/product"}],"about":[{"href":"https:\/\/orthomedix.eu\/boutique\/wp-json\/wp\/v2\/types\/product"}],"replies":[{"embeddable":true,"href":"https:\/\/orthomedix.eu\/boutique\/wp-json\/wp\/v2\/comments?post=12134"}],"wp:featuredmedia":[{"embeddable":true,"href":"https:\/\/orthomedix.eu\/boutique\/wp-json\/wp\/v2\/media\/12135"}],"wp:attachment":[{"href":"https:\/\/orthomedix.eu\/boutique\/wp-json\/wp\/v2\/media?parent=12134"}],"wp:term":[{"taxonomy":"product_brand","embeddable":true,"href":"https:\/\/orthomedix.eu\/boutique\/wp-json\/wp\/v2\/product_brand?post=12134"},{"taxonomy":"product_cat","embeddable":true,"href":"https:\/\/orthomedix.eu\/boutique\/wp-json\/wp\/v2\/product_cat?post=12134"},{"taxonomy":"product_tag","embeddable":true,"href":"https:\/\/orthomedix.eu\/boutique\/wp-json\/wp\/v2\/product_tag?post=12134"}],"curies":[{"name":"wp","href":"https:\/\/api.w.org\/{rel}","templated":true}]}}