{"id":12196,"date":"2023-02-22T11:01:57","date_gmt":"2023-02-22T10:01:57","guid":{"rendered":"https:\/\/orthomedix.eu\/boutique\/?post_type=product&#038;p=12196"},"modified":"2023-02-22T17:31:27","modified_gmt":"2023-02-22T16:31:27","slug":"gel-daloe-vera-pur-lanzarote","status":"publish","type":"product","link":"https:\/\/orthomedix.eu\/boutique\/produit\/gel-daloe-vera-pur-lanzarote\/","title":{"rendered":"GEL D&#8217;ALOE VERA PUR  LANZAROTE"},"content":{"rendered":"<p class=\"p1\">Am\u00e9liore consid\u00e9rablement l&#8217;\u00e9tat de la peau. Gr\u00e2ce \u00e0 sa grande puret\u00e9, il permet de profiter pleinement des propri\u00e9t\u00e9s hydratantes, protectrices et r\u00e9g\u00e9n\u00e9rantes de cette plante. Prenez soin de votre peau de la mani\u00e8re la plus naturelle. Effet calmant et rafra\u00eechissant.<\/p>\n<p class=\"p1\">Conservation : Une fois ouvert conserver au r\u00e9frig\u00e9rateur.<\/p>\n<p class=\"p1\">Pr\u00e9cautions\u00a0: Usage topique. Ne pas utiliser sur les yeux et les muqueuses. Ne pas manger. Garder hors de la port\u00e9e des enfants.<\/p>\n","protected":false},"excerpt":{"rendered":"<p class=\"p1\">Gel d\u2019aloe vera lanzarote<\/p>\n<p class=\"p1\">Le gel pur d\u2019aloe vera am\u00e9liore consid\u00e9rablement l&#8217;\u00e9tat de la peau &#8230;<\/p>\n","protected":false},"featured_media":12200,"comment_status":"open","ping_status":"closed","template":"","meta":{"_themeisle_gutenberg_block_has_review":false,"wds_primary_product_brand":0,"wds_primary_product_cat":0},"product_brand":[],"product_cat":[222],"product_tag":[],"class_list":{"0":"post-12196","1":"product","2":"type-product","3":"status-publish","4":"has-post-thumbnail","6":"product_cat-cosmetiques_bio_aloe_vera","7":"pa_contenance-100-ml","8":"pa_contenance-250-ml","10":"first","11":"instock","12":"shipping-taxable","13":"purchasable","14":"product-type-variable"},"jetpack_sharing_enabled":true,"_links":{"self":[{"href":"https:\/\/orthomedix.eu\/boutique\/wp-json\/wp\/v2\/product\/12196","targetHints":{"allow":["GET"]}}],"collection":[{"href":"https:\/\/orthomedix.eu\/boutique\/wp-json\/wp\/v2\/product"}],"about":[{"href":"https:\/\/orthomedix.eu\/boutique\/wp-json\/wp\/v2\/types\/product"}],"replies":[{"embeddable":true,"href":"https:\/\/orthomedix.eu\/boutique\/wp-json\/wp\/v2\/comments?post=12196"}],"wp:featuredmedia":[{"embeddable":true,"href":"https:\/\/orthomedix.eu\/boutique\/wp-json\/wp\/v2\/media\/12200"}],"wp:attachment":[{"href":"https:\/\/orthomedix.eu\/boutique\/wp-json\/wp\/v2\/media?parent=12196"}],"wp:term":[{"taxonomy":"product_brand","embeddable":true,"href":"https:\/\/orthomedix.eu\/boutique\/wp-json\/wp\/v2\/product_brand?post=12196"},{"taxonomy":"product_cat","embeddable":true,"href":"https:\/\/orthomedix.eu\/boutique\/wp-json\/wp\/v2\/product_cat?post=12196"},{"taxonomy":"product_tag","embeddable":true,"href":"https:\/\/orthomedix.eu\/boutique\/wp-json\/wp\/v2\/product_tag?post=12196"}],"curies":[{"name":"wp","href":"https:\/\/api.w.org\/{rel}","templated":true}]}}