{"id":12216,"date":"2023-02-22T13:22:13","date_gmt":"2023-02-22T12:22:13","guid":{"rendered":"https:\/\/orthomedix.eu\/boutique\/?post_type=product&#038;p=12216"},"modified":"2023-02-22T13:23:01","modified_gmt":"2023-02-22T12:23:01","slug":"gel-dermique-250-ml-lanzarote","status":"publish","type":"product","link":"https:\/\/orthomedix.eu\/boutique\/produit\/gel-dermique-250-ml-lanzarote\/","title":{"rendered":"GEL DERMIQUE 250 ML LANZAROTE"},"content":{"rendered":"<p class=\"p1\"><strong>Description<\/strong><\/p>\n<p class=\"p2\">Pour le soin et la protection de la peau. Hydrate la peau en la laissant lisse et douce. Apr\u00e8s le soleil, procure une sensation imm\u00e9diate de fra\u00eecheur et de bien-\u00eatre. Id\u00e9al apr\u00e8s \u00e9pilation et Apr\u00e8s rasage.<\/p>\n<p class=\"p3\"><strong>MODE D&#8217;EMPLOI :<\/strong> Il peut \u00eatre appliqu\u00e9 autant de fois que n\u00e9cessaire.<\/p>\n<p class=\"p3\"><strong>AVERTISSEMENTS :<\/strong> Ne pas appliquer sur les yeux et les muqueuses. Ne pas manger. Garder hors de la port\u00e9e des enfants<\/p>\n","protected":false},"excerpt":{"rendered":"<p class=\"p1\">GEL DERMIQUE D\u2019ALOE VERA<\/p>\n<p class=\"p2\">Lanzarote \u2013 OrthoMedix gel dermique d\u2019aloe vera indiqu\u00e9 pour le soin complet de la peau, apr\u00e8s soleil, apr\u00e8s \u00e9pilation et rasage<\/p>\n","protected":false},"featured_media":12217,"comment_status":"open","ping_status":"closed","template":"","meta":{"_themeisle_gutenberg_block_has_review":false,"wds_primary_product_brand":0,"wds_primary_product_cat":0},"product_brand":[],"product_cat":[222],"product_tag":[],"class_list":{"0":"post-12216","1":"product","2":"type-product","3":"status-publish","4":"has-post-thumbnail","6":"product_cat-cosmetiques_bio_aloe_vera","8":"first","9":"instock","10":"shipping-taxable","11":"purchasable","12":"product-type-simple"},"jetpack_sharing_enabled":true,"_links":{"self":[{"href":"https:\/\/orthomedix.eu\/boutique\/wp-json\/wp\/v2\/product\/12216","targetHints":{"allow":["GET"]}}],"collection":[{"href":"https:\/\/orthomedix.eu\/boutique\/wp-json\/wp\/v2\/product"}],"about":[{"href":"https:\/\/orthomedix.eu\/boutique\/wp-json\/wp\/v2\/types\/product"}],"replies":[{"embeddable":true,"href":"https:\/\/orthomedix.eu\/boutique\/wp-json\/wp\/v2\/comments?post=12216"}],"wp:featuredmedia":[{"embeddable":true,"href":"https:\/\/orthomedix.eu\/boutique\/wp-json\/wp\/v2\/media\/12217"}],"wp:attachment":[{"href":"https:\/\/orthomedix.eu\/boutique\/wp-json\/wp\/v2\/media?parent=12216"}],"wp:term":[{"taxonomy":"product_brand","embeddable":true,"href":"https:\/\/orthomedix.eu\/boutique\/wp-json\/wp\/v2\/product_brand?post=12216"},{"taxonomy":"product_cat","embeddable":true,"href":"https:\/\/orthomedix.eu\/boutique\/wp-json\/wp\/v2\/product_cat?post=12216"},{"taxonomy":"product_tag","embeddable":true,"href":"https:\/\/orthomedix.eu\/boutique\/wp-json\/wp\/v2\/product_tag?post=12216"}],"curies":[{"name":"wp","href":"https:\/\/api.w.org\/{rel}","templated":true}]}}