{"id":12218,"date":"2023-02-22T13:33:32","date_gmt":"2023-02-22T12:33:32","guid":{"rendered":"https:\/\/orthomedix.eu\/boutique\/?post_type=product&#038;p=12218"},"modified":"2025-05-30T17:17:45","modified_gmt":"2025-05-30T15:17:45","slug":"creme-visage-aloe-vera-et-huile-de-rose-musquee-100ml-lanzarote","status":"publish","type":"product","link":"https:\/\/orthomedix.eu\/boutique\/produit\/creme-visage-aloe-vera-et-huile-de-rose-musquee-100ml-lanzarote\/","title":{"rendered":"CR\u00c8ME VISAGE ALOE VERA ET HUILE DE ROSE MUSQU\u00c9E 100ML LANZAROTE"},"content":{"rendered":"<p class=\"p1\"><strong>Description<\/strong><\/p>\n<p class=\"p2\">Cr\u00e8me \u00e0 l&#8217;Aloe Vera et \u00e0 la Rose Musqu\u00e9e, nourrissante et r\u00e9paratrice avec filtre solaire, indiqu\u00e9e pour les peaux s\u00e8ches et sensibles. Contribue \u00e0 la r\u00e9paration et \u00e0 la nutrition de la peau, pr\u00e9venir et contrer le vieillissement de la peau, en lui redonnant toute son \u00e9lasticit\u00e9 sachant que c\u2019est durant la journ\u00e9e que la peau souffre le plus des effets ind\u00e9sirables dus au froid, au vent ou \u00e0 la pollution.<span class=\"Apple-converted-space\">\u00a0<\/span><\/p>\n<p class=\"p3\"><strong>Mode d&#8217;emploi :<\/strong> Appliquer tous les matins sur le visage et le d\u00e9collet\u00e9. Cette cr\u00e8me est une base id\u00e9ale pour le maquillage.<br \/>\n<strong>Contient\u00a0:<\/strong> filtre solaire, Aloe Vera, vitamine E, huile de rose musqu\u00e9e<\/p>\n","protected":false},"excerpt":{"rendered":"<p class=\"p1\">Cr\u00e8me \u00e0 base d\u2019aloe vera et huile de rose musqu\u00e9e 100 ml Lanzarote \u2013 OrthoMedix<span class=\"Apple-converted-space\">\u00a0 <\/span>Contribue \u00e0 la r\u00e9paration et \u00e0 la nutrition de la peau, pr\u00e9venir et contrer le vieillissement de la peau, en lui redonnant toute son \u00e9lasticit\u00e9, &#8230;<\/p>\n","protected":false},"featured_media":15414,"comment_status":"open","ping_status":"closed","template":"","meta":{"_themeisle_gutenberg_block_has_review":false,"wds_primary_product_brand":0,"wds_primary_product_cat":0},"product_brand":[],"product_cat":[222],"product_tag":[],"class_list":{"0":"post-12218","1":"product","2":"type-product","3":"status-publish","4":"has-post-thumbnail","6":"product_cat-cosmetiques_bio_aloe_vera","8":"first","9":"instock","10":"shipping-taxable","11":"purchasable","12":"product-type-simple"},"jetpack_sharing_enabled":true,"_links":{"self":[{"href":"https:\/\/orthomedix.eu\/boutique\/wp-json\/wp\/v2\/product\/12218","targetHints":{"allow":["GET"]}}],"collection":[{"href":"https:\/\/orthomedix.eu\/boutique\/wp-json\/wp\/v2\/product"}],"about":[{"href":"https:\/\/orthomedix.eu\/boutique\/wp-json\/wp\/v2\/types\/product"}],"replies":[{"embeddable":true,"href":"https:\/\/orthomedix.eu\/boutique\/wp-json\/wp\/v2\/comments?post=12218"}],"wp:featuredmedia":[{"embeddable":true,"href":"https:\/\/orthomedix.eu\/boutique\/wp-json\/wp\/v2\/media\/15414"}],"wp:attachment":[{"href":"https:\/\/orthomedix.eu\/boutique\/wp-json\/wp\/v2\/media?parent=12218"}],"wp:term":[{"taxonomy":"product_brand","embeddable":true,"href":"https:\/\/orthomedix.eu\/boutique\/wp-json\/wp\/v2\/product_brand?post=12218"},{"taxonomy":"product_cat","embeddable":true,"href":"https:\/\/orthomedix.eu\/boutique\/wp-json\/wp\/v2\/product_cat?post=12218"},{"taxonomy":"product_tag","embeddable":true,"href":"https:\/\/orthomedix.eu\/boutique\/wp-json\/wp\/v2\/product_tag?post=12218"}],"curies":[{"name":"wp","href":"https:\/\/api.w.org\/{rel}","templated":true}]}}