{"id":12227,"date":"2023-02-23T10:20:55","date_gmt":"2023-02-23T09:20:55","guid":{"rendered":"https:\/\/orthomedix.eu\/boutique\/?post_type=product&#038;p=12227"},"modified":"2023-03-01T17:12:08","modified_gmt":"2023-03-01T16:12:08","slug":"serum-dargan-a-laloe-vera-et-acide-hyaluronique-lanzarote","status":"publish","type":"product","link":"https:\/\/orthomedix.eu\/boutique\/produit\/serum-dargan-a-laloe-vera-et-acide-hyaluronique-lanzarote\/","title":{"rendered":"S\u00e9rum d\u2019Argan \u00e0 l\u2019Alo\u00e9 Vera et acide hyaluronique LANZAROTE"},"content":{"rendered":"<p class=\"p1\"><strong>Description<\/strong><\/p>\n<p class=\"p2\">Traitement \u00e0 effet tenseur qui hydrate intens\u00e9ment, am\u00e9liore le tonus et aspect de la peau. Stimule les niveaux naturels de collag\u00e8ne et d&#8217;\u00e9lastine, r\u00e9tablissant la fermet\u00e9<br \/>\ndu visage en plus de r\u00e9duire les rides.<\/p>\n<p class=\"p3\"><strong>Mode d&#8217;emploi :<\/strong> Appliquer matin et soir, apr\u00e8s le nettoyage et avant le soin du visage. \u00c9tendre quelques gouttes uniform\u00e9ment sur le visage, le cou et le d\u00e9collet\u00e9. Absorption rapide qui ne laisse pas de sensation de graisse sur la peau.<\/p>\n<p class=\"p3\"><strong>Contient :<\/strong> Aloe Vera, acide hyaluronique, huile d\u2019argan, prot\u00e9ine de bl\u00e9 hydrolys\u00e9e, film mol\u00e9culaire<\/p>\n","protected":false},"excerpt":{"rendered":"<p class=\"p1\">S\u00e9rum d\u2019Argan Aloe Vera Acide Hyaluronique Lanzarote \u2013 OrthoMedix<span class=\"Apple-converted-space\">\u00a0 <\/span>traitement \u00e0 effet tenseur, stimule les niveaux de collag\u00e8ne et \u00e9lastine, &#8230;<\/p>\n","protected":false},"featured_media":12228,"comment_status":"open","ping_status":"closed","template":"","meta":{"_themeisle_gutenberg_block_has_review":false,"wds_primary_product_brand":0,"wds_primary_product_cat":0},"product_brand":[],"product_cat":[222],"product_tag":[],"class_list":{"0":"post-12227","1":"product","2":"type-product","3":"status-publish","4":"has-post-thumbnail","6":"product_cat-cosmetiques_bio_aloe_vera","8":"first","9":"instock","10":"shipping-taxable","11":"purchasable","12":"product-type-simple"},"jetpack_sharing_enabled":true,"_links":{"self":[{"href":"https:\/\/orthomedix.eu\/boutique\/wp-json\/wp\/v2\/product\/12227","targetHints":{"allow":["GET"]}}],"collection":[{"href":"https:\/\/orthomedix.eu\/boutique\/wp-json\/wp\/v2\/product"}],"about":[{"href":"https:\/\/orthomedix.eu\/boutique\/wp-json\/wp\/v2\/types\/product"}],"replies":[{"embeddable":true,"href":"https:\/\/orthomedix.eu\/boutique\/wp-json\/wp\/v2\/comments?post=12227"}],"wp:featuredmedia":[{"embeddable":true,"href":"https:\/\/orthomedix.eu\/boutique\/wp-json\/wp\/v2\/media\/12228"}],"wp:attachment":[{"href":"https:\/\/orthomedix.eu\/boutique\/wp-json\/wp\/v2\/media?parent=12227"}],"wp:term":[{"taxonomy":"product_brand","embeddable":true,"href":"https:\/\/orthomedix.eu\/boutique\/wp-json\/wp\/v2\/product_brand?post=12227"},{"taxonomy":"product_cat","embeddable":true,"href":"https:\/\/orthomedix.eu\/boutique\/wp-json\/wp\/v2\/product_cat?post=12227"},{"taxonomy":"product_tag","embeddable":true,"href":"https:\/\/orthomedix.eu\/boutique\/wp-json\/wp\/v2\/product_tag?post=12227"}],"curies":[{"name":"wp","href":"https:\/\/api.w.org\/{rel}","templated":true}]}}