{"id":12229,"date":"2023-02-23T10:24:18","date_gmt":"2023-02-23T09:24:18","guid":{"rendered":"https:\/\/orthomedix.eu\/boutique\/?post_type=product&#038;p=12229"},"modified":"2023-03-01T17:15:40","modified_gmt":"2023-03-01T16:15:40","slug":"body-milk-250-ml-lanzarote","status":"publish","type":"product","link":"https:\/\/orthomedix.eu\/boutique\/produit\/body-milk-250-ml-lanzarote\/","title":{"rendered":"Body milk\u00a0250 ml LANZAROTE"},"content":{"rendered":"<p class=\"p1\"><strong>Description<\/strong><\/p>\n<p class=\"p2\"><strong>LAIT CORPOREL 250ML :<\/strong><br \/>\nPour le soin et la protection de la peau. Restaure la couche hydrolipidique de la peau. action hydratante, adoucissante, apaisante et \u00e9molliente gr\u00e2ce \u00e0 sa teneur en aloe vera, miel, opuntia, poire, fruit de la passion et ur\u00e9e.<br \/>\nMode d&#8217;emploi : Appliquer sur le corps en massant doucement.<\/p>\n<p class=\"p3\"><strong>Mode d&#8217;emploi :<\/strong> Apr\u00e8s le bain, \u00e9taler sur la peau jusqu\u2019\u00e0 compl\u00e8te absorption. Recommand\u00e9e apr\u00e8s une exposition au soleil car elle apporte une hydratation en profondeur.<span class=\"Apple-converted-space\"> <\/span><\/p>\n<p class=\"p3\"><strong>Contient :<\/strong> Aloe Vera, huile d\u2019amandes douces, lanoline, glyc\u00e9rine, poliplant marino, sels min\u00e9raux, argile<\/p>\n","protected":false},"excerpt":{"rendered":"<p class=\"p1\">Restaure la couche hydrolipidique de la peau. action hydratante, adoucissante, apaisante et \u00e9molliente gr\u00e2ce \u00e0 sa teneur en aloe vera, miel, opuntia, poire, fruit de la passion et ur\u00e9e.<\/p>\n","protected":false},"featured_media":12230,"comment_status":"open","ping_status":"closed","template":"","meta":{"_themeisle_gutenberg_block_has_review":false,"wds_primary_product_brand":0,"wds_primary_product_cat":0},"product_brand":[],"product_cat":[222],"product_tag":[],"class_list":{"0":"post-12229","1":"product","2":"type-product","3":"status-publish","4":"has-post-thumbnail","6":"product_cat-cosmetiques_bio_aloe_vera","8":"first","9":"instock","10":"shipping-taxable","11":"purchasable","12":"product-type-simple"},"jetpack_sharing_enabled":true,"_links":{"self":[{"href":"https:\/\/orthomedix.eu\/boutique\/wp-json\/wp\/v2\/product\/12229","targetHints":{"allow":["GET"]}}],"collection":[{"href":"https:\/\/orthomedix.eu\/boutique\/wp-json\/wp\/v2\/product"}],"about":[{"href":"https:\/\/orthomedix.eu\/boutique\/wp-json\/wp\/v2\/types\/product"}],"replies":[{"embeddable":true,"href":"https:\/\/orthomedix.eu\/boutique\/wp-json\/wp\/v2\/comments?post=12229"}],"wp:featuredmedia":[{"embeddable":true,"href":"https:\/\/orthomedix.eu\/boutique\/wp-json\/wp\/v2\/media\/12230"}],"wp:attachment":[{"href":"https:\/\/orthomedix.eu\/boutique\/wp-json\/wp\/v2\/media?parent=12229"}],"wp:term":[{"taxonomy":"product_brand","embeddable":true,"href":"https:\/\/orthomedix.eu\/boutique\/wp-json\/wp\/v2\/product_brand?post=12229"},{"taxonomy":"product_cat","embeddable":true,"href":"https:\/\/orthomedix.eu\/boutique\/wp-json\/wp\/v2\/product_cat?post=12229"},{"taxonomy":"product_tag","embeddable":true,"href":"https:\/\/orthomedix.eu\/boutique\/wp-json\/wp\/v2\/product_tag?post=12229"}],"curies":[{"name":"wp","href":"https:\/\/api.w.org\/{rel}","templated":true}]}}