{"id":12234,"date":"2023-02-23T10:37:09","date_gmt":"2023-02-23T09:37:09","guid":{"rendered":"https:\/\/orthomedix.eu\/boutique\/?post_type=product&#038;p=12234"},"modified":"2023-02-23T10:37:09","modified_gmt":"2023-02-23T09:37:09","slug":"creme-corporelle-daloe-vera-sels-et-argile-250-ml-lanzarote","status":"publish","type":"product","link":"https:\/\/orthomedix.eu\/boutique\/produit\/creme-corporelle-daloe-vera-sels-et-argile-250-ml-lanzarote\/","title":{"rendered":"CREME CORPORELLE D\u2019ALOE VERA, SELS ET ARGILE \u00a0250 ml LANZAROTE"},"content":{"rendered":"<p class=\"p1\"><strong>Description<\/strong><\/p>\n<p class=\"p2\">Cr\u00e8me corporelle qui en plus de nourrir et d\u2019hydrater, tonifie et stimule notre peau. Gr\u00e2ce \u00e0 sa haute teneur en aloe vera, elle poss\u00e8de des propri\u00e9t\u00e9s r\u00e9paratrices et calmantes. Restaure la couche hydrolipidique de la peau, action hydratante, adoucissante, apaisante et \u00e9molliente gr\u00e2ce \u00e0 sa teneur en aloe vera.<\/p>\n<p class=\"p3\"><strong>Mode d&#8217;emploi :<\/strong> \u00c9taler sur la peau en appliquant un l\u00e9ger massage jusqu&#8217;\u00e0 absorption compl\u00e8te.<\/p>\n<p class=\"p3\"><strong>Contient :<\/strong> Aloe Vera, huile d\u2019amandes douces, lanoline, glyc\u00e9rine, poliplant marino, sels min\u00e9raux, argile<\/p>\n","protected":false},"excerpt":{"rendered":"<p class=\"p1\">S\u00e9rum d\u2019Argan Aloe Vera Acide Hyaluronique Lanzarote \u2013 OrthoMedix<span class=\"Apple-converted-space\">\u00a0 <\/span>fortifie la barri\u00e8re naturelle de la peau, nourrit, hydrate, apaise,<span class=\"Apple-converted-space\">\u00a0 <\/span>&#8230;<\/p>\n","protected":false},"featured_media":12235,"comment_status":"open","ping_status":"closed","template":"","meta":{"_themeisle_gutenberg_block_has_review":false,"wds_primary_product_brand":0,"wds_primary_product_cat":0},"product_brand":[],"product_cat":[222],"product_tag":[],"class_list":{"0":"post-12234","1":"product","2":"type-product","3":"status-publish","4":"has-post-thumbnail","6":"product_cat-cosmetiques_bio_aloe_vera","8":"first","9":"instock","10":"shipping-taxable","11":"purchasable","12":"product-type-simple"},"jetpack_sharing_enabled":true,"_links":{"self":[{"href":"https:\/\/orthomedix.eu\/boutique\/wp-json\/wp\/v2\/product\/12234","targetHints":{"allow":["GET"]}}],"collection":[{"href":"https:\/\/orthomedix.eu\/boutique\/wp-json\/wp\/v2\/product"}],"about":[{"href":"https:\/\/orthomedix.eu\/boutique\/wp-json\/wp\/v2\/types\/product"}],"replies":[{"embeddable":true,"href":"https:\/\/orthomedix.eu\/boutique\/wp-json\/wp\/v2\/comments?post=12234"}],"wp:featuredmedia":[{"embeddable":true,"href":"https:\/\/orthomedix.eu\/boutique\/wp-json\/wp\/v2\/media\/12235"}],"wp:attachment":[{"href":"https:\/\/orthomedix.eu\/boutique\/wp-json\/wp\/v2\/media?parent=12234"}],"wp:term":[{"taxonomy":"product_brand","embeddable":true,"href":"https:\/\/orthomedix.eu\/boutique\/wp-json\/wp\/v2\/product_brand?post=12234"},{"taxonomy":"product_cat","embeddable":true,"href":"https:\/\/orthomedix.eu\/boutique\/wp-json\/wp\/v2\/product_cat?post=12234"},{"taxonomy":"product_tag","embeddable":true,"href":"https:\/\/orthomedix.eu\/boutique\/wp-json\/wp\/v2\/product_tag?post=12234"}],"curies":[{"name":"wp","href":"https:\/\/api.w.org\/{rel}","templated":true}]}}