{"id":12238,"date":"2023-02-23T10:54:04","date_gmt":"2023-02-23T09:54:04","guid":{"rendered":"https:\/\/orthomedix.eu\/boutique\/?post_type=product&#038;p=12238"},"modified":"2023-02-23T10:54:04","modified_gmt":"2023-02-23T09:54:04","slug":"gel-anti-cellulite-225ml-lanzarote","status":"publish","type":"product","link":"https:\/\/orthomedix.eu\/boutique\/produit\/gel-anti-cellulite-225ml-lanzarote\/","title":{"rendered":"GEL ANTI-CELLULITE 225ML LANZAROTE"},"content":{"rendered":"<p class=\"p1\"><strong>Description<\/strong><\/p>\n<p class=\"p2\">Le gel r\u00e9ducteur anti-cellulite contenant de la caf\u00e9ine et de la carnitine. Le Gel \u00e0<span class=\"Apple-converted-space\">\u00a0 <\/span>l\u2019Aloe Vera am\u00e9liore l\u2019\u00e9lasticit\u00e9 de la peau et son hydratation en r\u00e9duisant l\u2019aspect peau d\u2019orange. Les principes actifs garantissent une p\u00e9n\u00e9tration efficace dans les couches les plus profondes de l\u2019\u00e9piderme. Effet lipolytique \u00a0(agit en \u00e9liminant les accumulations de graisse) Effet v\u00e9inotonique (agit sur les d\u00e9faillances microcirculatoires qui endommagent le tissu graisseux qu\u2019il y a sous la peau.)<span class=\"Apple-converted-space\">\u00a0<\/span><\/p>\n<p class=\"p3\"><strong>Mode d&#8217;emploi :<\/strong> Appliquer en massage sur les zones concern\u00e9es matin et soir<\/p>\n<p class=\"p3\"><strong>Contient\u00a0:<\/strong><span class=\"Apple-converted-space\"><strong>\u00a0<\/strong> <\/span>Aloe Vera, glyc\u00e9rine, liposomes multiv\u00e9siculaires, actifs lipidiques, actifs veinotoniques<\/p>\n","protected":false},"excerpt":{"rendered":"<p class=\"p1\">Huile corporelle \u00e0 l\u2019Aloe Vera Lanzarote \u2013 OrthoMedix<span class=\"Apple-converted-space\">\u00a0 <\/span>Gel \u00e0 l\u2019aloe vera natural qui r\u00e9duit efficacement la cellulite,<span class=\"Apple-converted-space\">\u00a0 <\/span>&#8230;<\/p>\n","protected":false},"featured_media":12239,"comment_status":"open","ping_status":"closed","template":"","meta":{"_themeisle_gutenberg_block_has_review":false,"wds_primary_product_brand":0,"wds_primary_product_cat":0},"product_brand":[],"product_cat":[222],"product_tag":[],"class_list":{"0":"post-12238","1":"product","2":"type-product","3":"status-publish","4":"has-post-thumbnail","6":"product_cat-cosmetiques_bio_aloe_vera","8":"first","9":"instock","10":"shipping-taxable","11":"purchasable","12":"product-type-simple"},"jetpack_sharing_enabled":true,"_links":{"self":[{"href":"https:\/\/orthomedix.eu\/boutique\/wp-json\/wp\/v2\/product\/12238","targetHints":{"allow":["GET"]}}],"collection":[{"href":"https:\/\/orthomedix.eu\/boutique\/wp-json\/wp\/v2\/product"}],"about":[{"href":"https:\/\/orthomedix.eu\/boutique\/wp-json\/wp\/v2\/types\/product"}],"replies":[{"embeddable":true,"href":"https:\/\/orthomedix.eu\/boutique\/wp-json\/wp\/v2\/comments?post=12238"}],"wp:featuredmedia":[{"embeddable":true,"href":"https:\/\/orthomedix.eu\/boutique\/wp-json\/wp\/v2\/media\/12239"}],"wp:attachment":[{"href":"https:\/\/orthomedix.eu\/boutique\/wp-json\/wp\/v2\/media?parent=12238"}],"wp:term":[{"taxonomy":"product_brand","embeddable":true,"href":"https:\/\/orthomedix.eu\/boutique\/wp-json\/wp\/v2\/product_brand?post=12238"},{"taxonomy":"product_cat","embeddable":true,"href":"https:\/\/orthomedix.eu\/boutique\/wp-json\/wp\/v2\/product_cat?post=12238"},{"taxonomy":"product_tag","embeddable":true,"href":"https:\/\/orthomedix.eu\/boutique\/wp-json\/wp\/v2\/product_tag?post=12238"}],"curies":[{"name":"wp","href":"https:\/\/api.w.org\/{rel}","templated":true}]}}