{"id":12240,"date":"2023-02-23T11:05:27","date_gmt":"2023-02-23T10:05:27","guid":{"rendered":"https:\/\/orthomedix.eu\/boutique\/?post_type=product&#038;p=12240"},"modified":"2023-02-23T11:05:27","modified_gmt":"2023-02-23T10:05:27","slug":"creme-solaire-pour-le-corps-aloe-vera-spf-20-250ml-lanzarote","status":"publish","type":"product","link":"https:\/\/orthomedix.eu\/boutique\/produit\/creme-solaire-pour-le-corps-aloe-vera-spf-20-250ml-lanzarote\/","title":{"rendered":"CR\u00c8ME SOLAIRE POUR LE CORPS ALOE VERA SPF 20 \u2013 250ml LANZAROTE"},"content":{"rendered":"<p class=\"p1\"><strong>Description<\/strong><\/p>\n<p class=\"p2\">Lotion solaire de texture agr\u00e9able et absorption rapide. Action hydratante prolong\u00e9e durant l\u2019exposition au soleil, gr\u00e2ce \u00e1 son contenu en aloe vera. Indiqu\u00e9 pour les peaux moyennement sensibles au soleil.<span class=\"Apple-converted-space\">\u00a0<\/span><\/p>\n<p class=\"p3\"><strong>Mode d&#8217;emploi :<\/strong> Appliquer g\u00e9n\u00e9reusement sur tout le corps, une demi-heure avant l\u2019exposition au soleil. Appliquer \u00e1 nouveau en cas d\u2019exposition prolong\u00e9e ou pour augmenter l\u2019effectivit\u00e9 du produit.<\/p>\n<p class=\"p3\"><strong>Contient\u00a0:<span class=\"Apple-converted-space\">\u00a0 <\/span><\/strong>Aloe Vera, huile de carot\u00e8ne, calendula, filtre solaire, vitamine E, glyc\u00e9rine<\/p>\n","protected":false},"excerpt":{"rendered":"<p class=\"p1\">Cr\u00e8me solaire \u00e0 l\u2019Aloe Vera SPF 20 250ml Lanzarote \u2013 OrthoMedix<span class=\"Apple-converted-space\">\u00a0 <\/span>lotion solaire \u00e0 la texture agr\u00e9able et agr\u00e9able, hydratante, huile de carot\u00e8ne et calendula,<span class=\"Apple-converted-space\">\u00a0 <\/span>&#8230;<\/p>\n","protected":false},"featured_media":12241,"comment_status":"open","ping_status":"closed","template":"","meta":{"_themeisle_gutenberg_block_has_review":false,"wds_primary_product_brand":0,"wds_primary_product_cat":0},"product_brand":[],"product_cat":[222],"product_tag":[],"class_list":{"0":"post-12240","1":"product","2":"type-product","3":"status-publish","4":"has-post-thumbnail","6":"product_cat-cosmetiques_bio_aloe_vera","8":"first","9":"instock","10":"shipping-taxable","11":"purchasable","12":"product-type-simple"},"jetpack_sharing_enabled":true,"_links":{"self":[{"href":"https:\/\/orthomedix.eu\/boutique\/wp-json\/wp\/v2\/product\/12240","targetHints":{"allow":["GET"]}}],"collection":[{"href":"https:\/\/orthomedix.eu\/boutique\/wp-json\/wp\/v2\/product"}],"about":[{"href":"https:\/\/orthomedix.eu\/boutique\/wp-json\/wp\/v2\/types\/product"}],"replies":[{"embeddable":true,"href":"https:\/\/orthomedix.eu\/boutique\/wp-json\/wp\/v2\/comments?post=12240"}],"wp:featuredmedia":[{"embeddable":true,"href":"https:\/\/orthomedix.eu\/boutique\/wp-json\/wp\/v2\/media\/12241"}],"wp:attachment":[{"href":"https:\/\/orthomedix.eu\/boutique\/wp-json\/wp\/v2\/media?parent=12240"}],"wp:term":[{"taxonomy":"product_brand","embeddable":true,"href":"https:\/\/orthomedix.eu\/boutique\/wp-json\/wp\/v2\/product_brand?post=12240"},{"taxonomy":"product_cat","embeddable":true,"href":"https:\/\/orthomedix.eu\/boutique\/wp-json\/wp\/v2\/product_cat?post=12240"},{"taxonomy":"product_tag","embeddable":true,"href":"https:\/\/orthomedix.eu\/boutique\/wp-json\/wp\/v2\/product_tag?post=12240"}],"curies":[{"name":"wp","href":"https:\/\/api.w.org\/{rel}","templated":true}]}}