{"id":12247,"date":"2023-02-23T11:27:41","date_gmt":"2023-02-23T10:27:41","guid":{"rendered":"https:\/\/orthomedix.eu\/boutique\/?post_type=product&#038;p=12247"},"modified":"2023-02-23T11:27:41","modified_gmt":"2023-02-23T10:27:41","slug":"creme-visage-pour-homme-a-l-aloe-vera-50-ml-lanzarote","status":"publish","type":"product","link":"https:\/\/orthomedix.eu\/boutique\/produit\/creme-visage-pour-homme-a-l-aloe-vera-50-ml-lanzarote\/","title":{"rendered":"CR\u00c8ME VISAGE POUR HOMME A L ALOE VERA 50 ML LANZAROTE"},"content":{"rendered":"<p class=\"p1\"><strong>Description<\/strong><\/p>\n<p class=\"p2\">Cr\u00e8me hautement hydratante avec \u00e9cran solaire. Maintient l&#8217;\u00e9lasticit\u00e9 et la souplesse et apporte de la fra\u00eecheur \u00e0 la peau. Haute concentration d&#8217;aloe vera, associ\u00e9e \u00e0 un puissant film antioxydant et mol\u00e9culaire, \u00e0 effet calmant, pour tous les types de peau.<\/p>\n<p class=\"p4\"><strong>Mode d&#8217;emploi :<\/strong> Appliquer le matin sur une peau propre jusqu&#8217;\u00e0 absorption compl\u00e8te.<\/p>\n","protected":false},"excerpt":{"rendered":"<p class=\"p1\">Cr\u00e8me visage pour Homme Aloe Vera 100ml Lanzarote \u2013 OrthoMedix<span class=\"Apple-converted-space\">\u00a0 <\/span><\/p>\n<p class=\"p1\">Cr\u00e8me hautement hydratante avec \u00e9cran solaire associ\u00e9 \u00e0 un puissant antioxydant, &#8230;<\/p>\n","protected":false},"featured_media":12248,"comment_status":"open","ping_status":"closed","template":"","meta":{"_themeisle_gutenberg_block_has_review":false,"wds_primary_product_brand":0,"wds_primary_product_cat":0},"product_brand":[],"product_cat":[222],"product_tag":[],"class_list":{"0":"post-12247","1":"product","2":"type-product","3":"status-publish","4":"has-post-thumbnail","6":"product_cat-cosmetiques_bio_aloe_vera","8":"first","9":"instock","10":"shipping-taxable","11":"purchasable","12":"product-type-simple"},"jetpack_sharing_enabled":true,"_links":{"self":[{"href":"https:\/\/orthomedix.eu\/boutique\/wp-json\/wp\/v2\/product\/12247","targetHints":{"allow":["GET"]}}],"collection":[{"href":"https:\/\/orthomedix.eu\/boutique\/wp-json\/wp\/v2\/product"}],"about":[{"href":"https:\/\/orthomedix.eu\/boutique\/wp-json\/wp\/v2\/types\/product"}],"replies":[{"embeddable":true,"href":"https:\/\/orthomedix.eu\/boutique\/wp-json\/wp\/v2\/comments?post=12247"}],"wp:featuredmedia":[{"embeddable":true,"href":"https:\/\/orthomedix.eu\/boutique\/wp-json\/wp\/v2\/media\/12248"}],"wp:attachment":[{"href":"https:\/\/orthomedix.eu\/boutique\/wp-json\/wp\/v2\/media?parent=12247"}],"wp:term":[{"taxonomy":"product_brand","embeddable":true,"href":"https:\/\/orthomedix.eu\/boutique\/wp-json\/wp\/v2\/product_brand?post=12247"},{"taxonomy":"product_cat","embeddable":true,"href":"https:\/\/orthomedix.eu\/boutique\/wp-json\/wp\/v2\/product_cat?post=12247"},{"taxonomy":"product_tag","embeddable":true,"href":"https:\/\/orthomedix.eu\/boutique\/wp-json\/wp\/v2\/product_tag?post=12247"}],"curies":[{"name":"wp","href":"https:\/\/api.w.org\/{rel}","templated":true}]}}