{"id":12249,"date":"2023-02-23T11:31:51","date_gmt":"2023-02-23T10:31:51","guid":{"rendered":"https:\/\/orthomedix.eu\/boutique\/?post_type=product&#038;p=12249"},"modified":"2023-02-23T11:31:51","modified_gmt":"2023-02-23T10:31:51","slug":"creme-visage-anti-rides-pour-homme-50-ml-lanzarote","status":"publish","type":"product","link":"https:\/\/orthomedix.eu\/boutique\/produit\/creme-visage-anti-rides-pour-homme-50-ml-lanzarote\/","title":{"rendered":"CREME VISAGE ANTI-RIDES POUR HOMME 50 ML LANZAROTE"},"content":{"rendered":"<p class=\"p1\"><strong>Description<\/strong><\/p>\n<p class=\"p2\">\u00c9mulsion anti-\u00e2ge qui hydrate gr\u00e2ce \u00e0 ses composants hydratants et anti-rides. Prot\u00e8ge et r\u00e9g\u00e9n\u00e8re la peau. La forte concentration d&#8217;aloe vera, associ\u00e9e \u00e0 une glycoprot\u00e9ine de l&#8217;oc\u00e9an Antarctique et un puissant protecteur cellulaire font de cette cr\u00e8me un alli\u00e9 exceptionnel pour pr\u00e9venir le vieillissement pr\u00e9matur\u00e9 de la peau.<\/p>\n<p class=\"p4\"><strong>Mode d&#8217;emploi :<\/strong> Appliquer le soir sur une peau propre jusqu&#8217;\u00e0 absorption compl\u00e8te.<\/p>\n","protected":false},"excerpt":{"rendered":"<p class=\"p1\">Cr\u00e8me visage anti-rides Homme Aloe Vera 100ml Lanzarote \u2013 OrthoMedix<span class=\"Apple-converted-space\">\u00a0 <\/span>anti-\u00e2ge qui procure hydratation gr\u00e2ce \u00e1 ses agents hydratants et antirides , &#8230;<\/p>\n","protected":false},"featured_media":12250,"comment_status":"open","ping_status":"closed","template":"","meta":{"_themeisle_gutenberg_block_has_review":false,"wds_primary_product_brand":0,"wds_primary_product_cat":0},"product_brand":[],"product_cat":[222],"product_tag":[],"class_list":{"0":"post-12249","1":"product","2":"type-product","3":"status-publish","4":"has-post-thumbnail","6":"product_cat-cosmetiques_bio_aloe_vera","8":"first","9":"instock","10":"shipping-taxable","11":"purchasable","12":"product-type-simple"},"jetpack_sharing_enabled":true,"_links":{"self":[{"href":"https:\/\/orthomedix.eu\/boutique\/wp-json\/wp\/v2\/product\/12249","targetHints":{"allow":["GET"]}}],"collection":[{"href":"https:\/\/orthomedix.eu\/boutique\/wp-json\/wp\/v2\/product"}],"about":[{"href":"https:\/\/orthomedix.eu\/boutique\/wp-json\/wp\/v2\/types\/product"}],"replies":[{"embeddable":true,"href":"https:\/\/orthomedix.eu\/boutique\/wp-json\/wp\/v2\/comments?post=12249"}],"wp:featuredmedia":[{"embeddable":true,"href":"https:\/\/orthomedix.eu\/boutique\/wp-json\/wp\/v2\/media\/12250"}],"wp:attachment":[{"href":"https:\/\/orthomedix.eu\/boutique\/wp-json\/wp\/v2\/media?parent=12249"}],"wp:term":[{"taxonomy":"product_brand","embeddable":true,"href":"https:\/\/orthomedix.eu\/boutique\/wp-json\/wp\/v2\/product_brand?post=12249"},{"taxonomy":"product_cat","embeddable":true,"href":"https:\/\/orthomedix.eu\/boutique\/wp-json\/wp\/v2\/product_cat?post=12249"},{"taxonomy":"product_tag","embeddable":true,"href":"https:\/\/orthomedix.eu\/boutique\/wp-json\/wp\/v2\/product_tag?post=12249"}],"curies":[{"name":"wp","href":"https:\/\/api.w.org\/{rel}","templated":true}]}}