{"id":12251,"date":"2023-02-23T11:36:59","date_gmt":"2023-02-23T10:36:59","guid":{"rendered":"https:\/\/orthomedix.eu\/boutique\/?post_type=product&#038;p=12251"},"modified":"2023-02-23T11:36:59","modified_gmt":"2023-02-23T10:36:59","slug":"contour-des-yeux-pour-homme-15-ml-lanzarote","status":"publish","type":"product","link":"https:\/\/orthomedix.eu\/boutique\/produit\/contour-des-yeux-pour-homme-15-ml-lanzarote\/","title":{"rendered":"CONTOUR DES YEUX POUR HOMME 15 ML LANZAROTE"},"content":{"rendered":"<p class=\"p1\"><strong>Description<\/strong><\/p>\n<p class=\"p2\">triple action : hydratante, raffermissante et anti-rides. Cr\u00e8me adapt\u00e9e \u00e0 tous les types de peau. Minimise les rides et ridules d&#8217;expression. Apaise, r\u00e9conforte et donne une apparence plus ferme et plus jeune. Pr\u00e9vient et minimise les poches et les cernes. Augmente l&#8217;\u00e9lasticit\u00e9 et la douceur de la peau et montre un effet d\u00e9congestionnant.<\/p>\n<p class=\"p4\"><strong>Mode d&#8217;emploi :<\/strong> Appliquer matin et soir sur une peau propre.<\/p>\n","protected":false},"excerpt":{"rendered":"<p class=\"p1\">Contour des yeux Homme Aloe Vera 100ml Lanzarote \u2013 OrthoMedix<span class=\"Apple-converted-space\">\u00a0 <\/span><\/p>\n<p class=\"p1\">La formule du contour des yeux d\u2019aloe vera Man contient des agents actifs qui combattent les \u0153d\u00e8mes et ont un effet d\u00e9congestionnant<span class=\"Apple-converted-space\">\u00a0 <\/span>, &#8230;<\/p>\n","protected":false},"featured_media":12252,"comment_status":"open","ping_status":"closed","template":"","meta":{"_themeisle_gutenberg_block_has_review":false,"wds_primary_product_brand":0,"wds_primary_product_cat":0},"product_brand":[],"product_cat":[222],"product_tag":[],"class_list":{"0":"post-12251","1":"product","2":"type-product","3":"status-publish","4":"has-post-thumbnail","6":"product_cat-cosmetiques_bio_aloe_vera","8":"first","9":"instock","10":"shipping-taxable","11":"purchasable","12":"product-type-simple"},"jetpack_sharing_enabled":true,"_links":{"self":[{"href":"https:\/\/orthomedix.eu\/boutique\/wp-json\/wp\/v2\/product\/12251","targetHints":{"allow":["GET"]}}],"collection":[{"href":"https:\/\/orthomedix.eu\/boutique\/wp-json\/wp\/v2\/product"}],"about":[{"href":"https:\/\/orthomedix.eu\/boutique\/wp-json\/wp\/v2\/types\/product"}],"replies":[{"embeddable":true,"href":"https:\/\/orthomedix.eu\/boutique\/wp-json\/wp\/v2\/comments?post=12251"}],"wp:featuredmedia":[{"embeddable":true,"href":"https:\/\/orthomedix.eu\/boutique\/wp-json\/wp\/v2\/media\/12252"}],"wp:attachment":[{"href":"https:\/\/orthomedix.eu\/boutique\/wp-json\/wp\/v2\/media?parent=12251"}],"wp:term":[{"taxonomy":"product_brand","embeddable":true,"href":"https:\/\/orthomedix.eu\/boutique\/wp-json\/wp\/v2\/product_brand?post=12251"},{"taxonomy":"product_cat","embeddable":true,"href":"https:\/\/orthomedix.eu\/boutique\/wp-json\/wp\/v2\/product_cat?post=12251"},{"taxonomy":"product_tag","embeddable":true,"href":"https:\/\/orthomedix.eu\/boutique\/wp-json\/wp\/v2\/product_tag?post=12251"}],"curies":[{"name":"wp","href":"https:\/\/api.w.org\/{rel}","templated":true}]}}