{"id":12253,"date":"2023-02-23T11:54:43","date_gmt":"2023-02-23T10:54:43","guid":{"rendered":"https:\/\/orthomedix.eu\/boutique\/?post_type=product&#038;p=12253"},"modified":"2023-02-23T11:54:43","modified_gmt":"2023-02-23T10:54:43","slug":"gel-shampoing-pour-petits-aloe-vera-250-ml-lanzarote","status":"publish","type":"product","link":"https:\/\/orthomedix.eu\/boutique\/produit\/gel-shampoing-pour-petits-aloe-vera-250-ml-lanzarote\/","title":{"rendered":"GEL SHAMPOING POUR PETITS ALOE VERA 250 ML LANZAROTE"},"content":{"rendered":"<p class=\"p1\"><strong>Description<\/strong><\/p>\n<p class=\"p2\">Gel-Shampoing doux, id\u00e9al pour nettoyer la peau et les cheveux des enfants. Enrichi en extraits de plantes apaisants, hydratants, adoucissants et protecteurs.<\/p>\n<p class=\"p4\"><strong>Mode d&#8217;emploi :<\/strong> Appliquer une petite quantit\u00e9 sur la t\u00eate et le corps mouill\u00e9s de l&#8217;enfant, \u00e9taler doucement et rincer abondamment \u00e0 l&#8217;eau.<\/p>\n","protected":false},"excerpt":{"rendered":"<p class=\"p1\">Gel shampoing pour petits \u00e0 l\u2019Alo\u00e9 Vera Lanzarote \u2013 OrthoMedix<span class=\"Apple-converted-space\">\u00a0 <\/span><\/p>\n<p class=\"p1\">Gel-Shampooing doux id\u00e9al pour nettoyer la peau et le cheveu des enfants. Enrichit avec des extraits v\u00e9g\u00e9taux calmants, hydratants, adoucissants et protecteurs.<span class=\"Apple-converted-space\">\u00a0 <\/span>, &#8230;<\/p>\n","protected":false},"featured_media":12254,"comment_status":"open","ping_status":"closed","template":"","meta":{"_themeisle_gutenberg_block_has_review":false,"wds_primary_product_brand":0,"wds_primary_product_cat":0},"product_brand":[],"product_cat":[222],"product_tag":[],"class_list":{"0":"post-12253","1":"product","2":"type-product","3":"status-publish","4":"has-post-thumbnail","6":"product_cat-cosmetiques_bio_aloe_vera","8":"first","9":"instock","10":"shipping-taxable","11":"purchasable","12":"product-type-simple"},"jetpack_sharing_enabled":true,"_links":{"self":[{"href":"https:\/\/orthomedix.eu\/boutique\/wp-json\/wp\/v2\/product\/12253","targetHints":{"allow":["GET"]}}],"collection":[{"href":"https:\/\/orthomedix.eu\/boutique\/wp-json\/wp\/v2\/product"}],"about":[{"href":"https:\/\/orthomedix.eu\/boutique\/wp-json\/wp\/v2\/types\/product"}],"replies":[{"embeddable":true,"href":"https:\/\/orthomedix.eu\/boutique\/wp-json\/wp\/v2\/comments?post=12253"}],"wp:featuredmedia":[{"embeddable":true,"href":"https:\/\/orthomedix.eu\/boutique\/wp-json\/wp\/v2\/media\/12254"}],"wp:attachment":[{"href":"https:\/\/orthomedix.eu\/boutique\/wp-json\/wp\/v2\/media?parent=12253"}],"wp:term":[{"taxonomy":"product_brand","embeddable":true,"href":"https:\/\/orthomedix.eu\/boutique\/wp-json\/wp\/v2\/product_brand?post=12253"},{"taxonomy":"product_cat","embeddable":true,"href":"https:\/\/orthomedix.eu\/boutique\/wp-json\/wp\/v2\/product_cat?post=12253"},{"taxonomy":"product_tag","embeddable":true,"href":"https:\/\/orthomedix.eu\/boutique\/wp-json\/wp\/v2\/product_tag?post=12253"}],"curies":[{"name":"wp","href":"https:\/\/api.w.org\/{rel}","templated":true}]}}