{"id":12255,"date":"2023-02-23T12:00:42","date_gmt":"2023-02-23T11:00:42","guid":{"rendered":"https:\/\/orthomedix.eu\/boutique\/?post_type=product&#038;p=12255"},"modified":"2025-05-28T14:00:19","modified_gmt":"2025-05-28T12:00:19","slug":"savonnette-pour-petit-a-aloe-vera-65-gr-lanzarote","status":"publish","type":"product","link":"https:\/\/orthomedix.eu\/boutique\/produit\/savonnette-pour-petit-a-aloe-vera-65-gr-lanzarote\/","title":{"rendered":"SAVONNETTE POUR PETIT A ALOE VERA 65 gr  LANZAROTE"},"content":{"rendered":"<p class=\"p1\"><strong>Description<\/strong><\/p>\n<p class=\"p2\">Fabriqu\u00e9 artisanalement et \u00e0 froid. Le savon Petit d\u2019aloe vera aide \u00e0 adoucir, hydrater et calmer la peau des b\u00e9b\u00e9s, enfants. Indiqu\u00e9 pour les peaux sensibles.<span class=\"s1\"><span class=\"Apple-converted-space\">\u00a0<\/span><\/span><\/p>\n<p class=\"p4\">\n","protected":false},"excerpt":{"rendered":"<p class=\"p1\">Savonnette pour petits \u00e0 l\u2019Alo\u00e9 Vera Lanzarote \u2013 OrthoMedix<span class=\"Apple-converted-space\">\u00a0 <\/span><\/p>\n<p class=\"p1\">Le petit savon \u00e0 l\u2019Alo\u00e9 Vera est f<span class=\"s1\">abriqu\u00e9 artisanalement et \u00e0 froid. <\/span><\/p>\n<p class=\"p1\"><span class=\"s1\">Adoucit, hydrate et calme la peau des b\u00e9b\u00e9s et enfants<\/span>,&#8230;<\/p>\n","protected":false},"featured_media":15408,"comment_status":"open","ping_status":"closed","template":"","meta":{"_themeisle_gutenberg_block_has_review":false,"wds_primary_product_brand":0,"wds_primary_product_cat":0},"product_brand":[],"product_cat":[222],"product_tag":[],"class_list":{"0":"post-12255","1":"product","2":"type-product","3":"status-publish","4":"has-post-thumbnail","6":"product_cat-cosmetiques_bio_aloe_vera","8":"first","9":"instock","10":"shipping-taxable","11":"purchasable","12":"product-type-simple"},"jetpack_sharing_enabled":true,"_links":{"self":[{"href":"https:\/\/orthomedix.eu\/boutique\/wp-json\/wp\/v2\/product\/12255","targetHints":{"allow":["GET"]}}],"collection":[{"href":"https:\/\/orthomedix.eu\/boutique\/wp-json\/wp\/v2\/product"}],"about":[{"href":"https:\/\/orthomedix.eu\/boutique\/wp-json\/wp\/v2\/types\/product"}],"replies":[{"embeddable":true,"href":"https:\/\/orthomedix.eu\/boutique\/wp-json\/wp\/v2\/comments?post=12255"}],"wp:featuredmedia":[{"embeddable":true,"href":"https:\/\/orthomedix.eu\/boutique\/wp-json\/wp\/v2\/media\/15408"}],"wp:attachment":[{"href":"https:\/\/orthomedix.eu\/boutique\/wp-json\/wp\/v2\/media?parent=12255"}],"wp:term":[{"taxonomy":"product_brand","embeddable":true,"href":"https:\/\/orthomedix.eu\/boutique\/wp-json\/wp\/v2\/product_brand?post=12255"},{"taxonomy":"product_cat","embeddable":true,"href":"https:\/\/orthomedix.eu\/boutique\/wp-json\/wp\/v2\/product_cat?post=12255"},{"taxonomy":"product_tag","embeddable":true,"href":"https:\/\/orthomedix.eu\/boutique\/wp-json\/wp\/v2\/product_tag?post=12255"}],"curies":[{"name":"wp","href":"https:\/\/api.w.org\/{rel}","templated":true}]}}