{"id":12261,"date":"2023-02-23T12:40:48","date_gmt":"2023-02-23T11:40:48","guid":{"rendered":"https:\/\/orthomedix.eu\/boutique\/?post_type=product&#038;p=12261"},"modified":"2024-10-27T17:08:12","modified_gmt":"2024-10-27T16:08:12","slug":"savon-artisanal-a-lhuile-dargan-et-pepin-de-raisin-100-gr-lanzarote","status":"publish","type":"product","link":"https:\/\/orthomedix.eu\/boutique\/produit\/savon-artisanal-a-lhuile-dargan-et-pepin-de-raisin-100-gr-lanzarote\/","title":{"rendered":"SAVON ARTISANAL A L\u2019HUILE D\u2019ARGAN ET PEPIN DE RAISIN 100 GR  LANZAROTE"},"content":{"rendered":"<p class=\"p1\"><strong>Description<\/strong><\/p>\n<p class=\"p2\">Savon \u00e9labor\u00e9 \u00e0 partir d\u2019huile de coco, glyc\u00e9rine, argania spinosa oil (huile d\u2019argan) et vitis vinifera (vigne). Savon antioxydant qui permet le renouvellement cellulaire, pr\u00e9vient le vieillissement et stimule la r\u00e9g\u00e9n\u00e9ration et l\u2019oxyg\u00e9nation de la peau.<span class=\"s1\"><span class=\"Apple-converted-space\">\u00a0<\/span><\/span><\/p>\n","protected":false},"excerpt":{"rendered":"<p class=\"p1\"><span class=\"s1\">Savon artisanal \u00e0 l\u2019huile d\u2019argan et p\u00e9pin de raisin 100 gr<span class=\"Apple-converted-space\">\u00a0 <\/span>Lanzarote \u2013 OrthoMedix<span class=\"Apple-converted-space\">\u00a0 <\/span><\/span><\/p>\n<p class=\"p1\">Savon \u00e9labor\u00e9 \u00e0 partir d\u2019huile de coco, glyc\u00e9rine, argania spinosa oil (huile d\u2019argan) et vitis vinifera (vigne), antioxydant<span class=\"Apple-converted-space\">\u00a0<\/span><span class=\"s1\"> <\/span>, \u2026.<\/p>\n","protected":false},"featured_media":12262,"comment_status":"open","ping_status":"closed","template":"","meta":{"_themeisle_gutenberg_block_has_review":false,"wds_primary_product_brand":0,"wds_primary_product_cat":0},"product_brand":[],"product_cat":[222],"product_tag":[],"class_list":{"0":"post-12261","1":"product","2":"type-product","3":"status-publish","4":"has-post-thumbnail","6":"product_cat-cosmetiques_bio_aloe_vera","8":"first","9":"outofstock","10":"shipping-taxable","11":"purchasable","12":"product-type-simple"},"jetpack_sharing_enabled":true,"_links":{"self":[{"href":"https:\/\/orthomedix.eu\/boutique\/wp-json\/wp\/v2\/product\/12261","targetHints":{"allow":["GET"]}}],"collection":[{"href":"https:\/\/orthomedix.eu\/boutique\/wp-json\/wp\/v2\/product"}],"about":[{"href":"https:\/\/orthomedix.eu\/boutique\/wp-json\/wp\/v2\/types\/product"}],"replies":[{"embeddable":true,"href":"https:\/\/orthomedix.eu\/boutique\/wp-json\/wp\/v2\/comments?post=12261"}],"wp:featuredmedia":[{"embeddable":true,"href":"https:\/\/orthomedix.eu\/boutique\/wp-json\/wp\/v2\/media\/12262"}],"wp:attachment":[{"href":"https:\/\/orthomedix.eu\/boutique\/wp-json\/wp\/v2\/media?parent=12261"}],"wp:term":[{"taxonomy":"product_brand","embeddable":true,"href":"https:\/\/orthomedix.eu\/boutique\/wp-json\/wp\/v2\/product_brand?post=12261"},{"taxonomy":"product_cat","embeddable":true,"href":"https:\/\/orthomedix.eu\/boutique\/wp-json\/wp\/v2\/product_cat?post=12261"},{"taxonomy":"product_tag","embeddable":true,"href":"https:\/\/orthomedix.eu\/boutique\/wp-json\/wp\/v2\/product_tag?post=12261"}],"curies":[{"name":"wp","href":"https:\/\/api.w.org\/{rel}","templated":true}]}}