{"id":12757,"date":"2023-05-17T12:04:20","date_gmt":"2023-05-17T10:04:20","guid":{"rendered":"https:\/\/orthomedix.eu\/boutique\/produit\/brainstorm-100g\/"},"modified":"2023-05-17T12:04:20","modified_gmt":"2023-05-17T10:04:20","slug":"brainstorm-100g","status":"publish","type":"product","link":"https:\/\/orthomedix.eu\/boutique\/produit\/brainstorm-100g\/","title":{"rendered":"BRAINSTORM 100g"},"content":{"rendered":"<p>Gommage nettoyant et purifiant du cuir chevelu <\/p>\n<p>Le cuir chevelu, tout comme la peau du visage et du corps, a besoin d&#8217;un bon nettoyage. Imaginez la quantit\u00e9 de poussi\u00e8re, de sueur et de r\u00e9sidus de produits coiffants accumul\u00e9s \u00e0 la racine de vos cheveux. La coque d&#8217;amande, associ\u00e9e \u00e0 la poudre de tiges de bambou, exfolie en douceur et efficacement la couche superficielle. La poudre de gingembre am\u00e9liore la circulation sanguine, de sorte que les cheveux sont plus forts et poussent mieux. L&#8217;huile d&#8217;amande nourrit la peau et soigne les petites blessures.<br \/>\nMode d&#8217;emploi : mouillez vos cheveux, puis appliquez le gommage et massez votre cuir chevelu d&#8217;une oreille \u00e0 l&#8217;autre. Rincez le tout \u00e0 l&#8217;eau et utilisez votre shampooing pr\u00e9f\u00e9r\u00e9. C&#8217;est facile, non ? <\/p>\n<p>Composition : <\/p>\n<p>Aqua, Glycerin, Sodium Cocoamphoacetate, Cocamidopropyl Betaine, Bambusa Arundinacea (Bamboo) Stem Extract Powder, Prunus Amygdalus Dulcis (Almond) Shell Powder, Xanthan gum, Zingiber Officinale (Ginger) Root Powder, Prunus Amygdalus Dulcis (Sweet Almond) Oil, Chondrus Crispus (Carrageenan) Powder, Parfum, Cellulose Gum, Guar Hydroxypropyltrimonium Chloride, Benzyl Alcohol, Trisodium Ethylenediamine Disuccinate, Citric Acid, Dehydroacetic Acid, Geraniol, Hexyl Cinnamal, Linalool<\/p>\n<p>Lire attentivement la notice d\u2019emballage.<\/p>\n<p>\u00ab Orthomedix d\u00e9cline toute responsabilit\u00e9 en cas de mauvaise utilisation des produits command\u00e9s \u00bb<\/p>\n","protected":false},"excerpt":{"rendered":"<p>Gommage nettoyant et purifiant du cuir chevelu <\/p>\n<p>Le cuir chevelu, tout comme la peau du visage et du corps, a besoin d&#8217;un bon nettoyage. Imaginez la quantit\u00e9 de poussi\u00e8re, de sueur et de r\u00e9sidus de produits coiffants accumul\u00e9s \u00e0 la racine de vos cheveux. La coque d&#8217;amande, associ\u00e9e \u00e0 la poudre de tiges de bambou, exfolie en douceur et efficacement la couche superficielle. La poudre de gingembre am\u00e9liore la circulation sanguine, de sorte que les cheveux sont plus forts et poussent mieux. L&#8217;huile d&#8217;amande nourrit la peau et soigne les petites blessures. <\/p>\n","protected":false},"featured_media":12712,"comment_status":"open","ping_status":"closed","template":"","meta":{"_themeisle_gutenberg_block_has_review":false,"wds_primary_product_brand":0,"wds_primary_product_cat":0},"product_brand":[],"product_cat":[235],"product_tag":[],"class_list":{"0":"post-12757","1":"product","2":"type-product","3":"status-publish","4":"has-post-thumbnail","6":"product_cat-beauty-jar","8":"first","9":"instock","10":"shipping-taxable","11":"purchasable","12":"product-type-simple"},"jetpack_sharing_enabled":true,"_links":{"self":[{"href":"https:\/\/orthomedix.eu\/boutique\/wp-json\/wp\/v2\/product\/12757","targetHints":{"allow":["GET"]}}],"collection":[{"href":"https:\/\/orthomedix.eu\/boutique\/wp-json\/wp\/v2\/product"}],"about":[{"href":"https:\/\/orthomedix.eu\/boutique\/wp-json\/wp\/v2\/types\/product"}],"replies":[{"embeddable":true,"href":"https:\/\/orthomedix.eu\/boutique\/wp-json\/wp\/v2\/comments?post=12757"}],"wp:featuredmedia":[{"embeddable":true,"href":"https:\/\/orthomedix.eu\/boutique\/wp-json\/wp\/v2\/media\/12712"}],"wp:attachment":[{"href":"https:\/\/orthomedix.eu\/boutique\/wp-json\/wp\/v2\/media?parent=12757"}],"wp:term":[{"taxonomy":"product_brand","embeddable":true,"href":"https:\/\/orthomedix.eu\/boutique\/wp-json\/wp\/v2\/product_brand?post=12757"},{"taxonomy":"product_cat","embeddable":true,"href":"https:\/\/orthomedix.eu\/boutique\/wp-json\/wp\/v2\/product_cat?post=12757"},{"taxonomy":"product_tag","embeddable":true,"href":"https:\/\/orthomedix.eu\/boutique\/wp-json\/wp\/v2\/product_tag?post=12757"}],"curies":[{"name":"wp","href":"https:\/\/api.w.org\/{rel}","templated":true}]}}