{"id":12760,"date":"2023-05-17T12:04:21","date_gmt":"2023-05-17T10:04:21","guid":{"rendered":"https:\/\/orthomedix.eu\/boutique\/produit\/blonde-with-brains\/"},"modified":"2024-12-30T18:05:56","modified_gmt":"2024-12-30T17:05:56","slug":"blonde-with-brains","status":"publish","type":"product","link":"https:\/\/orthomedix.eu\/boutique\/produit\/blonde-with-brains\/","title":{"rendered":"BLONDE WITH BRAINS"},"content":{"rendered":"<p>Shampooing pour cheveux blonds<\/p>\n<p>Le citron pr\u00e9serve vos cheveux blonds d&#8217;une teinte jaune ind\u00e9sirable. Le miel sucr\u00e9 est plein de nutriments essentiels qui nourrissent vos cheveux de la racine \u00e0 la pointe.<\/p>\n<p>Mode d&#8217;emploi : mouillez vos cheveux, appliquez ce shampooing au parfum c\u00e9leste, faites bien mousser et pensez \u00e0 quelque chose d&#8217;agr\u00e9able. Rincez \u00e0 l&#8217;eau et renouvelez l&#8217;op\u00e9ration si n\u00e9cessaire.<\/p>\n<p>Composition : <\/p>\n<p>Aqua, Glycerin, Cocamidopropyl Betaine, Sodium CocoSulfate, Decyl Glucoside, Betaine, Propolis Extract, Citrus Limon (Lemon) Peel Oil, Algae (Seaweed) Extract, Guar Hydroxypropyltrimonium Chloride, Sodium Chloride, Parfum, Benzyl Alcohol, Citric Acid, Dehydroacetic Acid, Sodium Benzoate, Potassium Sorbate, Acid Violet 43, Coumarin, Limonene<\/p>\n<p>Lire attentivement la notice d\u2019emballage.<\/p>\n<p>\u00ab Orthomedix d\u00e9cline toute responsabilit\u00e9 en cas de mauvaise utilisation des produits command\u00e9s \u00bb<\/p>\n","protected":false},"excerpt":{"rendered":"<p>Shampooing pour cheveux blonds<\/p>\n<p>Le citron pr\u00e9serve vos cheveux blonds d&#8217;une teinte jaune ind\u00e9sirable. Le miel sucr\u00e9 est plein de nutriments essentiels qui nourrissent vos cheveux de la racine \u00e0 la pointe.<\/p>\n","protected":false},"featured_media":14993,"comment_status":"open","ping_status":"closed","template":"","meta":{"_themeisle_gutenberg_block_has_review":false,"wds_primary_product_brand":0,"wds_primary_product_cat":0},"product_brand":[],"product_cat":[235],"product_tag":[],"class_list":{"0":"post-12760","1":"product","2":"type-product","3":"status-publish","4":"has-post-thumbnail","6":"product_cat-beauty-jar","8":"first","9":"instock","10":"shipping-taxable","11":"purchasable","12":"product-type-simple"},"jetpack_sharing_enabled":true,"_links":{"self":[{"href":"https:\/\/orthomedix.eu\/boutique\/wp-json\/wp\/v2\/product\/12760","targetHints":{"allow":["GET"]}}],"collection":[{"href":"https:\/\/orthomedix.eu\/boutique\/wp-json\/wp\/v2\/product"}],"about":[{"href":"https:\/\/orthomedix.eu\/boutique\/wp-json\/wp\/v2\/types\/product"}],"replies":[{"embeddable":true,"href":"https:\/\/orthomedix.eu\/boutique\/wp-json\/wp\/v2\/comments?post=12760"}],"wp:featuredmedia":[{"embeddable":true,"href":"https:\/\/orthomedix.eu\/boutique\/wp-json\/wp\/v2\/media\/14993"}],"wp:attachment":[{"href":"https:\/\/orthomedix.eu\/boutique\/wp-json\/wp\/v2\/media?parent=12760"}],"wp:term":[{"taxonomy":"product_brand","embeddable":true,"href":"https:\/\/orthomedix.eu\/boutique\/wp-json\/wp\/v2\/product_brand?post=12760"},{"taxonomy":"product_cat","embeddable":true,"href":"https:\/\/orthomedix.eu\/boutique\/wp-json\/wp\/v2\/product_cat?post=12760"},{"taxonomy":"product_tag","embeddable":true,"href":"https:\/\/orthomedix.eu\/boutique\/wp-json\/wp\/v2\/product_tag?post=12760"}],"curies":[{"name":"wp","href":"https:\/\/api.w.org\/{rel}","templated":true}]}}