{"id":12771,"date":"2023-05-17T12:04:22","date_gmt":"2023-05-17T10:04:22","guid":{"rendered":"https:\/\/orthomedix.eu\/boutique\/produit\/mango-go\/"},"modified":"2023-05-17T12:04:22","modified_gmt":"2023-05-17T10:04:22","slug":"mango-go","status":"publish","type":"product","link":"https:\/\/orthomedix.eu\/boutique\/produit\/mango-go\/","title":{"rendered":"MANGO, GO !"},"content":{"rendered":"<p>Beurre corporel cr\u00e9meux<br \/>\nAu beurre de mangue et \u00e0 l&#8217;huile de babassu<\/p>\n<p>Un ar\u00f4me de mangue juteuse et sucr\u00e9e &#8211; une odeur d&#8217;\u00e9t\u00e9 exotique et de d\u00e9tente au bord de la mer ! Le beurre de mangue nourrit et hydrate parfaitement la peau gr\u00e2ce aux antioxydants et aux vitamines b\u00e9n\u00e9fiques A, C et E. L&#8217;huile de babassu br\u00e9silienne est compos\u00e9e \u00e0 70 % d&#8217;acides gras insatur\u00e9s et de vitamine E. Elle nourrit la peau en profondeur, la rendant \u00e9lastique et douce.<\/p>\n<p>Mode d&#8217;emploi : appliquer simplement sur la peau claire du corps et masser pour faire p\u00e9n\u00e9trer. <\/p>\n<p>Composition : <\/p>\n<p>Aqua, Cocos Nucifera (Coconut) Oil, Theobroma Cacao (Cocoa) Seed Butter, Caprylic\/Capric Triglycerides, Polyglyceryl-3 Methylglucose Distearate, Glyceryl Stearate, Cera Alba (Beeswax), Urea, Mangifera Indica (Mango) Seed Butter, Orbignya Oleifera (Babassu) Seed Oil,  Cetearyl Alcohol, Hydroxypropyl Starch Phosphate, Glycerin, Parfum, Tocopheryl Acetate (Vitamin E), Caesalpinia Spinosa Gum, Chondrus Crispus (Carrageenan) Powder, Benzyl Alcohol, Dehydroacetic Acid, Geraniol, Hexyl Cinnamal, Limonene, Linalool<\/p>\n<p>Lire attentivement la notice d\u2019emballage.<\/p>\n<p>\u00ab Orthomedix d\u00e9cline toute responsabilit\u00e9 en cas de mauvaise utilisation des produits command\u00e9s \u00bb<\/p>\n","protected":false},"excerpt":{"rendered":"<p>Beurre corporel cr\u00e9meux<br \/>\nAu beurre de mangue et \u00e0 l&#8217;huile de babassu<\/p>\n<p>Un ar\u00f4me de mangue juteuse et sucr\u00e9e &#8211; une odeur d&#8217;\u00e9t\u00e9 exotique et de d\u00e9tente au bord de la mer ! Le beurre de mangue nourrit et hydrate parfaitement la peau gr\u00e2ce aux antioxydants et aux vitamines b\u00e9n\u00e9fiques A, C et E. L&#8217;huile de babassu br\u00e9silienne est compos\u00e9e \u00e0 70 % d&#8217;acides gras insatur\u00e9s et de vitamine E. Elle nourrit la peau en profondeur, la rendant \u00e9lastique et douce.<\/p>\n","protected":false},"featured_media":12726,"comment_status":"open","ping_status":"closed","template":"","meta":{"_themeisle_gutenberg_block_has_review":false,"wds_primary_product_brand":0,"wds_primary_product_cat":0},"product_brand":[],"product_cat":[235],"product_tag":[],"class_list":{"0":"post-12771","1":"product","2":"type-product","3":"status-publish","4":"has-post-thumbnail","6":"product_cat-beauty-jar","8":"first","9":"instock","10":"shipping-taxable","11":"purchasable","12":"product-type-simple"},"jetpack_sharing_enabled":true,"_links":{"self":[{"href":"https:\/\/orthomedix.eu\/boutique\/wp-json\/wp\/v2\/product\/12771","targetHints":{"allow":["GET"]}}],"collection":[{"href":"https:\/\/orthomedix.eu\/boutique\/wp-json\/wp\/v2\/product"}],"about":[{"href":"https:\/\/orthomedix.eu\/boutique\/wp-json\/wp\/v2\/types\/product"}],"replies":[{"embeddable":true,"href":"https:\/\/orthomedix.eu\/boutique\/wp-json\/wp\/v2\/comments?post=12771"}],"wp:featuredmedia":[{"embeddable":true,"href":"https:\/\/orthomedix.eu\/boutique\/wp-json\/wp\/v2\/media\/12726"}],"wp:attachment":[{"href":"https:\/\/orthomedix.eu\/boutique\/wp-json\/wp\/v2\/media?parent=12771"}],"wp:term":[{"taxonomy":"product_brand","embeddable":true,"href":"https:\/\/orthomedix.eu\/boutique\/wp-json\/wp\/v2\/product_brand?post=12771"},{"taxonomy":"product_cat","embeddable":true,"href":"https:\/\/orthomedix.eu\/boutique\/wp-json\/wp\/v2\/product_cat?post=12771"},{"taxonomy":"product_tag","embeddable":true,"href":"https:\/\/orthomedix.eu\/boutique\/wp-json\/wp\/v2\/product_tag?post=12771"}],"curies":[{"name":"wp","href":"https:\/\/api.w.org\/{rel}","templated":true}]}}