{"id":12784,"date":"2023-05-17T12:04:26","date_gmt":"2023-05-17T10:04:26","guid":{"rendered":"https:\/\/orthomedix.eu\/boutique\/produit\/flip-flop\/"},"modified":"2023-05-17T12:04:26","modified_gmt":"2023-05-17T10:04:26","slug":"flip-flop","status":"publish","type":"product","link":"https:\/\/orthomedix.eu\/boutique\/produit\/flip-flop\/","title":{"rendered":"FLIP-FLOP"},"content":{"rendered":"<p>Bain de pieds<\/p>\n<p>Vos pieds m\u00e9ritent des vacances \u00e0 la plage ! Ou au moins un bain de pieds fait maison. Le lait adoucit la peau rugueuse. L&#8217;huile d&#8217;arbre \u00e0 th\u00e9 et l&#8217;huile de sapin de Sib\u00e9rie ont des effets antiseptiques et d\u00e9odorants. <\/p>\n<p>Mode d&#8217;emploi : dissoudre toute la poudre dans 3-4 litres d&#8217;eau ti\u00e8de. Profitez du bain pendant 15 \u00e0 20 minutes.<\/p>\n<p>Composition : <\/p>\n<p>Sodium Bicarbonate, Citric Acid, Sodium Chloride (Himalayan Pink Salt), Potato Starch Modified, Goat Milk Powder, Betaine, Zea Mays (Corn) Oil, Prunus Amygdalus Dulcis (Sweet Almond) Oil, Cocamidopropyl Betaine, Abies Sibirica Needle Oil, Melaleuca Alternifolia (Tea Tree) Leaf Oil, Tocopheryl Acetate (Vitamin E), Menthol, Limonene<\/p>\n<p>Lire attentivement la notice d\u2019emballage.<\/p>\n<p>\u00ab Orthomedix d\u00e9cline toute responsabilit\u00e9 en cas de mauvaise utilisation des produits command\u00e9s \u00bb<\/p>\n","protected":false},"excerpt":{"rendered":"<p>Bain de pieds<\/p>\n<p>Vos pieds m\u00e9ritent des vacances \u00e0 la plage ! Ou au moins un bain de pieds fait maison. Le lait adoucit la peau rugueuse. L&#8217;huile d&#8217;arbre \u00e0 th\u00e9 et l&#8217;huile de sapin de Sib\u00e9rie ont des effets antiseptiques et d\u00e9odorants. <\/p>\n","protected":false},"featured_media":12742,"comment_status":"open","ping_status":"closed","template":"","meta":{"_themeisle_gutenberg_block_has_review":false,"wds_primary_product_brand":0,"wds_primary_product_cat":0},"product_brand":[],"product_cat":[235],"product_tag":[],"class_list":{"0":"post-12784","1":"product","2":"type-product","3":"status-publish","4":"has-post-thumbnail","6":"product_cat-beauty-jar","8":"first","9":"instock","10":"shipping-taxable","11":"purchasable","12":"product-type-simple"},"jetpack_sharing_enabled":true,"_links":{"self":[{"href":"https:\/\/orthomedix.eu\/boutique\/wp-json\/wp\/v2\/product\/12784","targetHints":{"allow":["GET"]}}],"collection":[{"href":"https:\/\/orthomedix.eu\/boutique\/wp-json\/wp\/v2\/product"}],"about":[{"href":"https:\/\/orthomedix.eu\/boutique\/wp-json\/wp\/v2\/types\/product"}],"replies":[{"embeddable":true,"href":"https:\/\/orthomedix.eu\/boutique\/wp-json\/wp\/v2\/comments?post=12784"}],"wp:featuredmedia":[{"embeddable":true,"href":"https:\/\/orthomedix.eu\/boutique\/wp-json\/wp\/v2\/media\/12742"}],"wp:attachment":[{"href":"https:\/\/orthomedix.eu\/boutique\/wp-json\/wp\/v2\/media?parent=12784"}],"wp:term":[{"taxonomy":"product_brand","embeddable":true,"href":"https:\/\/orthomedix.eu\/boutique\/wp-json\/wp\/v2\/product_brand?post=12784"},{"taxonomy":"product_cat","embeddable":true,"href":"https:\/\/orthomedix.eu\/boutique\/wp-json\/wp\/v2\/product_cat?post=12784"},{"taxonomy":"product_tag","embeddable":true,"href":"https:\/\/orthomedix.eu\/boutique\/wp-json\/wp\/v2\/product_tag?post=12784"}],"curies":[{"name":"wp","href":"https:\/\/api.w.org\/{rel}","templated":true}]}}