{"id":12790,"date":"2023-05-17T12:09:44","date_gmt":"2023-05-17T10:09:44","guid":{"rendered":"https:\/\/orthomedix.eu\/boutique\/produit\/sea-kissed\/"},"modified":"2025-04-15T17:53:29","modified_gmt":"2025-04-15T15:53:29","slug":"sea-kissed","status":"publish","type":"product","link":"https:\/\/orthomedix.eu\/boutique\/produit\/sea-kissed\/","title":{"rendered":"SEA KISSED"},"content":{"rendered":"<p>Gommage rajeunissant pour le corps et le visage<\/p>\n<p>Le sel de mer est un &#8220;lisseur de peau&#8221; et un &#8220;lisseur de rides&#8221; biologique. L&#8217;huile de coco peut \u00eatre utilis\u00e9e de 58 mani\u00e8res diff\u00e9rentes, mais la plus traditionnelle est l&#8217;hydratation de la peau. <\/p>\n<p>Mode d&#8217;emploi : mettez-vous sous l&#8217;eau chaude. D\u00e9terminez ensuite les parties de votre corps qui ont besoin d&#8217;\u00eatre exfoli\u00e9es, mettez-y du gommage et frottez, frottez, frottez.<\/p>\n<p>Composition : <\/p>\n<p>Sodium Chloride, Zea Mays (Corn) Oil,  Sea Salt, Cocamidopropyl Betaine, Elaeis Guineensis (Palm) Oil, Glycerin, Parfum, Cocos Nucifera Fruit Powder, Theobroma Cacao (Cocoa) Seed Butter, Butyrospermum Parkii (Shea) Butter, Cocos Nucifera (Coconut) Oil, Tocopheryl Acetate (Vitamin E), Cinnamyl Alcohol, Coumarin, Linalool<\/p>\n<p>Lire attentivement la notice d\u2019emballage.<\/p>\n<p>\u00ab Orthomedix d\u00e9cline toute responsabilit\u00e9 en cas de mauvaise utilisation des produits command\u00e9s \u00bb<\/p>\n","protected":false},"excerpt":{"rendered":"<p>Gommage rajeunissant pour le corps et le visage<\/p>\n<p>Le sel de mer est un &#8220;lisseur de peau&#8221; et un &#8220;lisseur de rides&#8221; biologique. L&#8217;huile de coco peut \u00eatre utilis\u00e9e de 58 mani\u00e8res diff\u00e9rentes, mais la plus traditionnelle est l&#8217;hydratation de la peau. <\/p>\n","protected":false},"featured_media":15318,"comment_status":"open","ping_status":"closed","template":"","meta":{"_themeisle_gutenberg_block_has_review":false,"wds_primary_product_brand":0,"wds_primary_product_cat":0},"product_brand":[],"product_cat":[235],"product_tag":[],"class_list":{"0":"post-12790","1":"product","2":"type-product","3":"status-publish","4":"has-post-thumbnail","6":"product_cat-beauty-jar","8":"first","9":"instock","10":"shipping-taxable","11":"purchasable","12":"product-type-simple"},"jetpack_sharing_enabled":true,"_links":{"self":[{"href":"https:\/\/orthomedix.eu\/boutique\/wp-json\/wp\/v2\/product\/12790","targetHints":{"allow":["GET"]}}],"collection":[{"href":"https:\/\/orthomedix.eu\/boutique\/wp-json\/wp\/v2\/product"}],"about":[{"href":"https:\/\/orthomedix.eu\/boutique\/wp-json\/wp\/v2\/types\/product"}],"replies":[{"embeddable":true,"href":"https:\/\/orthomedix.eu\/boutique\/wp-json\/wp\/v2\/comments?post=12790"}],"wp:featuredmedia":[{"embeddable":true,"href":"https:\/\/orthomedix.eu\/boutique\/wp-json\/wp\/v2\/media\/15318"}],"wp:attachment":[{"href":"https:\/\/orthomedix.eu\/boutique\/wp-json\/wp\/v2\/media?parent=12790"}],"wp:term":[{"taxonomy":"product_brand","embeddable":true,"href":"https:\/\/orthomedix.eu\/boutique\/wp-json\/wp\/v2\/product_brand?post=12790"},{"taxonomy":"product_cat","embeddable":true,"href":"https:\/\/orthomedix.eu\/boutique\/wp-json\/wp\/v2\/product_cat?post=12790"},{"taxonomy":"product_tag","embeddable":true,"href":"https:\/\/orthomedix.eu\/boutique\/wp-json\/wp\/v2\/product_tag?post=12790"}],"curies":[{"name":"wp","href":"https:\/\/api.w.org\/{rel}","templated":true}]}}