{"id":13736,"date":"2024-03-06T15:20:02","date_gmt":"2024-03-06T14:20:02","guid":{"rendered":"https:\/\/orthomedix.eu\/boutique\/?post_type=product&#038;p=13736"},"modified":"2025-01-08T11:33:12","modified_gmt":"2025-01-08T10:33:12","slug":"gel-douche-adoucissant-bubbles-softening-shower-gel-500-ml","status":"publish","type":"product","link":"https:\/\/orthomedix.eu\/boutique\/produit\/gel-douche-adoucissant-bubbles-softening-shower-gel-500-ml\/","title":{"rendered":"Gel douche adoucissant &#8211; BUBBLES Softening shower gel, 500 ml"},"content":{"rendered":"<div class=\"woocommerce-product-details__short-description\">\n<p>Le m\u00e9lange d&#8217;olive et de vanille adoucit la peau s\u00e8che et la rend plus velout\u00e9e.<\/p>\n<p style=\"padding-left: 40px;\"><strong>\u00c2ge:<\/strong>\u00a03+<br \/>\n<strong>Action:<\/strong>\u00a0adoucissant, apaisant, nettoyant<br \/>\n<strong>Application:<\/strong>\u00a0universale<br \/>\n<strong>Pour qui:<\/strong>\u00a0enfants unisexe<br \/>\n<strong>Classification:<\/strong>\u00a0naturelle<br \/>\n<strong>Fabriqu\u00e9 en:<\/strong>\u00a0Lettonie<br \/>\n<strong>Contenance:<\/strong>\u00a0500 ml<\/p>\n<\/div>\n<p>BUBBLES Softening shower gel, 500 ml<\/p>\n","protected":false},"excerpt":{"rendered":"<h5>Le m\u00e9lange d&#8217;olive et de vanille adoucit la peau s\u00e8che et la rend plus velout\u00e9e.<\/h5>\n<p>Les gels douche naturels Bubbles sont \u00e0 base d&#8217;ingr\u00e9dients moussants doux additionn\u00e9s de panth\u00e9nol et d&#8217;extraits de plantes \u2014 un produit universel pour tous les membres de la famille, m\u00eame pour ceux qui souffrent d&#8217;une peau trop sensible ou s\u00e8che.<\/p>\n<p style=\"padding-left: 40px;\"><strong>\u00c2ge:<\/strong>\u00a03+<br \/>\n<strong>Action:<\/strong>\u00a0adoucissant, apaisant, nettoyant<br \/>\n<strong>Application:<\/strong>\u00a0universale<br \/>\n<strong>Pour qui:<\/strong>\u00a0enfants unisexe<br \/>\n<strong>Classification:<\/strong>\u00a0naturelle<br \/>\n<strong>Fabriqu\u00e9 en:<\/strong>\u00a0Lettonie<br \/>\n<strong>Contenance:<\/strong>\u00a0500 ml<\/p>\n","protected":false},"featured_media":15051,"comment_status":"open","ping_status":"closed","template":"","meta":{"_themeisle_gutenberg_block_has_review":false,"wds_primary_product_brand":0,"wds_primary_product_cat":0},"product_brand":[],"product_cat":[238],"product_tag":[242,241,240],"class_list":{"0":"post-13736","1":"product","2":"type-product","3":"status-publish","4":"has-post-thumbnail","6":"product_cat-bubbles","7":"product_tag-adoucissant","8":"product_tag-apaisant","9":"product_tag-fait-main","11":"first","12":"instock","13":"shipping-taxable","14":"purchasable","15":"product-type-simple"},"jetpack_sharing_enabled":true,"_links":{"self":[{"href":"https:\/\/orthomedix.eu\/boutique\/wp-json\/wp\/v2\/product\/13736","targetHints":{"allow":["GET"]}}],"collection":[{"href":"https:\/\/orthomedix.eu\/boutique\/wp-json\/wp\/v2\/product"}],"about":[{"href":"https:\/\/orthomedix.eu\/boutique\/wp-json\/wp\/v2\/types\/product"}],"replies":[{"embeddable":true,"href":"https:\/\/orthomedix.eu\/boutique\/wp-json\/wp\/v2\/comments?post=13736"}],"wp:featuredmedia":[{"embeddable":true,"href":"https:\/\/orthomedix.eu\/boutique\/wp-json\/wp\/v2\/media\/15051"}],"wp:attachment":[{"href":"https:\/\/orthomedix.eu\/boutique\/wp-json\/wp\/v2\/media?parent=13736"}],"wp:term":[{"taxonomy":"product_brand","embeddable":true,"href":"https:\/\/orthomedix.eu\/boutique\/wp-json\/wp\/v2\/product_brand?post=13736"},{"taxonomy":"product_cat","embeddable":true,"href":"https:\/\/orthomedix.eu\/boutique\/wp-json\/wp\/v2\/product_cat?post=13736"},{"taxonomy":"product_tag","embeddable":true,"href":"https:\/\/orthomedix.eu\/boutique\/wp-json\/wp\/v2\/product_tag?post=13736"}],"curies":[{"name":"wp","href":"https:\/\/api.w.org\/{rel}","templated":true}]}}