{"id":13757,"date":"2024-03-06T17:14:53","date_gmt":"2024-03-06T16:14:53","guid":{"rendered":"https:\/\/orthomedix.eu\/boutique\/?post_type=product&#038;p=13757"},"modified":"2024-12-31T11:50:41","modified_gmt":"2024-12-31T10:50:41","slug":"savon-adoucissant-pour-les-mains-bubbles","status":"publish","type":"product","link":"https:\/\/orthomedix.eu\/boutique\/produit\/savon-adoucissant-pour-les-mains-bubbles\/","title":{"rendered":"Savon adoucissant pour les mains &#8211; Bubbles"},"content":{"rendered":"<div class=\"woocommerce-product-details__short-description\">\n<p>Le m\u00e9lange de concombre et d&#8217;algues hydrate et soigne en douceur les peaux jeunes et matures.<\/p>\n<p style=\"padding-left: 40px;\"><strong>\u00c2ge:<\/strong>\u00a03+<br \/>\n<strong>Action:<\/strong>\u00a0adoucissant, nettoyant<br \/>\n<strong>Application:<\/strong>\u00a0universale<br \/>\n<strong>Pour qui:<\/strong>\u00a0enfants unisexe<br \/>\n<strong>Classification:<\/strong>\u00a0naturelle<br \/>\n<strong>Fabriqu\u00e9 en:<\/strong>\u00a0Lettonie<br \/>\n<strong>Contenance:<\/strong>\u00a0500 ml<\/p>\n<\/div>\n<p class=\"p1\">BUBBLES Softening liquid soap for hands, 500 ml<\/p>\n","protected":false},"excerpt":{"rendered":"<h5>Le m\u00e9lange de concombre et d&#8217;algues hydrate et soigne en douceur les peaux jeunes et matures.<\/h5>\n<p>Tous les savons Bubbles sont fabriqu\u00e9s \u00e0 base d&#8217;huiles naturelles, qui nourrissent la peau et la prot\u00e8gent du dess\u00e8chement.\u00a0\u00c9tant donn\u00e9 que la formule ne contient aucun composant chimique irritant, les savons conviennent m\u00eame aux peaux sensibles.<\/p>\n<p style=\"padding-left: 40px;\"><strong>\u00c2ge:<\/strong>\u00a03+<br \/>\n<strong>Action:<\/strong>\u00a0adoucissant, nettoyant<br \/>\n<strong>Application:<\/strong>\u00a0universale<br \/>\n<strong>Pour qui:<\/strong>\u00a0enfants unisexe<br \/>\n<strong>Classification:<\/strong>\u00a0naturelle<br \/>\n<strong>Fabriqu\u00e9 en:<\/strong>\u00a0Lettonie<br \/>\n<strong>Contenance:<\/strong>\u00a0500 ml<\/p>\n","protected":false},"featured_media":15008,"comment_status":"open","ping_status":"closed","template":"","meta":{"_themeisle_gutenberg_block_has_review":false,"wds_primary_product_brand":0,"wds_primary_product_cat":0},"product_brand":[],"product_cat":[238],"product_tag":[242,244],"class_list":{"0":"post-13757","1":"product","2":"type-product","3":"status-publish","4":"has-post-thumbnail","6":"product_cat-bubbles","7":"product_tag-adoucissant","8":"product_tag-nettoyant","10":"first","11":"instock","12":"shipping-taxable","13":"purchasable","14":"product-type-simple"},"jetpack_sharing_enabled":true,"_links":{"self":[{"href":"https:\/\/orthomedix.eu\/boutique\/wp-json\/wp\/v2\/product\/13757","targetHints":{"allow":["GET"]}}],"collection":[{"href":"https:\/\/orthomedix.eu\/boutique\/wp-json\/wp\/v2\/product"}],"about":[{"href":"https:\/\/orthomedix.eu\/boutique\/wp-json\/wp\/v2\/types\/product"}],"replies":[{"embeddable":true,"href":"https:\/\/orthomedix.eu\/boutique\/wp-json\/wp\/v2\/comments?post=13757"}],"wp:featuredmedia":[{"embeddable":true,"href":"https:\/\/orthomedix.eu\/boutique\/wp-json\/wp\/v2\/media\/15008"}],"wp:attachment":[{"href":"https:\/\/orthomedix.eu\/boutique\/wp-json\/wp\/v2\/media?parent=13757"}],"wp:term":[{"taxonomy":"product_brand","embeddable":true,"href":"https:\/\/orthomedix.eu\/boutique\/wp-json\/wp\/v2\/product_brand?post=13757"},{"taxonomy":"product_cat","embeddable":true,"href":"https:\/\/orthomedix.eu\/boutique\/wp-json\/wp\/v2\/product_cat?post=13757"},{"taxonomy":"product_tag","embeddable":true,"href":"https:\/\/orthomedix.eu\/boutique\/wp-json\/wp\/v2\/product_tag?post=13757"}],"curies":[{"name":"wp","href":"https:\/\/api.w.org\/{rel}","templated":true}]}}