{"id":13761,"date":"2024-03-06T17:34:26","date_gmt":"2024-03-06T16:34:26","guid":{"rendered":"https:\/\/orthomedix.eu\/boutique\/?post_type=product&#038;p=13761"},"modified":"2024-03-06T17:48:05","modified_gmt":"2024-03-06T16:48:05","slug":"profitez-des-petites-choses-beauty-jar","status":"publish","type":"product","link":"https:\/\/orthomedix.eu\/boutique\/produit\/profitez-des-petites-choses-beauty-jar\/","title":{"rendered":"PROFITEZ DES PETITES CHOSES &#8211; Beauty Jar"},"content":{"rendered":"<div class=\"grve-short-description\">\n<p><strong><span>Coffret cadeau comprenant 7 excellents produits pour votre corps et votre visage.<\/span><\/strong><\/p>\n<p><span>Voulez-vous surprendre vos proches ou peut-\u00eatre voulez-vous vous offrir quelque chose d&#8217;agr\u00e9able et d&#8217;int\u00e9ressant ?\u00a0Quelle que soit l&#8217;occasion, un cadeau de Beauty Jar est toujours une bonne id\u00e9e !<\/span><\/p>\n<p>Coffret cadeau avec 7 superbes produits pour votre beaut\u00e9 !<\/p>\n<p><strong>1. Le peeling des l\u00e8vres Bite Me.<\/strong><br \/>\nPeeling des l\u00e8vres aux enzymes botaniques, au beurre de karit\u00e9 et au beurre de cacao. Les canneberges et l&#8217;ananas contiennent des enzymes botaniques, des composants qui acc\u00e9l\u00e8rent le renouvellement cellulaire et rendent la peau des l\u00e8vres lisse et uniforme. Le beurre de karit\u00e9 et de noix de coco adoucit et hydrate la peau douce des l\u00e8vres. 1 minute et vos l\u00e8vres sont pr\u00eates pour l&#8217;application du rouge \u00e0 l\u00e8vres !<br \/>\n15 ml<\/p>\n<p><strong>2. Patchs oculaires liquides Cool Eyes.<\/strong><br \/>\nPatchs liquides pour les yeux au caf\u00e9 vert, extrait de concombre et extrait d&#8217;\u00e9glantier. Bonjour, il est temps d&#8217;ouvrir les yeux ! Le gel rafra\u00eechit agr\u00e9ablement la peau et aide \u00e0 se r\u00e9veiller. La caf\u00e9ine du caf\u00e9 vert stimule la microcirculation et aide \u00e0 r\u00e9duire les poches. La rose musqu\u00e9e est la premi\u00e8re \u00e0 contenir de la vitamine C. Elle \u00e9claircit la peau et lui donne un aspect radieux. L&#8217;extrait de concombre hydrate.<br \/>\n15 ml<\/p>\n<p><strong>3. Cr\u00e8me pour les l\u00e8vres hydratante en profondeur Underwater Kiss.<\/strong><br \/>\nCr\u00e8me pour les l\u00e8vres hydratante en profondeur avec extrait d&#8217;algues, acide hyaluronique et extrait d&#8217;alo\u00e8s. L&#8217;extrait d&#8217;algues stimule la synth\u00e8se de collag\u00e8ne et lisse la peau. L&#8217;acide hyaluronique hydrate et maintient la peau des l\u00e8vres ferme. L&#8217;extrait d&#8217;alo\u00e8s adoucit et soulage la s\u00e9cheresse des l\u00e8vres.<br \/>\n15 ml<\/p>\n<p><strong>4. Gommage nettoyant en profondeur du cuir chevelu Happy Scalp.<\/strong><br \/>\nGommage nettoyant en profondeur du cuir chevelu avec du sel marin, de l&#8217;huile d&#8217;arbre \u00e0 th\u00e9 et de la menthe poivr\u00e9e. Ce gommage est destin\u00e9 \u00e0 \u00e9liminer toutes les impuret\u00e9s accumul\u00e9es au niveau du cuir chevelu et \u00e0 nettoyer vos cheveux en profondeur. L&#8217;huile d&#8217;arbre \u00e0 th\u00e9 a des propri\u00e9t\u00e9s antibact\u00e9riennes et aide \u00e0 r\u00e9duire le gras et les pellicules. L&#8217;huile de menthe poivr\u00e9e apaise la peau et soulage les d\u00e9mangeaisons. Des cheveux sains ont besoin d\u2019un cuir chevelu heureux !<br \/>\n60 ml<\/p>\n<p><strong>5. Peeling corporel Cherry Smash.<\/strong><br \/>\nPeeling corporel \u00e0 l&#8217;huile de cerise, \u00e0 l&#8217;extrait de sauge, au beurre de cacao et \u00e0 l&#8217;huile de citron. Le gommage est bas\u00e9 sur des particules exfoliantes naturelles, des beurres nourrissants et des baies juteuses. Tout ce dont vous avez besoin pour une peau belle et \u00e9clatante dans un seul pot !<br \/>\n60 ml<\/p>\n<p><strong>6. Baume pour cuticules et ongles Oh, My Nails.<\/strong><br \/>\nBaume pour cuticules et ongles avec huile de citron, beurre de cacao et huile d&#8217;amande. Cacao, amande, noix de coco, raisin\u2026 Autant de nutriments dans un pot qui donnent l\u2019eau \u00e0 la bouche ! Les huiles et beurres nourrissent, hydratent et adoucissent les cuticules s\u00e8ches. Un duo de citron et de romarin renforce et illumine la plaque de l&#8217;ongle. Les doigts sont si beaux \u2013 juste un spectacle pour les yeux endoloris !<br \/>\n15 ml<\/p>\n<p><strong>7. Shampoing solide pour cuir chevelu sensible J&#8217;ai des sentiments ! I Have feelings !<\/strong><br \/>\nShampoing solide pour cuir chevelu sensible \u00e0 l&#8217;huile de baies de geni\u00e8vre et \u00e0 l&#8217;huile de lavande. Pour les peaux d\u00e9licates, moins il y en a, mieux c&#8217;est ! Le shampoing solide sans SLS, SLES, parfums et colorants nettoie en douceur le cuir chevelu et les cheveux. L&#8217;huile de baies de geni\u00e8vre a un effet antibact\u00e9rien, aide \u00e0 lutter contre les pellicules et rend les cheveux brillants. La lavande est r\u00e9put\u00e9e pour ses propri\u00e9t\u00e9s lissantes. Son huile soulage les d\u00e9mangeaisons et r\u00e9duit les irritations du cuir chevelu.<br \/>\n25g<\/p>\n<\/div>\n<h4>Ingr\u00e9dients<\/h4>\n<p><strong>1. Le peeling des l\u00e8vres Bite Me :<\/strong>\u00a0saccharose, huile d&#8217;Elaeis Guineensis (palme), huile de Zea Mays (ma\u00efs), huile de Cocos Nucifera (noix de coco), glyc\u00e9rine, beurre de Butyrospermum Parkii (karit\u00e9), beurre de graines de Theobroma Cacao (cacao), Vaccinium Macrocarpon (canneberge) Extrait de fruit, huile d&#8217;Elaeis Guineensis (palme rouge), huile de p\u00e9pins de Vitis Vinifera (raisin), extrait de fruit d&#8217;Ananas Sativus (ananas), ac\u00e9tate de tocoph\u00e9ryle (vitamine E), parfum, eau, acide citrique, benzoate de sodium, sorbate de potassium.<\/p>\n<p><strong>2. Shampoing solide pour cuir chevelu sensible J&#8217;ai des sentiments ! I Have feelings !<\/strong> : CocoSulfate de sodium, Aqua, alcool c\u00e9t\u00e9arylique, cocamidopropyl b\u00e9ta\u00efne, beurre de graines de Theobroma Cacao (cacao), m\u00e9thosulfate de Behentrimonium, beurre de Butyrospermum Parkii (karit\u00e9), dist\u00e9arate de polyglyc\u00e9ryl-3 m\u00e9thylglucose, Juniperus Communis (gen\u00e9vrier) Huile de fruit, huile de fleur de Lavandula Angustifolia (lavande), huile de graines de Ricinus Communis (ricin), huile d&#8217;aiguille d&#8217;Abies Sibirica, poudre de Chlorella vulgaris (algues vertes), limon\u00e8ne, linalol.<\/p>\n<p><strong>3. Patchs oculaires liquides Cool Eyes :<\/strong>\u00a0Aqua, Glyc\u00e9rine, Gomme de Caesalpinia Spinosa, Glycereth-8-Esters d&#8217;huile d&#8217;olive, Extrait d&#8217;Acmella Oleracea, Extrait de graines de Coffea Arabica, Extrait de feuille de Mentha Piperita (menthe poivr\u00e9e), Extrait de fruit de Rosa Canina (Rose sauvage), Cucumis Sativus Extrait de fruit (concombre), huile de Mentha Piperita (menthe poivr\u00e9e), menthol, ur\u00e9e, alcool benzylique, acide d\u00e9hydroac\u00e9tique, alcool, acide citrique, benzoate de sodium, sorbate de potassium, hydroxyde de sodium, limon\u00e8ne.<\/p>\n<p><strong>4. Cr\u00e8me pour les l\u00e8vres hydratante en profondeur Underwater Kiss<\/strong> : huile de fruit Olea Europaea (olive), triglyc\u00e9rides caprylique\/caprique, Cera Alba (cire d&#8217;abeille), huile d&#8217;olive hydrog\u00e9n\u00e9e, st\u00e9arate de glyc\u00e9ryle, huile de Cocos Nucifera (noix de coco), huile de graines de Ricinus Communis (ricin), Oryza Sativa Cire de son (riz), insaponifiables d&#8217;huile d&#8217;olive Europaea (olive), extrait de feuille d&#8217;Aloe Barbadensis, extrait d&#8217;algues (algues), acide hyaluronique hydrolys\u00e9, glyc\u00e9rine, eau, parfum, acide citrique, benzoate de sodium, sorbate de potassium.<\/p>\n<p><strong>5. Gommage nettoyant en profondeur du cuir chevelu Happy Scalp<\/strong>\u00a0: chlorure de sodium, eau, glyc\u00e9rine, b\u00e9ta\u00efne de cocamidopropyle, st\u00e9arate de glyc\u00e9ryle, dist\u00e9arate de polyglyc\u00e9ryl-3 m\u00e9thylglucose, cocosulfate de sodium, glucoside de d\u00e9cyle, ur\u00e9e, panth\u00e9nol, isom\u00e9rate de saccharide, menthol, huile de feuille de Melaleuca Alternifolia (arbre \u00e0 th\u00e9), Huile de Mentha Piperita (menthe poivr\u00e9e), gomme de xanthane, chlorure de guar hydroxypropyltrimonium, alcool benzylique, acide citrique, citrate de sodium, acide d\u00e9hydroac\u00e9tique.<\/p>\n<p><strong>6. Baume pour cuticules et ongles Oh, My Nails<\/strong> : huile de p\u00e9pins de Vitis Vinifera (raisin), huile de Prunus Amygdalus Dulcis (amande douce), colophane de glyc\u00e9ryle, st\u00e9arate de glyc\u00e9ryle, triglyc\u00e9rides caprylique\/caprique, cire de fruit Myrica Cerifera (baie), Ricinus Communis (ricin) Huile de graines, huile de fruit d&#8217;Olea Europaea (olive), beurre de graines de Theobroma Cacao (cacao), cire d&#8217;Euphorbia Cerifera (Candelilla), huile d&#8217;olive Glycereth-8-Esters, huile de Cocos Nucifera (noix de coco), huile d&#8217;\u00e9corce de Citrus Limon (citron), Rosmarinus. Huile de feuille d&#8217;Officinalis (romarin), extrait de fruit de Rosa Canina (rose sauvage), panth\u00e9nol, huile de graines d&#8217;Helianthus Annuus (tournesol), glyc\u00e9rine, eau, palmitate d&#8217;ascorbyle, tocoph\u00e9rol, acide citrique, benzoate de sodium, sorbate de potassium, citral, limon\u00e8ne, linalol.<\/p>\n<p><strong>7. Peeling corporel Cherry Smash<\/strong> : saccharose, huile de Zea Mays (ma\u00efs), pierre ponce, glyc\u00e9rine, cocamidopropyl b\u00e9ta\u00efne, huile d&#8217;Elaeis Guineensis (palme), parfum, beurre de graines de Theobroma Cacao (cacao), beurre de Butyrospermum Parkii (karit\u00e9), Prunus Cerasus (cerise) Huile de graines, extrait de feuille de Salvia Officinalis (sauge), huile d&#8217;\u00e9corce de Citrus Limon (citron), Aqua, ac\u00e9tate de tocoph\u00e9ryle (vitamine E), acide citrique, benzoate de sodium, sorbate de potassium, CI 14720, limon\u00e8ne, citral.<\/p>\n<h4>Mode d&#8217;emploi<\/h4>\n<p><strong>Peeling pour les l\u00e8vres Bite Me :<\/strong> appliquer sur peau humide en effectuant des mouvements circulaires. Masser pendant 1 minute et rincer \u00e0 l&#8217;eau. Utiliser deux fois par semaine.<\/p>\n<p><strong>Shampoing solide pour cuir chevelu sensible I Have Feelings! :<\/strong> cheveux mouill\u00e9s et shampoing. Appliquer le shampooing sur toute la longueur des cheveux et faire mousser. Rincer \u00e0 l&#8217;eau ti\u00e8de et utiliser un baume capillaire si n\u00e9cessaire. Conservez le shampoing dans un porte-savon.<\/p>\n<p><strong>Patchs oculaires liquides Cool Eyes :<\/strong> conserver le gel au r\u00e9frig\u00e9rateur ou au cong\u00e9lateur 10 minutes avant utilisation. Appliquer sous les yeux et conserver 10 minutes. Retirez le gel restant avec un coton.<\/p>\n<p><strong>Cr\u00e8me pour les l\u00e8vres hydratante en profondeur Underwater Kiss :<\/strong> appliquer sur les l\u00e8vres aussi souvent que n\u00e9cessaire.<\/p>\n<p><strong>Gommage nettoyant en profondeur du cuir chevelu Happy Scalp :<\/strong> mouillez vos cheveux, puis appliquez le gommage et massez votre cuir chevelu. Rincez le tout \u00e0 l&#8217;eau et utilisez votre shampoing pr\u00e9f\u00e9r\u00e9.<\/p>\n<p><strong>Baume pour cuticules et ongles Oh, mes ongles\u00a0:<\/strong> massez doucement le baume dans les cuticules et autour d&#8217;elles. Utiliser aussi souvent que n\u00e9cessaire.<\/p>\n<p><strong>Peeling corporel Cherry Smash :<\/strong> appliquer sur peau humide en massant doucement. Rincer \u00e0 l&#8217;eau.<\/p>\n","protected":false},"excerpt":{"rendered":"<div class=\"grve-short-description\">\n<h4><strong><span>Coffret cadeau comprenant 7 excellents produits pour votre corps et votre visage.<\/span><\/strong><\/h4>\n<p><span>Voulez-vous surprendre vos proches ou peut-\u00eatre voulez-vous vous offrir quelque chose d&#8217;agr\u00e9able et d&#8217;int\u00e9ressant ?\u00a0Quelle que soit l&#8217;occasion, un cadeau de Beauty Jar est toujours une bonne id\u00e9e !<\/span><\/p>\n<\/div>\n","protected":false},"featured_media":13763,"comment_status":"open","ping_status":"closed","template":"","meta":{"_themeisle_gutenberg_block_has_review":false,"wds_primary_product_brand":0,"wds_primary_product_cat":0},"product_brand":[],"product_cat":[235],"product_tag":[],"class_list":{"0":"post-13761","1":"product","2":"type-product","3":"status-publish","4":"has-post-thumbnail","6":"product_cat-beauty-jar","8":"first","9":"instock","10":"shipping-taxable","11":"purchasable","12":"product-type-simple"},"jetpack_sharing_enabled":true,"_links":{"self":[{"href":"https:\/\/orthomedix.eu\/boutique\/wp-json\/wp\/v2\/product\/13761","targetHints":{"allow":["GET"]}}],"collection":[{"href":"https:\/\/orthomedix.eu\/boutique\/wp-json\/wp\/v2\/product"}],"about":[{"href":"https:\/\/orthomedix.eu\/boutique\/wp-json\/wp\/v2\/types\/product"}],"replies":[{"embeddable":true,"href":"https:\/\/orthomedix.eu\/boutique\/wp-json\/wp\/v2\/comments?post=13761"}],"wp:featuredmedia":[{"embeddable":true,"href":"https:\/\/orthomedix.eu\/boutique\/wp-json\/wp\/v2\/media\/13763"}],"wp:attachment":[{"href":"https:\/\/orthomedix.eu\/boutique\/wp-json\/wp\/v2\/media?parent=13761"}],"wp:term":[{"taxonomy":"product_brand","embeddable":true,"href":"https:\/\/orthomedix.eu\/boutique\/wp-json\/wp\/v2\/product_brand?post=13761"},{"taxonomy":"product_cat","embeddable":true,"href":"https:\/\/orthomedix.eu\/boutique\/wp-json\/wp\/v2\/product_cat?post=13761"},{"taxonomy":"product_tag","embeddable":true,"href":"https:\/\/orthomedix.eu\/boutique\/wp-json\/wp\/v2\/product_tag?post=13761"}],"curies":[{"name":"wp","href":"https:\/\/api.w.org\/{rel}","templated":true}]}}