{"id":13907,"date":"2024-03-25T16:05:02","date_gmt":"2024-03-25T15:05:02","guid":{"rendered":"https:\/\/orthomedix.eu\/boutique\/?post_type=product&#038;p=13907"},"modified":"2024-03-25T16:21:00","modified_gmt":"2024-03-25T15:21:00","slug":"mirage-pak","status":"publish","type":"product","link":"https:\/\/orthomedix.eu\/boutique\/produit\/mirage-pak\/","title":{"rendered":"MIRAGE PAK"},"content":{"rendered":"<div>\n<div class=\"with-icon\"><strong><span class=\"with-icon__beside\">Description<\/span><\/strong><\/div>\n<\/div>\n<div class=\"cc-accordion-item__panel\">\n<div class=\"cc-accordion-item__content rte cf\">Pak de course compact et \u00e9l\u00e9gant pour ceux qui ont besoin de porter les \u00e9l\u00e9ments essentiels &#8211; mais ne veulent pas les ressentir !<\/div>\n<div><\/div>\n<div class=\"cc-accordion-item__content rte cf\"><strong><span class=\"with-icon__beside\">Caract\u00e9ristiques<\/span><\/strong><\/div>\n<div>\n<div class=\"cc-accordion-item__panel\">\n<div class=\"cc-accordion-item__content rte cf\">\n<p><span class=\"metafield-multi_line_text_field\">\u2022 L&#8217;int\u00e9rieur ultrasoft-bross\u00e9 prot\u00e8ge les smartphones<br \/>\n\u2022 Ceinture \u00e9lastique \u00e9lastique enti\u00e8rement r\u00e9glable, am\u00e9lior\u00e9e et \u00e9lastique<br \/>\n\u2022 D\u00e9tails r\u00e9fl\u00e9chissants 3M \u2122 pour une plus grande visibilit\u00e9<br \/>\n\u2022 La poche de cachette interne garde de l&#8217;argent, des cartes de cr\u00e9dit et une pi\u00e8ce d&#8217;identit\u00e9 en place<br \/>\n\u2022 Clip anneau de cl\u00e9 interne<\/span><\/p>\n<\/div>\n<\/div>\n<\/div>\n<\/div>\n<p>&nbsp;<\/p>\n","protected":false},"excerpt":{"rendered":"<h5>Pak de course compact et \u00e9l\u00e9gant pour ceux qui ont besoin de porter les \u00e9l\u00e9ments essentiels &#8211; mais ne veulent pas les ressentir\u00a0!<\/h5>\n<h5><slot id=\"details-content\"><span class=\"metafield-multi_line_text_field\">L&#8217;int\u00e9rieur ultrasoft-bross\u00e9 prot\u00e8ge les smartphones<\/span><\/slot><\/h5>\n","protected":false},"featured_media":13908,"comment_status":"open","ping_status":"closed","template":"","meta":{"_themeisle_gutenberg_block_has_review":false,"wds_primary_product_brand":0,"wds_primary_product_cat":0},"product_brand":[],"product_cat":[249],"product_tag":[],"class_list":{"0":"post-13907","1":"product","2":"type-product","3":"status-publish","4":"has-post-thumbnail","6":"product_cat-accessoires-sportifs-nathan","8":"first","9":"instock","10":"shipping-taxable","11":"purchasable","12":"product-type-variable"},"jetpack_sharing_enabled":true,"_links":{"self":[{"href":"https:\/\/orthomedix.eu\/boutique\/wp-json\/wp\/v2\/product\/13907","targetHints":{"allow":["GET"]}}],"collection":[{"href":"https:\/\/orthomedix.eu\/boutique\/wp-json\/wp\/v2\/product"}],"about":[{"href":"https:\/\/orthomedix.eu\/boutique\/wp-json\/wp\/v2\/types\/product"}],"replies":[{"embeddable":true,"href":"https:\/\/orthomedix.eu\/boutique\/wp-json\/wp\/v2\/comments?post=13907"}],"wp:featuredmedia":[{"embeddable":true,"href":"https:\/\/orthomedix.eu\/boutique\/wp-json\/wp\/v2\/media\/13908"}],"wp:attachment":[{"href":"https:\/\/orthomedix.eu\/boutique\/wp-json\/wp\/v2\/media?parent=13907"}],"wp:term":[{"taxonomy":"product_brand","embeddable":true,"href":"https:\/\/orthomedix.eu\/boutique\/wp-json\/wp\/v2\/product_brand?post=13907"},{"taxonomy":"product_cat","embeddable":true,"href":"https:\/\/orthomedix.eu\/boutique\/wp-json\/wp\/v2\/product_cat?post=13907"},{"taxonomy":"product_tag","embeddable":true,"href":"https:\/\/orthomedix.eu\/boutique\/wp-json\/wp\/v2\/product_tag?post=13907"}],"curies":[{"name":"wp","href":"https:\/\/api.w.org\/{rel}","templated":true}]}}