{"id":13917,"date":"2024-03-25T16:30:53","date_gmt":"2024-03-25T15:30:53","guid":{"rendered":"https:\/\/orthomedix.eu\/boutique\/?post_type=product&#038;p=13917"},"modified":"2024-03-25T16:30:53","modified_gmt":"2024-03-25T15:30:53","slug":"mirage-pak-plus","status":"publish","type":"product","link":"https:\/\/orthomedix.eu\/boutique\/produit\/mirage-pak-plus\/","title":{"rendered":"MIRAGE PAK PLUS"},"content":{"rendered":"<div>\n<div class=\"with-icon\"><strong><span class=\"with-icon__beside\">Description<\/span><\/strong><\/div>\n<\/div>\n<p><slot id=\"details-content\"><\/slot><\/p>\n<div class=\"cc-accordion-item__panel\">\n<div class=\"cc-accordion-item__content rte cf\">\n<p>Con\u00e7u pour les courses de tous les jours \u00e0 la course, la ceinture r\u00e9glable Mirage Pak Plus transporte vos essentiels dans un pak de course compact et \u00e9l\u00e9gant et comprend d\u00e9sormais des attachements de num\u00e9ro de course.<\/p>\n<p><strong>Taille:<span>\u00a0<\/span><\/strong>OSFM 26 \u201d- 44\u201d (66 cm &#8211; 112 cm)<\/p>\n<div>\n<div class=\"with-icon\"><strong><span class=\"with-icon__beside\">Caract\u00e9ristiques<\/span><\/strong><\/div>\n<\/div>\n<p><slot id=\"details-content\"><\/slot><\/p>\n<div class=\"cc-accordion-item__panel\">\n<div class=\"cc-accordion-item__content rte cf\">\n<p><span class=\"metafield-multi_line_text_field\">\u2022 L&#8217;int\u00e9rieur ultrasoft-bross\u00e9 prot\u00e8ge les smartphones<br \/>\n\u2022 Ceinture \u00e9lastique \u00e9lastique enti\u00e8rement r\u00e9glable et \u00e9lastique<br \/>\n\u2022 D\u00e9tails r\u00e9fl\u00e9chissants 3M \u2122 pour une plus grande visibilit\u00e9<br \/>\n\u2022 La poche de cachette interne maintient de l&#8217;argent et une pi\u00e8ce d&#8217;identit\u00e9 en place<br \/>\n\u2022 Clip anneau de cl\u00e9 interne<\/span><\/p>\n<\/div>\n<\/div>\n<p>&nbsp;<\/p>\n<\/div>\n<\/div>\n<p>&nbsp;<\/p>\n","protected":false},"excerpt":{"rendered":"<h5>Con\u00e7u pour les courses de tous les jours \u00e0 la course, la ceinture r\u00e9glable Mirage Pak Plus transporte vos essentiels dans un pak de course compact et \u00e9l\u00e9gant et comprend d\u00e9sormais des attachements de num\u00e9ro de course.<\/h5>\n","protected":false},"featured_media":13919,"comment_status":"open","ping_status":"closed","template":"","meta":{"_themeisle_gutenberg_block_has_review":false,"wds_primary_product_brand":0,"wds_primary_product_cat":0},"product_brand":[],"product_cat":[249],"product_tag":[],"class_list":{"0":"post-13917","1":"product","2":"type-product","3":"status-publish","4":"has-post-thumbnail","6":"product_cat-accessoires-sportifs-nathan","8":"first","9":"instock","10":"shipping-taxable","11":"purchasable","12":"product-type-variable"},"jetpack_sharing_enabled":true,"_links":{"self":[{"href":"https:\/\/orthomedix.eu\/boutique\/wp-json\/wp\/v2\/product\/13917","targetHints":{"allow":["GET"]}}],"collection":[{"href":"https:\/\/orthomedix.eu\/boutique\/wp-json\/wp\/v2\/product"}],"about":[{"href":"https:\/\/orthomedix.eu\/boutique\/wp-json\/wp\/v2\/types\/product"}],"replies":[{"embeddable":true,"href":"https:\/\/orthomedix.eu\/boutique\/wp-json\/wp\/v2\/comments?post=13917"}],"wp:featuredmedia":[{"embeddable":true,"href":"https:\/\/orthomedix.eu\/boutique\/wp-json\/wp\/v2\/media\/13919"}],"wp:attachment":[{"href":"https:\/\/orthomedix.eu\/boutique\/wp-json\/wp\/v2\/media?parent=13917"}],"wp:term":[{"taxonomy":"product_brand","embeddable":true,"href":"https:\/\/orthomedix.eu\/boutique\/wp-json\/wp\/v2\/product_brand?post=13917"},{"taxonomy":"product_cat","embeddable":true,"href":"https:\/\/orthomedix.eu\/boutique\/wp-json\/wp\/v2\/product_cat?post=13917"},{"taxonomy":"product_tag","embeddable":true,"href":"https:\/\/orthomedix.eu\/boutique\/wp-json\/wp\/v2\/product_tag?post=13917"}],"curies":[{"name":"wp","href":"https:\/\/api.w.org\/{rel}","templated":true}]}}