{"id":13945,"date":"2024-03-26T09:31:28","date_gmt":"2024-03-26T08:31:28","guid":{"rendered":"https:\/\/orthomedix.eu\/boutique\/?post_type=product&#038;p=13945"},"modified":"2024-03-26T09:49:30","modified_gmt":"2024-03-26T08:49:30","slug":"summit-polarized-running-sunglasses-clear","status":"publish","type":"product","link":"https:\/\/orthomedix.eu\/boutique\/produit\/summit-polarized-running-sunglasses-clear\/","title":{"rendered":"SUMMIT POLARIZED RUNNING SUNGLASSES CLEAR"},"content":{"rendered":"<div>\n<div class=\"with-icon\"><strong><span class=\"with-icon__beside\">Description<\/span><\/strong><\/div>\n<\/div>\n<div class=\"cc-accordion-item__panel\">\n<div class=\"cc-accordion-item__content rte cf\">Les cadres TR90 Premium sont extr\u00eamement confortables \u00e0 porter. Id\u00e9al pour courir ou toute activit\u00e9. Les lentilles polaris\u00e9es en polycarbonate fournissent une clart\u00e9 de qualit\u00e9 optique et une protection \u00e0 100% UV.<\/div>\n<div><\/div>\n<div class=\"cc-accordion-item__content rte cf\"><strong>Cristal clair<\/strong><\/div>\n<div class=\"cc-accordion-item__content rte cf\"><pan>R\u00e9duisez l&#8217;\u00e9blouissement et am\u00e9liorez le confort et la visibilit\u00e9<\/pan><\/div>\n<div><\/div>\n<div class=\"cc-accordion-item__content rte cf\"><pan><strong>Flex Frame<\/strong><br \/>\n<span>Cadre TR90 l\u00e9ger, con\u00e7u pour la r\u00e9sistance et la flexibilit\u00e9. Con\u00e7u pour supporter les t\u00e2ches ou les sentiers les plus difficiles avec une protection d&#8217;impact ultime<\/span><\/pan>\n<div>\n<div><\/div>\n<div class=\"with-icon\"><strong><span class=\"with-icon__beside\">Caract\u00e9ristiques<\/span><\/strong><\/div>\n<\/div>\n<div class=\"cc-accordion-item__panel\">\n<div class=\"cc-accordion-item__content rte cf\">\n<p><span class=\"metafield-multi_line_text_field\">\u2022 <pan><span>Cadre<\/span><\/pan> TR90<br \/>\n\u2022 r\u00e9sistant l\u00e9ger et impact; r\u00e9silient aux dommages<br \/>\n\u2022 r\u00e9sistant \u00e0 la temp\u00e9rature; r\u00e9siste aux temp\u00e9ratures \u00e9lev\u00e9es et basse<br \/>\n\u2022 Plume de poil \u00e0 poil \u00e0 la poign\u00e9e \u00e0 poil \u00e0 la poign\u00e9e douce<br \/>\n\u2022 Les poign\u00e9es en caoutchouc se trouvent au ras du cadre aux extr\u00e9mit\u00e9s du temple<br \/>\n\u2022 Pr\u00eat sur ordonnance (Rx Lences compatible)<br \/>\n\u2022 Lentilles polaris\u00e9es en polycarbonate<br \/>\n\u2022 Protection \u00e0 100% UV<br \/>\n\u2022 r\u00e9pond aux normes d&#8217;impact ANSI et FDA<br \/>\n\u2022 Largeur: \u00e9troit \/ moyen<br \/>\n\u2022 Livr\u00e9 avec une pochette de stockage de cha\u00eene de tirage<\/span><\/p>\n<\/div>\n<\/div>\n<\/div>\n<p>&nbsp;<\/p>\n<\/div>\n<p>&nbsp;<\/p>\n","protected":false},"excerpt":{"rendered":"<h5>Les cadres TR90 Premium sont extr\u00eamement confortables \u00e0 porter. Id\u00e9al pour courir ou toute activit\u00e9. Les lentilles polaris\u00e9es en polycarbonate fournissent une clart\u00e9 de qualit\u00e9 optique et une protection \u00e0 100% UV.<\/h5>\n<h5><pan>Les lentilles polaris\u00e9es r\u00e9duisent l&#8217;\u00e9blouissement et am\u00e9liorent le confort et la visibilit\u00e9.<\/pan><\/h5>\n<h5><pan>Con\u00e7u pour supporter les t\u00e2ches ou les sentiers les plus difficiles avec une protection d&#8217;impact ultime.<\/pan><\/h5>\n","protected":false},"featured_media":13946,"comment_status":"open","ping_status":"closed","template":"","meta":{"_themeisle_gutenberg_block_has_review":false,"wds_primary_product_brand":0,"wds_primary_product_cat":0},"product_brand":[],"product_cat":[249],"product_tag":[],"class_list":{"0":"post-13945","1":"product","2":"type-product","3":"status-publish","4":"has-post-thumbnail","6":"product_cat-accessoires-sportifs-nathan","8":"first","9":"instock","10":"shipping-taxable","11":"purchasable","12":"product-type-simple"},"jetpack_sharing_enabled":true,"_links":{"self":[{"href":"https:\/\/orthomedix.eu\/boutique\/wp-json\/wp\/v2\/product\/13945","targetHints":{"allow":["GET"]}}],"collection":[{"href":"https:\/\/orthomedix.eu\/boutique\/wp-json\/wp\/v2\/product"}],"about":[{"href":"https:\/\/orthomedix.eu\/boutique\/wp-json\/wp\/v2\/types\/product"}],"replies":[{"embeddable":true,"href":"https:\/\/orthomedix.eu\/boutique\/wp-json\/wp\/v2\/comments?post=13945"}],"wp:featuredmedia":[{"embeddable":true,"href":"https:\/\/orthomedix.eu\/boutique\/wp-json\/wp\/v2\/media\/13946"}],"wp:attachment":[{"href":"https:\/\/orthomedix.eu\/boutique\/wp-json\/wp\/v2\/media?parent=13945"}],"wp:term":[{"taxonomy":"product_brand","embeddable":true,"href":"https:\/\/orthomedix.eu\/boutique\/wp-json\/wp\/v2\/product_brand?post=13945"},{"taxonomy":"product_cat","embeddable":true,"href":"https:\/\/orthomedix.eu\/boutique\/wp-json\/wp\/v2\/product_cat?post=13945"},{"taxonomy":"product_tag","embeddable":true,"href":"https:\/\/orthomedix.eu\/boutique\/wp-json\/wp\/v2\/product_tag?post=13945"}],"curies":[{"name":"wp","href":"https:\/\/api.w.org\/{rel}","templated":true}]}}