{"id":13976,"date":"2024-03-26T11:10:42","date_gmt":"2024-03-26T10:10:42","guid":{"rendered":"https:\/\/orthomedix.eu\/boutique\/?post_type=product&#038;p=13976"},"modified":"2024-03-26T11:25:46","modified_gmt":"2024-03-26T10:25:46","slug":"chaussettes-aventure-a-basse-coupe","status":"publish","type":"product","link":"https:\/\/orthomedix.eu\/boutique\/produit\/chaussettes-aventure-a-basse-coupe\/","title":{"rendered":"CHAUSSETTES AVENTURE \u00c0 BASSE COUPE"},"content":{"rendered":"<div>\n<div class=\"with-icon\"><strong><span class=\"with-icon__beside\">Description<\/span><\/strong><\/div>\n<\/div>\n<p>Cette chaussette basse est pr\u00eate \u00e0 parcourir les kilom\u00e8tres. Il dispose d&#8217;onglets de vitesse \u00e0 l&#8217;avant et \u00e0 l&#8217;arri\u00e8re de la cheville pour r\u00e9duire les frottements et les cloques et est anatomiquement ajust\u00e9 pour amortir votre pied de l&#8217;impact.<br \/>\n<slot id=\"details-content\"><\/slot><\/p>\n<div class=\"cc-accordion-item__panel\">\n<div class=\"cc-accordion-item__content rte cf\">\n<p><strong>Vos pieds d&#8217;abord<\/strong><\/p>\n<pan>Vos pieds sont litt\u00e9ralement votre moteur lorsque vous courez, alors faisons-en une priorit\u00e9. Avec nos chaussettes \u00e0 faible coupe, vos pieds seront choy\u00e9s avec le talon rembourr\u00e9 et les orteils en fils m\u00e9rinos et anti-noir et compression en arc sous le pied pour le soutien. Des fils respirants pour prendre soin de vos pieds mile apr\u00e8s mile.<\/pan>\n<p>&nbsp;<\/p>\n<p><strong>Blister libre<\/strong><\/p>\n<pan>Prot\u00e9gez vos pieds contre les frottements et provoquent des cloques sur la plus longue des courses avec le talon et les orteils rembourr\u00e9s, fabriqu\u00e9s \u00e0 partir d&#8217;un m\u00e9lange de fils m\u00e9rinos et anti-floriss et le collier sur\u00e9lev\u00e9 \u00e0 l&#8217;avant et \u00e0 l&#8217;arri\u00e8re.<\/pan>\n<p>&nbsp;<\/p>\n<p><strong><span class=\"with-icon__beside\">Caract\u00e9ristiques<\/span><\/strong><\/p>\n<\/div>\n<\/div>\n<div class=\"cc-accordion-item__panel\">\n<div class=\"cc-accordion-item__content rte cf\">\n<p><span class=\"metafield-multi_line_text_field\">\u2022 Les onglets de vitesse prot\u00e8gent l&#8217;avant et l&#8217;arri\u00e8re de la cheville pour r\u00e9duire les frottements et les cloques<br \/>\n\u2022 La cheville c\u00f4tel\u00e9e maintient vos chaussettes en place<br \/>\n\u2022 Le talon et les orteils rembourr\u00e9s vous donnent un maximum de confort et emp\u00eachent les cloques<br \/>\n\u2022 Le support d&#8217;arc cibl\u00e9 sous les pieds compression emp\u00eache votre pied des crampes<br \/>\n\u2022 Les chaussettes sp\u00e9cifiques \u00e0 gauche et \u00e0 droite anatomiquement offrent un meilleur ajustement<br \/>\n\u2022 La ventilation en tricot ouvert permet la respirabilit\u00e9 et aide \u00e0 garder vos pieds au sec<br \/>\n\u2022 La couture double y a un ajustement sur mesure sup\u00e9rieur avec un orteil sans volume<br \/>\n\u2022 Mat\u00e9riaux: 80% de nylon, 15% de spandex, 5% \u00e9lastique<\/span><\/p>\n<\/div>\n<\/div>\n<p>&nbsp;<\/p>\n","protected":false},"excerpt":{"rendered":"<h5>Cette chaussette basse est pr\u00eate \u00e0 parcourir les kilom\u00e8tres. Il dispose d&#8217;onglets de vitesse \u00e0 l&#8217;avant et \u00e0 l&#8217;arri\u00e8re de la cheville pour r\u00e9duire les frottements et les cloques et est anatomiquement ajust\u00e9 pour amortir votre pied de l&#8217;impact.<\/h5>\n<h5><pan>Vos pieds sont litt\u00e9ralement votre moteur lorsque vous courez, alors faisons-en une priorit\u00e9.<\/pan><\/h5>\n","protected":false},"featured_media":13989,"comment_status":"open","ping_status":"closed","template":"","meta":{"_themeisle_gutenberg_block_has_review":false,"wds_primary_product_brand":0,"wds_primary_product_cat":0},"product_brand":[],"product_cat":[249],"product_tag":[],"class_list":{"0":"post-13976","1":"product","2":"type-product","3":"status-publish","4":"has-post-thumbnail","6":"product_cat-accessoires-sportifs-nathan","8":"first","9":"instock","10":"shipping-taxable","11":"purchasable","12":"product-type-variable"},"jetpack_sharing_enabled":true,"_links":{"self":[{"href":"https:\/\/orthomedix.eu\/boutique\/wp-json\/wp\/v2\/product\/13976","targetHints":{"allow":["GET"]}}],"collection":[{"href":"https:\/\/orthomedix.eu\/boutique\/wp-json\/wp\/v2\/product"}],"about":[{"href":"https:\/\/orthomedix.eu\/boutique\/wp-json\/wp\/v2\/types\/product"}],"replies":[{"embeddable":true,"href":"https:\/\/orthomedix.eu\/boutique\/wp-json\/wp\/v2\/comments?post=13976"}],"wp:featuredmedia":[{"embeddable":true,"href":"https:\/\/orthomedix.eu\/boutique\/wp-json\/wp\/v2\/media\/13989"}],"wp:attachment":[{"href":"https:\/\/orthomedix.eu\/boutique\/wp-json\/wp\/v2\/media?parent=13976"}],"wp:term":[{"taxonomy":"product_brand","embeddable":true,"href":"https:\/\/orthomedix.eu\/boutique\/wp-json\/wp\/v2\/product_brand?post=13976"},{"taxonomy":"product_cat","embeddable":true,"href":"https:\/\/orthomedix.eu\/boutique\/wp-json\/wp\/v2\/product_cat?post=13976"},{"taxonomy":"product_tag","embeddable":true,"href":"https:\/\/orthomedix.eu\/boutique\/wp-json\/wp\/v2\/product_tag?post=13976"}],"curies":[{"name":"wp","href":"https:\/\/api.w.org\/{rel}","templated":true}]}}