{"id":14,"date":"2021-09-03T15:48:12","date_gmt":"2021-09-03T13:48:12","guid":{"rendered":"https:\/\/alliance-humaine-sante-internationale.org\/?post_type=product&#038;p=14"},"modified":"2024-08-27T11:23:34","modified_gmt":"2024-08-27T09:23:34","slug":"charbon-vegetal-actif-100gr","status":"publish","type":"product","link":"https:\/\/orthomedix.eu\/boutique\/produit\/charbon-vegetal-actif-100gr\/","title":{"rendered":"CHARBON ACTIF 100GR"},"content":{"rendered":"<p><strong>CHARBON VEGETAL ACTIF 100 GR<\/strong><br \/>\nLe charbon actif est constitu\u00e9 de charbon hautement poreux, dont les mol\u00e9cules ont une tr\u00e8s grande surface et se lient donc \u00e0 d&#8217;autres substances et substances toxiques. C&#8217;est un rem\u00e8de ancestral tr\u00e8s actif pour neutraliser les substances nocives.<br \/>\nPetit truc pour ne pas avoir les dents noires : boire l&#8217;eau charbonn\u00e9e avec une paille.<\/p>\n<p><strong>Note :<\/strong> respecter un d\u00e9lai d&#8217; 1 \u00e0 2 heures avant tout m\u00e9dicament et autre traitement.<\/p>\n","protected":false},"excerpt":{"rendered":"<p>Le Charbon actif en poudre r\u00e9duit l&#8217;exc\u00e8s de flatulence et de ballonnement et aide dans les troubles digestifs. Le charbon v\u00e9g\u00e9tal activ\u00e9 est reconnu pour ses nombreuses propri\u00e9t\u00e9s adsorbantes et assainnissantes. Il absorbe les toxines. Son usage polyvalent le rend indispensable dans la gamme des produits \u00e0 avoir toujours sous la main.<\/p>\n","protected":false},"featured_media":14402,"comment_status":"open","ping_status":"closed","template":"","meta":{"_themeisle_gutenberg_block_has_review":false,"wds_primary_product_brand":0,"wds_primary_product_cat":0},"product_brand":[],"product_cat":[16],"product_tag":[122],"class_list":{"0":"post-14","1":"product","2":"type-product","3":"status-publish","4":"has-post-thumbnail","6":"product_cat-complements-alimentaires","7":"product_tag-detox","9":"first","10":"instock","11":"shipping-taxable","12":"purchasable","13":"product-type-simple"},"jetpack_sharing_enabled":true,"_links":{"self":[{"href":"https:\/\/orthomedix.eu\/boutique\/wp-json\/wp\/v2\/product\/14","targetHints":{"allow":["GET"]}}],"collection":[{"href":"https:\/\/orthomedix.eu\/boutique\/wp-json\/wp\/v2\/product"}],"about":[{"href":"https:\/\/orthomedix.eu\/boutique\/wp-json\/wp\/v2\/types\/product"}],"replies":[{"embeddable":true,"href":"https:\/\/orthomedix.eu\/boutique\/wp-json\/wp\/v2\/comments?post=14"}],"wp:featuredmedia":[{"embeddable":true,"href":"https:\/\/orthomedix.eu\/boutique\/wp-json\/wp\/v2\/media\/14402"}],"wp:attachment":[{"href":"https:\/\/orthomedix.eu\/boutique\/wp-json\/wp\/v2\/media?parent=14"}],"wp:term":[{"taxonomy":"product_brand","embeddable":true,"href":"https:\/\/orthomedix.eu\/boutique\/wp-json\/wp\/v2\/product_brand?post=14"},{"taxonomy":"product_cat","embeddable":true,"href":"https:\/\/orthomedix.eu\/boutique\/wp-json\/wp\/v2\/product_cat?post=14"},{"taxonomy":"product_tag","embeddable":true,"href":"https:\/\/orthomedix.eu\/boutique\/wp-json\/wp\/v2\/product_tag?post=14"}],"curies":[{"name":"wp","href":"https:\/\/api.w.org\/{rel}","templated":true}]}}