{"id":14015,"date":"2024-03-26T12:59:45","date_gmt":"2024-03-26T11:59:45","guid":{"rendered":"https:\/\/orthomedix.eu\/boutique\/?post_type=product&#038;p=14015"},"modified":"2024-03-26T13:24:56","modified_gmt":"2024-03-26T12:24:56","slug":"luna-fire-250-rx-chord-tain","status":"publish","type":"product","link":"https:\/\/orthomedix.eu\/boutique\/produit\/luna-fire-250-rx-chord-tain\/","title":{"rendered":"LUNA FIRE 250 RX CHORD \/ TAIN"},"content":{"rendered":"<div>\n<div class=\"with-icon\"><strong><span class=\"with-icon__beside\">Description<\/span><\/strong><\/div>\n<\/div>\n<p><slot id=\"details-content\"><\/slot><\/p>\n<div class=\"cc-accordion-item__panel\">\n<div class=\"cc-accordion-item__content rte cf\">\n<p>La lumi\u00e8re des coureurs les plus r\u00e9centes et les plus polyvalents est la LUNA FIRE 250 RX RUN CHORD \/ TAILLE. La sangle confortable permet un placement s\u00e9curis\u00e9 sur votre poitrine ou votre taille tandis que vous pouvez r\u00e9gler l&#8217;angle du faisceau de haut en bas. En prime, vous pouvez retirer la lumi\u00e8re et vous faire couper sur tout ce que vous avez pour votre course. Illuminez ces routes, chemins ou sentiers nocturnes une fois effrayants avec les projecteurs puissants.<\/p>\n<p><strong>LED :<span>\u00a0<\/span><\/strong>250 MAX LUMEN Distance LED, Deux (2) batteries <brue>de la LED de proximit\u00e9 RVB : polym\u00e8re lithium-ion rechargeable via USB<br \/>\n<strong>Temps de fonctionnement :<span>\u00a0<\/span><\/strong>25+ heures<br \/>\n<strong>R\u00e9sistance \u00e0 l&#8217;eau :<span>\u00a0<\/span><\/strong>ipx4 &#8211; r\u00e9sistant aux intemp\u00e9ries<\/brue><\/p>\n<div>\n<div class=\"with-icon\"><strong><span class=\"with-icon__beside\">Caract\u00e9ristiques<\/span><\/strong><\/div>\n<\/div>\n<p><slot id=\"details-content\"><\/slot><\/p>\n<div class=\"cc-accordion-item__panel\">\n<div class=\"cc-accordion-item__content rte cf\">\n<p><span class=\"metafield-multi_line_text_field\">\u2022 Lumi\u00e8re de poitrine \/ taille du coureur l\u00e9ger et polyvalent<br \/>\n\u2022 250 Lumens LED Spotlight<br \/>\n\u2022 Comprend une sangle de poitrine \/ taille confortable<br \/>\n\u2022 Clips lumineux amovibles sur n&#8217;importe o\u00f9<br \/>\n\u2022 Batterie en polym\u00e8re lithium-ion rechargeable<\/span><\/p>\n<\/div>\n<\/div>\n<p>&nbsp;<\/p>\n<\/div>\n<\/div>\n<p>&nbsp;<\/p>\n","protected":false},"excerpt":{"rendered":"<h5>La lumi\u00e8re des coureurs les plus r\u00e9centes et les plus polyvalents est la LUNA FIRE 250 RX RUN CHORD \/ TAILLE. La sangle confortable permet un placement s\u00e9curis\u00e9 sur votre poitrine ou votre taille tandis que vous pouvez r\u00e9gler l&#8217;angle du faisceau de haut en bas. En prime, vous pouvez retirer la lumi\u00e8re et vous faire couper sur tout ce que vous avez pour votre course. Illuminez ces routes, chemins ou sentiers nocturnes une fois effrayants avec les projecteurs puissants.<\/h5>\n","protected":false},"featured_media":14016,"comment_status":"open","ping_status":"closed","template":"","meta":{"_themeisle_gutenberg_block_has_review":false,"wds_primary_product_brand":0,"wds_primary_product_cat":0},"product_brand":[],"product_cat":[249],"product_tag":[],"class_list":{"0":"post-14015","1":"product","2":"type-product","3":"status-publish","4":"has-post-thumbnail","6":"product_cat-accessoires-sportifs-nathan","8":"first","9":"instock","10":"shipping-taxable","11":"purchasable","12":"product-type-simple"},"jetpack_sharing_enabled":true,"_links":{"self":[{"href":"https:\/\/orthomedix.eu\/boutique\/wp-json\/wp\/v2\/product\/14015","targetHints":{"allow":["GET"]}}],"collection":[{"href":"https:\/\/orthomedix.eu\/boutique\/wp-json\/wp\/v2\/product"}],"about":[{"href":"https:\/\/orthomedix.eu\/boutique\/wp-json\/wp\/v2\/types\/product"}],"replies":[{"embeddable":true,"href":"https:\/\/orthomedix.eu\/boutique\/wp-json\/wp\/v2\/comments?post=14015"}],"wp:featuredmedia":[{"embeddable":true,"href":"https:\/\/orthomedix.eu\/boutique\/wp-json\/wp\/v2\/media\/14016"}],"wp:attachment":[{"href":"https:\/\/orthomedix.eu\/boutique\/wp-json\/wp\/v2\/media?parent=14015"}],"wp:term":[{"taxonomy":"product_brand","embeddable":true,"href":"https:\/\/orthomedix.eu\/boutique\/wp-json\/wp\/v2\/product_brand?post=14015"},{"taxonomy":"product_cat","embeddable":true,"href":"https:\/\/orthomedix.eu\/boutique\/wp-json\/wp\/v2\/product_cat?post=14015"},{"taxonomy":"product_tag","embeddable":true,"href":"https:\/\/orthomedix.eu\/boutique\/wp-json\/wp\/v2\/product_tag?post=14015"}],"curies":[{"name":"wp","href":"https:\/\/api.w.org\/{rel}","templated":true}]}}