{"id":14023,"date":"2024-03-26T13:22:06","date_gmt":"2024-03-26T12:22:06","guid":{"rendered":"https:\/\/orthomedix.eu\/boutique\/?post_type=product&#038;p=14023"},"modified":"2024-03-26T13:22:06","modified_gmt":"2024-03-26T12:22:06","slug":"lumiere-stroboscopique","status":"publish","type":"product","link":"https:\/\/orthomedix.eu\/boutique\/produit\/lumiere-stroboscopique\/","title":{"rendered":"LUMI\u00c8RE STROBOSCOPIQUE"},"content":{"rendered":"<div>\n<div class=\"with-icon\"><strong><span class=\"with-icon__beside\">Description<\/span><\/strong><\/div>\n<\/div>\n<p><slot id=\"details-content\"><\/slot><\/p>\n<div class=\"cc-accordion-item__panel\">\n<div class=\"cc-accordion-item__content rte cf\">\n<p>S\u00e9curit\u00e9 avec style dans un stroboscope mince, l\u00e9ger et imperm\u00e9able. Avec plus de 100 heures d&#8217;\u00e9clairage, la lumi\u00e8re stroboscopique a la quantit\u00e9 parfaite de lumi\u00e8re pour vous faire bouger en toute s\u00e9curit\u00e9 pendant toutes les heures de la journ\u00e9e.<\/p>\n<p><strong>LED:<span>\u00a0<\/span><\/strong><span>3 LED &#8211; 8+ max lumens<\/span><br \/>\n<strong>Batterie:<span>\u00a0<\/span><\/strong><span>2 x 3v lithium 2032 &#8211; style de pi\u00e8ce rempla\u00e7able Batterie<\/span><br \/>\n<strong>Temps de fonctionnement :<span>\u00a0<\/span><\/strong><span>stable sur = 57+ heures, strobe = 110+ heures<\/span><br \/>\n<strong>R\u00e9sistance \u00e0 l&#8217;eau:<span>\u00a0<\/span><\/strong><span>ipx3 &#8211; r\u00e9sistant aux intemp\u00e9ries<\/span><\/p>\n<div>\n<div class=\"with-icon\"><strong><span class=\"with-icon__beside\">Caract\u00e9ristiques<\/span><\/strong><\/div>\n<\/div>\n<p><slot id=\"details-content\"><\/slot><\/p>\n<div class=\"cc-accordion-item__panel\">\n<div class=\"cc-accordion-item__content rte cf\">\n<p><span class=\"metafield-multi_line_text_field\">\u2022 Clips facilement sur les ceintures, les v\u00eatements, l&#8217;\u00e9quipement et plus encore<br \/>\n\u2022 Modes de clignotement et d&#8217;\u00e9clairage r\u00e9guliers \u00e0 haute visibilit\u00e9 afin que vous puissiez \u00eatre vu \u00e0 une distance de s\u00e9curit\u00e9<br \/>\n\u2022 r\u00e9sistant aux intemp\u00e9ries pour que vous puissiez courir plus longtemps dans toutes les conditions<\/span><\/p>\n<\/div>\n<\/div>\n<p>&nbsp;<\/p>\n<\/div>\n<\/div>\n<p>&nbsp;<\/p>\n","protected":false},"excerpt":{"rendered":"<h5>S\u00e9curit\u00e9 avec style dans un stroboscope mince, l\u00e9ger et imperm\u00e9able. Avec plus de 100 heures d&#8217;\u00e9clairage, la lumi\u00e8re stroboscopique a la quantit\u00e9 parfaite de lumi\u00e8re pour vous faire bouger en toute s\u00e9curit\u00e9 pendant toutes les heures de la journ\u00e9e.<\/h5>\n","protected":false},"featured_media":14024,"comment_status":"open","ping_status":"closed","template":"","meta":{"_themeisle_gutenberg_block_has_review":false,"wds_primary_product_brand":0,"wds_primary_product_cat":0},"product_brand":[],"product_cat":[249],"product_tag":[],"class_list":{"0":"post-14023","1":"product","2":"type-product","3":"status-publish","4":"has-post-thumbnail","6":"product_cat-accessoires-sportifs-nathan","8":"first","9":"instock","10":"shipping-taxable","11":"purchasable","12":"product-type-variable"},"jetpack_sharing_enabled":true,"_links":{"self":[{"href":"https:\/\/orthomedix.eu\/boutique\/wp-json\/wp\/v2\/product\/14023","targetHints":{"allow":["GET"]}}],"collection":[{"href":"https:\/\/orthomedix.eu\/boutique\/wp-json\/wp\/v2\/product"}],"about":[{"href":"https:\/\/orthomedix.eu\/boutique\/wp-json\/wp\/v2\/types\/product"}],"replies":[{"embeddable":true,"href":"https:\/\/orthomedix.eu\/boutique\/wp-json\/wp\/v2\/comments?post=14023"}],"wp:featuredmedia":[{"embeddable":true,"href":"https:\/\/orthomedix.eu\/boutique\/wp-json\/wp\/v2\/media\/14024"}],"wp:attachment":[{"href":"https:\/\/orthomedix.eu\/boutique\/wp-json\/wp\/v2\/media?parent=14023"}],"wp:term":[{"taxonomy":"product_brand","embeddable":true,"href":"https:\/\/orthomedix.eu\/boutique\/wp-json\/wp\/v2\/product_brand?post=14023"},{"taxonomy":"product_cat","embeddable":true,"href":"https:\/\/orthomedix.eu\/boutique\/wp-json\/wp\/v2\/product_cat?post=14023"},{"taxonomy":"product_tag","embeddable":true,"href":"https:\/\/orthomedix.eu\/boutique\/wp-json\/wp\/v2\/product_tag?post=14023"}],"curies":[{"name":"wp","href":"https:\/\/api.w.org\/{rel}","templated":true}]}}