{"id":14726,"date":"2024-10-27T17:03:13","date_gmt":"2024-10-27T16:03:13","guid":{"rendered":"https:\/\/orthomedix.eu\/boutique\/produit\/sabot-san-rosa\/"},"modified":"2025-03-11T13:36:18","modified_gmt":"2025-03-11T12:36:18","slug":"sabot-san-rosa","status":"publish","type":"product","link":"https:\/\/orthomedix.eu\/boutique\/produit\/sabot-san-rosa\/","title":{"rendered":"Sabot San Rosa"},"content":{"rendered":"<div style=\"padding:0px;margin:0px;border:0px;vertical-align:baseline;font-family:Poppins,Arial,sans-serif;font-size:15px;font-style:normal;font-weight:400;letter-spacing:normal;text-transform:none;text-align:left\"><span style=\"padding:0px;margin:0px;border:0px;vertical-align:baseline;font-size:13pt;font-family:Arial,sans-serif\"><font style=\"vertical-align: inherit\"><font style=\"vertical-align: inherit\">Ces chaussures se distinguent par leur incroyable confort<\/font><\/font><span><font style=\"vertical-align: inherit\"><font style=\"vertical-align: inherit\"> <\/font><\/font><\/span><\/span><span style=\"padding:0px;margin:0px;border:0px;vertical-align:baseline;font-size:13pt;font-family:Arial,sans-serif\"><font style=\"vertical-align: inherit\"><font style=\"vertical-align: inherit\">. L&#8217;ensemble du processus de conception et de fabrication de ces chaussures vise \u00e0 offrir le plus haut niveau de confort possible \u00e0 chaque pas.<\/font><\/font><\/span>\n<\/div>\n<div style=\"padding:0px;margin:0px;border:0px;vertical-align:baseline;font-family:Poppins,Arial,sans-serif;font-size:15px;font-style:normal;font-weight:400;letter-spacing:normal;text-transform:none;text-align:left\">\n<ul style=\"padding:0px0px20px20px;margin:0px0px0px20px;border:0px;vertical-align:baseline\">\n<li style=\"padding:0px;margin:0px;border:0px;vertical-align:baseline\"><span style=\"padding:0px;margin:0px;border:0px;vertical-align:baseline;font-family:arial,helvetica,sans-serif\"><font style=\"vertical-align: inherit\"><font style=\"vertical-align: inherit\">Production par injection directe, sans couture ni d\u00e9coupe avec colle \/ semelle et chaussure d&#8217;un seul tenant.<\/font><\/font><\/span><\/li>\n<li style=\"padding:0px;margin:0px;border:0px;vertical-align:baseline\"><span style=\"padding:0px;margin:0px;border:0px;vertical-align:baseline;font-family:arial,helvetica,sans-serif\"><font style=\"vertical-align: inherit\"><font style=\"vertical-align: inherit\">Leur conception r\u00e9fl\u00e9chie r\u00e9partit uniform\u00e9ment le poids du corps<\/font><\/font><\/span><\/li>\n<li style=\"padding:0px;margin:0px;border:0px;vertical-align:baseline\"><span style=\"padding:0px;margin:0px;border:0px;vertical-align:baseline;font-family:arial,helvetica,sans-serif\"><font style=\"vertical-align: inherit\"><font style=\"vertical-align: inherit\">Semelle antid\u00e9rapante certifi\u00e9e CE avec absorption des chocs<\/font><\/font><\/span><\/li>\n<li style=\"padding:0px;margin:0px;border:0px;vertical-align:baseline\"><span style=\"padding:0px;margin:0px;border:0px;vertical-align:baseline;font-family:arial,helvetica,sans-serif\"><font style=\"vertical-align: inherit\"><font style=\"vertical-align: inherit\">Tige douce et respirante<\/font><\/font><\/span><\/li>\n<li style=\"padding:0px;margin:0px;border:0px;vertical-align:baseline\"><span style=\"padding:0px;margin:0px;border:0px;vertical-align:baseline;font-family:arial,helvetica,sans-serif\"><font style=\"vertical-align: inherit\"><font style=\"vertical-align: inherit\">R\u00e9sistant \u00e0 l&#8217;eau et aux produits chimiques, huiles ou solvants. <\/font><\/font><\/span><\/li>\n<li style=\"padding:0px;margin:0px;border:0px;vertical-align:baseline\"><span style=\"padding:0px;margin:0px;border:0px;vertical-align:baseline;font-family:arial,helvetica,sans-serif\"><font style=\"vertical-align: inherit\"><font style=\"vertical-align: inherit\">Ils peuvent \u00eatre lav\u00e9s en machine \u00e0 laver<\/font><\/font><\/span><\/li>\n<li style=\"padding:0px;margin:0px;border:0px;vertical-align:baseline\"><span style=\"padding:0px;margin:0px;border:0px;vertical-align:baseline;font-family:arial,helvetica,sans-serif\"><font style=\"vertical-align: inherit\"><font style=\"vertical-align: inherit\">Fournit un soutien du pied sans compression <\/font><\/font><\/span><\/li>\n<li style=\"padding:0px;margin:0px;border:0px;vertical-align:baseline\"><span style=\"padding:0px;margin:0px;border:0px;vertical-align:baseline;font-family:arial,helvetica,sans-serif\"><font style=\"vertical-align: inherit\"><font style=\"vertical-align: inherit\">Barre d\u00e9tachable<\/font><\/font><\/span><\/li>\n<li style=\"padding:0px;margin:0px;border:0px;vertical-align:baseline\"><font style=\"vertical-align: inherit\"><font style=\"vertical-align: inherit\">Recommand\u00e9 pour les pieds larges. <\/font><\/font><\/li>\n<\/ul>\n<\/div>\n","protected":false},"excerpt":{"rendered":"<p>prendre une pointure de plus car chausse petit<\/p>\n","protected":false},"featured_media":14725,"comment_status":"open","ping_status":"closed","template":"","meta":{"_themeisle_gutenberg_block_has_review":false,"wds_primary_product_brand":0,"wds_primary_product_cat":0},"product_brand":[],"product_cat":[15],"product_tag":[],"class_list":{"0":"post-14726","1":"product","2":"type-product","3":"status-publish","4":"has-post-thumbnail","6":"product_cat-autre","7":"pa_pointure-137","8":"pa_pointure-138","9":"pa_pointure-139","10":"pa_pointure-140","11":"pa_pointure-141","12":"pa_pointure-142","14":"first","15":"instock","16":"virtual","17":"purchasable","18":"product-type-simple"},"jetpack_sharing_enabled":true,"_links":{"self":[{"href":"https:\/\/orthomedix.eu\/boutique\/wp-json\/wp\/v2\/product\/14726","targetHints":{"allow":["GET"]}}],"collection":[{"href":"https:\/\/orthomedix.eu\/boutique\/wp-json\/wp\/v2\/product"}],"about":[{"href":"https:\/\/orthomedix.eu\/boutique\/wp-json\/wp\/v2\/types\/product"}],"replies":[{"embeddable":true,"href":"https:\/\/orthomedix.eu\/boutique\/wp-json\/wp\/v2\/comments?post=14726"}],"wp:featuredmedia":[{"embeddable":true,"href":"https:\/\/orthomedix.eu\/boutique\/wp-json\/wp\/v2\/media\/14725"}],"wp:attachment":[{"href":"https:\/\/orthomedix.eu\/boutique\/wp-json\/wp\/v2\/media?parent=14726"}],"wp:term":[{"taxonomy":"product_brand","embeddable":true,"href":"https:\/\/orthomedix.eu\/boutique\/wp-json\/wp\/v2\/product_brand?post=14726"},{"taxonomy":"product_cat","embeddable":true,"href":"https:\/\/orthomedix.eu\/boutique\/wp-json\/wp\/v2\/product_cat?post=14726"},{"taxonomy":"product_tag","embeddable":true,"href":"https:\/\/orthomedix.eu\/boutique\/wp-json\/wp\/v2\/product_tag?post=14726"}],"curies":[{"name":"wp","href":"https:\/\/api.w.org\/{rel}","templated":true}]}}