{"id":14752,"date":"2024-11-06T17:26:04","date_gmt":"2024-11-06T16:26:04","guid":{"rendered":"https:\/\/orthomedix.eu\/boutique\/produit\/creme-visage-anti-rides-a-la-vit-c-50ml\/"},"modified":"2025-02-09T16:54:38","modified_gmt":"2025-02-09T15:54:38","slug":"creme-visage-anti-rides-a-la-vit-c-50ml","status":"publish","type":"product","link":"https:\/\/orthomedix.eu\/boutique\/produit\/creme-visage-anti-rides-a-la-vit-c-50ml\/","title":{"rendered":"Cr\u00e8me visage anti rides \u00e0 la vit c \n50ml"},"content":{"rendered":"<div style=\"font-family:\">Cr\u00e8me pour le visage formul\u00e9e \u00e0 base d\u2019aloe vera et de vitamine C avec une grande action antioxydante et un effet illuminant sur la peau.\n<\/div>\n<div style=\"font-family:\">Son action permet d\u2019am\u00e9liorer l\u2019apparence du visage en unifiant le ton, d\u2019\u00e9claircir les taches et de lutter contre les effets des radicaux libres sur la peau.\n<\/div>\n<div style=\"font-family:\">Riche en texture, elle apporte une hydratation intense, brillance et douceur aux peaux matures et ternes, retardant les signes de vieillissement pr\u00e9matur\u00e9 provoqu\u00e9s par le temps.<\/div>\n","protected":false},"excerpt":{"rendered":"<p>Cr\u00e8me pour le visage formul\u00e9e \u00e0 base d\u2019aloe vera et de vitamine C avec une grande action antioxydante et un effet illuminant sur la peau. Son action permet d\u2019am\u00e9liorer l\u2019apparence du visage en unifiant le ton, d\u2019\u00e9claircir les taches et de lutter contre les effets des radicaux libres sur la peau. Riche en texture, elle [&hellip;]<\/p>\n","protected":false},"featured_media":14751,"comment_status":"open","ping_status":"closed","template":"","meta":{"_themeisle_gutenberg_block_has_review":false,"wds_primary_product_brand":0,"wds_primary_product_cat":0},"product_brand":[],"product_cat":[222],"product_tag":[],"class_list":{"0":"post-14752","1":"product","2":"type-product","3":"status-publish","4":"has-post-thumbnail","6":"product_cat-cosmetiques_bio_aloe_vera","8":"first","9":"instock","10":"shipping-taxable","11":"purchasable","12":"product-type-simple"},"jetpack_sharing_enabled":true,"_links":{"self":[{"href":"https:\/\/orthomedix.eu\/boutique\/wp-json\/wp\/v2\/product\/14752","targetHints":{"allow":["GET"]}}],"collection":[{"href":"https:\/\/orthomedix.eu\/boutique\/wp-json\/wp\/v2\/product"}],"about":[{"href":"https:\/\/orthomedix.eu\/boutique\/wp-json\/wp\/v2\/types\/product"}],"replies":[{"embeddable":true,"href":"https:\/\/orthomedix.eu\/boutique\/wp-json\/wp\/v2\/comments?post=14752"}],"wp:featuredmedia":[{"embeddable":true,"href":"https:\/\/orthomedix.eu\/boutique\/wp-json\/wp\/v2\/media\/14751"}],"wp:attachment":[{"href":"https:\/\/orthomedix.eu\/boutique\/wp-json\/wp\/v2\/media?parent=14752"}],"wp:term":[{"taxonomy":"product_brand","embeddable":true,"href":"https:\/\/orthomedix.eu\/boutique\/wp-json\/wp\/v2\/product_brand?post=14752"},{"taxonomy":"product_cat","embeddable":true,"href":"https:\/\/orthomedix.eu\/boutique\/wp-json\/wp\/v2\/product_cat?post=14752"},{"taxonomy":"product_tag","embeddable":true,"href":"https:\/\/orthomedix.eu\/boutique\/wp-json\/wp\/v2\/product_tag?post=14752"}],"curies":[{"name":"wp","href":"https:\/\/api.w.org\/{rel}","templated":true}]}}