{"id":14770,"date":"2024-11-14T21:59:29","date_gmt":"2024-11-14T20:59:29","guid":{"rendered":"https:\/\/orthomedix.eu\/boutique\/produit\/deodorant-aloe-vera-bio\/"},"modified":"2024-11-14T22:00:01","modified_gmt":"2024-11-14T21:00:01","slug":"deodorant-aloe-vera-bio","status":"publish","type":"product","link":"https:\/\/orthomedix.eu\/boutique\/produit\/deodorant-aloe-vera-bio\/","title":{"rendered":"Deodorant Aloe vera bio"},"content":{"rendered":"<p>D\u00e9odorant naturel avec action d\u00e9odorante,bact\u00e9ricide et absorbante.<\/p>\n<p>Respecte la peau en laissant une agr\u00e9able sensation de fra\u00eecheur durant toute la journ\u00e9e.<\/p>\n<p>Dur\u00e9e 24h<\/p>\n<p>Ne contient pas de sel d aluminium ni d alcool.<\/p>\n<p>Ne tache pas.<\/p>\n<p>50ml<\/p>\n","protected":false},"excerpt":{"rendered":"<p>D\u00e9odorant naturel avec action d\u00e9odorante,bact\u00e9ricide et absorbante. Respecte la peau en laissant une agr\u00e9able sensation de fra\u00eecheur durant toute la journ\u00e9e. Dur\u00e9e 24h Ne contient pas de sel d aluminium ni d alcool. Ne tache pas. 50ml<\/p>\n","protected":false},"featured_media":14769,"comment_status":"open","ping_status":"closed","template":"","meta":{"_themeisle_gutenberg_block_has_review":false,"wds_primary_product_brand":0,"wds_primary_product_cat":0},"product_brand":[],"product_cat":[222],"product_tag":[],"class_list":{"0":"post-14770","1":"product","2":"type-product","3":"status-publish","4":"has-post-thumbnail","6":"product_cat-cosmetiques_bio_aloe_vera","8":"first","9":"instock","10":"shipping-taxable","11":"purchasable","12":"product-type-simple"},"jetpack_sharing_enabled":true,"_links":{"self":[{"href":"https:\/\/orthomedix.eu\/boutique\/wp-json\/wp\/v2\/product\/14770","targetHints":{"allow":["GET"]}}],"collection":[{"href":"https:\/\/orthomedix.eu\/boutique\/wp-json\/wp\/v2\/product"}],"about":[{"href":"https:\/\/orthomedix.eu\/boutique\/wp-json\/wp\/v2\/types\/product"}],"replies":[{"embeddable":true,"href":"https:\/\/orthomedix.eu\/boutique\/wp-json\/wp\/v2\/comments?post=14770"}],"wp:featuredmedia":[{"embeddable":true,"href":"https:\/\/orthomedix.eu\/boutique\/wp-json\/wp\/v2\/media\/14769"}],"wp:attachment":[{"href":"https:\/\/orthomedix.eu\/boutique\/wp-json\/wp\/v2\/media?parent=14770"}],"wp:term":[{"taxonomy":"product_brand","embeddable":true,"href":"https:\/\/orthomedix.eu\/boutique\/wp-json\/wp\/v2\/product_brand?post=14770"},{"taxonomy":"product_cat","embeddable":true,"href":"https:\/\/orthomedix.eu\/boutique\/wp-json\/wp\/v2\/product_cat?post=14770"},{"taxonomy":"product_tag","embeddable":true,"href":"https:\/\/orthomedix.eu\/boutique\/wp-json\/wp\/v2\/product_tag?post=14770"}],"curies":[{"name":"wp","href":"https:\/\/api.w.org\/{rel}","templated":true}]}}