{"id":14785,"date":"2024-11-19T11:53:31","date_gmt":"2024-11-19T10:53:31","guid":{"rendered":"https:\/\/orthomedix.eu\/boutique\/produit\/gel-douche-mon-amour-250ml\/"},"modified":"2024-12-30T12:29:33","modified_gmt":"2024-12-30T11:29:33","slug":"gel-douche-mon-amour-250ml","status":"publish","type":"product","link":"https:\/\/orthomedix.eu\/boutique\/produit\/gel-douche-mon-amour-250ml\/","title":{"rendered":"GEL DOUCHE MON AMOUR 250ML"},"content":{"rendered":"<p style=\"margin:0px0px30px;padding:0px;border:0px;font-style:normal;font-weight:400;font-size:11px;line-height:1.71em;font-family:Roboto;vertical-align:baseline;position:relative;text-transform:none;letter-spacing:normal;text-align:left\"><strong style=\"margin: 0px;padding: 0px;border: 0px;font-style: inherit;font-variant: inherit;font-weight: bold;font-size: inherit;line-height: inherit;font-family: inherit;vertical-align: baseline\"><font style=\"vertical-align: inherit\"><font style=\"vertical-align: inherit\">Gel douche parfum\u00e9<\/font><\/font><\/strong><\/p>\n<p style=\"margin:0px;padding:0px;border:0px;font-style:normal;font-weight:400;font-size:11px;line-height:1.71em;font-family:Roboto;vertical-align:baseline;position:relative;text-transform:none;letter-spacing:normal;text-align:left\"><font style=\"vertical-align: inherit\"><font style=\"vertical-align: inherit\">Avec de l&#8217;extrait de pivoine et d&#8217;algues. L&#8217;extrait d&#8217;algues est consid\u00e9r\u00e9 comme un excellent hydratant &#8211; il attire l&#8217;eau et la retient dans l&#8217;\u00e9piderme. L&#8217;extrait de pivoine contient des min\u00e9raux et des acides, qui ont un l\u00e9ger effet peeling. Un ar\u00f4me floral et une mousse \u00e9paisse transforment la douche quotidienne en spa \u00e0 domicile.<\/font><\/font><span><font style=\"vertical-align: inherit\"><font style=\"vertical-align: inherit\"> <\/font><\/font><\/span><\/p>\n","protected":false},"excerpt":{"rendered":"<p>Gel douche parfum\u00e9 Avec de l&#8217;extrait de pivoine et d&#8217;algues. L&#8217;extrait d&#8217;algues est consid\u00e9r\u00e9 comme un excellent hydratant &#8211; il attire l&#8217;eau et la retient dans l&#8217;\u00e9piderme. L&#8217;extrait de pivoine contient des min\u00e9raux et des acides, qui ont un l\u00e9ger effet peeling. Un ar\u00f4me floral et une mousse \u00e9paisse transforment la douche quotidienne en spa [&hellip;]<\/p>\n","protected":false},"featured_media":14960,"comment_status":"open","ping_status":"closed","template":"","meta":{"_themeisle_gutenberg_block_has_review":false,"wds_primary_product_brand":0,"wds_primary_product_cat":0},"product_brand":[],"product_cat":[235],"product_tag":[],"class_list":{"0":"post-14785","1":"product","2":"type-product","3":"status-publish","4":"has-post-thumbnail","6":"product_cat-beauty-jar","8":"first","9":"instock","10":"shipping-taxable","11":"purchasable","12":"product-type-simple"},"jetpack_sharing_enabled":true,"_links":{"self":[{"href":"https:\/\/orthomedix.eu\/boutique\/wp-json\/wp\/v2\/product\/14785","targetHints":{"allow":["GET"]}}],"collection":[{"href":"https:\/\/orthomedix.eu\/boutique\/wp-json\/wp\/v2\/product"}],"about":[{"href":"https:\/\/orthomedix.eu\/boutique\/wp-json\/wp\/v2\/types\/product"}],"replies":[{"embeddable":true,"href":"https:\/\/orthomedix.eu\/boutique\/wp-json\/wp\/v2\/comments?post=14785"}],"wp:featuredmedia":[{"embeddable":true,"href":"https:\/\/orthomedix.eu\/boutique\/wp-json\/wp\/v2\/media\/14960"}],"wp:attachment":[{"href":"https:\/\/orthomedix.eu\/boutique\/wp-json\/wp\/v2\/media?parent=14785"}],"wp:term":[{"taxonomy":"product_brand","embeddable":true,"href":"https:\/\/orthomedix.eu\/boutique\/wp-json\/wp\/v2\/product_brand?post=14785"},{"taxonomy":"product_cat","embeddable":true,"href":"https:\/\/orthomedix.eu\/boutique\/wp-json\/wp\/v2\/product_cat?post=14785"},{"taxonomy":"product_tag","embeddable":true,"href":"https:\/\/orthomedix.eu\/boutique\/wp-json\/wp\/v2\/product_tag?post=14785"}],"curies":[{"name":"wp","href":"https:\/\/api.w.org\/{rel}","templated":true}]}}