{"id":14798,"date":"2024-11-21T11:23:01","date_gmt":"2024-11-21T10:23:01","guid":{"rendered":"https:\/\/orthomedix.eu\/boutique\/produit\/bouillotte-traditionnelle-3\/"},"modified":"2024-11-22T10:33:25","modified_gmt":"2024-11-22T09:33:25","slug":"bouillotte-traditionnelle-3","status":"publish","type":"product","link":"https:\/\/orthomedix.eu\/boutique\/produit\/bouillotte-traditionnelle-3\/","title":{"rendered":"Bouillotte traditionnelle multicolore"},"content":{"rendered":"<p>Nos bouillottes vous garantissent un bien \u00eatre instantan\u00e9 en r\u00e9chauffant votre lit ou la personne durablement..<\/p>\n<p>Elles sont constitu\u00e9es d&#8217;un r\u00e9servoir en caoutchouc naturel d une contenance de 2litres et d&#8217;une housse de confort<\/p>\n<p>Dimensions:33\u00d720cm<\/p>\n","protected":false},"excerpt":{"rendered":"<p>Nos bouillottes vous garantissent un bien \u00eatre instantan\u00e9 en r\u00e9chauffant votre lit ou la personne durablement.. Elles sont constitu\u00e9es d&#8217;un r\u00e9servoir en caoutchouc naturel d une contenance de 2litres et d&#8217;une housse de confort Dimensions:33\u00d720cm<\/p>\n","protected":false},"featured_media":14797,"comment_status":"open","ping_status":"closed","template":"","meta":{"_themeisle_gutenberg_block_has_review":false,"wds_primary_product_brand":0,"wds_primary_product_cat":0},"product_brand":[],"product_cat":[15],"product_tag":[],"class_list":{"0":"post-14798","1":"product","2":"type-product","3":"status-publish","4":"has-post-thumbnail","6":"product_cat-autre","8":"first","9":"instock","10":"shipping-taxable","11":"purchasable","12":"product-type-simple"},"jetpack_sharing_enabled":true,"_links":{"self":[{"href":"https:\/\/orthomedix.eu\/boutique\/wp-json\/wp\/v2\/product\/14798","targetHints":{"allow":["GET"]}}],"collection":[{"href":"https:\/\/orthomedix.eu\/boutique\/wp-json\/wp\/v2\/product"}],"about":[{"href":"https:\/\/orthomedix.eu\/boutique\/wp-json\/wp\/v2\/types\/product"}],"replies":[{"embeddable":true,"href":"https:\/\/orthomedix.eu\/boutique\/wp-json\/wp\/v2\/comments?post=14798"}],"wp:featuredmedia":[{"embeddable":true,"href":"https:\/\/orthomedix.eu\/boutique\/wp-json\/wp\/v2\/media\/14797"}],"wp:attachment":[{"href":"https:\/\/orthomedix.eu\/boutique\/wp-json\/wp\/v2\/media?parent=14798"}],"wp:term":[{"taxonomy":"product_brand","embeddable":true,"href":"https:\/\/orthomedix.eu\/boutique\/wp-json\/wp\/v2\/product_brand?post=14798"},{"taxonomy":"product_cat","embeddable":true,"href":"https:\/\/orthomedix.eu\/boutique\/wp-json\/wp\/v2\/product_cat?post=14798"},{"taxonomy":"product_tag","embeddable":true,"href":"https:\/\/orthomedix.eu\/boutique\/wp-json\/wp\/v2\/product_tag?post=14798"}],"curies":[{"name":"wp","href":"https:\/\/api.w.org\/{rel}","templated":true}]}}