{"id":14899,"date":"2024-12-08T14:02:54","date_gmt":"2024-12-08T13:02:54","guid":{"rendered":"https:\/\/orthomedix.eu\/boutique\/produit\/bb-cream-perfect-balance-spf-15-uva-uvb-30ml\/"},"modified":"2024-12-09T09:35:42","modified_gmt":"2024-12-09T08:35:42","slug":"bb-cream-perfect-balance-spf-15-uva-uvb-30ml","status":"publish","type":"product","link":"https:\/\/orthomedix.eu\/boutique\/produit\/bb-cream-perfect-balance-spf-15-uva-uvb-30ml\/","title":{"rendered":"BB CREAM. Perfect Balance. SPF 15 UVA-UVB 30ml"},"content":{"rendered":"<p><span>D&#8217;une texture riche et agr\u00e9able, la \u201cBB CREAM\u201d exerce une action hydratante, nourrissante et anti-pollution tout en offrant une protection s\u00fbre contre les rayons UVA-UVB. Gr\u00e2ce \u00e0 ses pigments naturels innovants, elle harmonise l&#8217;apparence de la peau et cache les petites imperfections. Elle est id\u00e9ale pour tout type de peau. COULEUR UNIFORME.<\/span><\/p>\n","protected":false},"excerpt":{"rendered":"<p>D&#8217;une texture riche et agr\u00e9able, la \u201cBB CREAM\u201d exerce une action hydratante, nourrissante et anti-pollution tout en offrant une protection s\u00fbre contre les rayons UVA-UVB. Gr\u00e2ce \u00e0 ses pigments naturels innovants, elle harmonise l&#8217;apparence de la peau et cache les petites imperfections. Elle est id\u00e9ale pour tout type de peau. COULEUR UNIFORME.<\/p>\n","protected":false},"featured_media":14898,"comment_status":"open","ping_status":"closed","template":"","meta":{"_themeisle_gutenberg_block_has_review":false,"wds_primary_product_brand":0,"wds_primary_product_cat":0},"product_brand":[],"product_cat":[222],"product_tag":[],"class_list":{"0":"post-14899","1":"product","2":"type-product","3":"status-publish","4":"has-post-thumbnail","6":"product_cat-cosmetiques_bio_aloe_vera","8":"first","9":"instock","10":"shipping-taxable","11":"purchasable","12":"product-type-simple"},"jetpack_sharing_enabled":true,"_links":{"self":[{"href":"https:\/\/orthomedix.eu\/boutique\/wp-json\/wp\/v2\/product\/14899","targetHints":{"allow":["GET"]}}],"collection":[{"href":"https:\/\/orthomedix.eu\/boutique\/wp-json\/wp\/v2\/product"}],"about":[{"href":"https:\/\/orthomedix.eu\/boutique\/wp-json\/wp\/v2\/types\/product"}],"replies":[{"embeddable":true,"href":"https:\/\/orthomedix.eu\/boutique\/wp-json\/wp\/v2\/comments?post=14899"}],"wp:featuredmedia":[{"embeddable":true,"href":"https:\/\/orthomedix.eu\/boutique\/wp-json\/wp\/v2\/media\/14898"}],"wp:attachment":[{"href":"https:\/\/orthomedix.eu\/boutique\/wp-json\/wp\/v2\/media?parent=14899"}],"wp:term":[{"taxonomy":"product_brand","embeddable":true,"href":"https:\/\/orthomedix.eu\/boutique\/wp-json\/wp\/v2\/product_brand?post=14899"},{"taxonomy":"product_cat","embeddable":true,"href":"https:\/\/orthomedix.eu\/boutique\/wp-json\/wp\/v2\/product_cat?post=14899"},{"taxonomy":"product_tag","embeddable":true,"href":"https:\/\/orthomedix.eu\/boutique\/wp-json\/wp\/v2\/product_tag?post=14899"}],"curies":[{"name":"wp","href":"https:\/\/api.w.org\/{rel}","templated":true}]}}