{"id":14974,"date":"2024-12-30T17:36:48","date_gmt":"2024-12-30T16:36:48","guid":{"rendered":"https:\/\/orthomedix.eu\/boutique\/produit\/body-scrub-framboise-raffermissant-et-regenerant-200ml\/"},"modified":"2024-12-30T17:41:09","modified_gmt":"2024-12-30T16:41:09","slug":"body-scrub-framboise-raffermissant-et-regenerant-200ml","status":"publish","type":"product","link":"https:\/\/orthomedix.eu\/boutique\/produit\/body-scrub-framboise-raffermissant-et-regenerant-200ml\/","title":{"rendered":"BODY SCRUB FRAMBOISE raffermissant et r\u00e9g\u00e9n\u00e9rant 200gr"},"content":{"rendered":"<p style=\"margin:0px;padding:0px;font-size:15px;line-height:1.5rem;font-family:\"><strong style=\"margin: 0px;padding: 0px;font-weight: 700\">Gommage corporel raffermissant et r\u00e9g\u00e9n\u00e9rant .<\/strong><\/p>\n<p style=\"margin:0px;padding:0px;font-size:15px;line-height:1.5rem;font-family:\">Gommage corporel \u00e0 l&#8217;extrait de framboise juteux et \u00e0 l&#8217;huile de coco nourrissante.<\/p>\n<p style=\"margin:0px;padding:0px;font-size:15px;line-height:1.5rem;font-family:\">Cette exfoliation douce revitalise la peau, la laissant rafra\u00eechie et rajeunie, tout en offrant une exp\u00e9rience de soin luxueuse qui vous laisse revitalis\u00e9e et rafra\u00eechie.<\/p>\n","protected":false},"excerpt":{"rendered":"<p>Gommage corporel raffermissant et r\u00e9g\u00e9n\u00e9rant . Gommage corporel \u00e0 l&#8217;extrait de framboise juteux et \u00e0 l&#8217;huile de coco nourrissante. Cette exfoliation douce revitalise la peau, la laissant rafra\u00eechie et rajeunie, tout en offrant une exp\u00e9rience de soin luxueuse qui vous laisse revitalis\u00e9e et rafra\u00eechie.<\/p>\n","protected":false},"featured_media":14973,"comment_status":"open","ping_status":"closed","template":"","meta":{"_themeisle_gutenberg_block_has_review":false,"wds_primary_product_brand":0,"wds_primary_product_cat":0},"product_brand":[],"product_cat":[235],"product_tag":[],"class_list":{"0":"post-14974","1":"product","2":"type-product","3":"status-publish","4":"has-post-thumbnail","6":"product_cat-beauty-jar","8":"first","9":"instock","10":"shipping-taxable","11":"purchasable","12":"product-type-simple"},"jetpack_sharing_enabled":true,"_links":{"self":[{"href":"https:\/\/orthomedix.eu\/boutique\/wp-json\/wp\/v2\/product\/14974","targetHints":{"allow":["GET"]}}],"collection":[{"href":"https:\/\/orthomedix.eu\/boutique\/wp-json\/wp\/v2\/product"}],"about":[{"href":"https:\/\/orthomedix.eu\/boutique\/wp-json\/wp\/v2\/types\/product"}],"replies":[{"embeddable":true,"href":"https:\/\/orthomedix.eu\/boutique\/wp-json\/wp\/v2\/comments?post=14974"}],"wp:featuredmedia":[{"embeddable":true,"href":"https:\/\/orthomedix.eu\/boutique\/wp-json\/wp\/v2\/media\/14973"}],"wp:attachment":[{"href":"https:\/\/orthomedix.eu\/boutique\/wp-json\/wp\/v2\/media?parent=14974"}],"wp:term":[{"taxonomy":"product_brand","embeddable":true,"href":"https:\/\/orthomedix.eu\/boutique\/wp-json\/wp\/v2\/product_brand?post=14974"},{"taxonomy":"product_cat","embeddable":true,"href":"https:\/\/orthomedix.eu\/boutique\/wp-json\/wp\/v2\/product_cat?post=14974"},{"taxonomy":"product_tag","embeddable":true,"href":"https:\/\/orthomedix.eu\/boutique\/wp-json\/wp\/v2\/product_tag?post=14974"}],"curies":[{"name":"wp","href":"https:\/\/api.w.org\/{rel}","templated":true}]}}