{"id":14978,"date":"2024-12-30T17:45:01","date_gmt":"2024-12-30T16:45:01","guid":{"rendered":"https:\/\/orthomedix.eu\/boutique\/produit\/body-scrub-orange-tonifiant-200gr\/"},"modified":"2024-12-30T17:45:23","modified_gmt":"2024-12-30T16:45:23","slug":"body-scrub-orange-tonifiant-200gr","status":"publish","type":"product","link":"https:\/\/orthomedix.eu\/boutique\/produit\/body-scrub-orange-tonifiant-200gr\/","title":{"rendered":"BODY SCRUB ORANGE Tonifiant 200gr"},"content":{"rendered":"<p style=\"margin:0px;padding:0px;font-size:15px;line-height:1.5rem;font-family:\"><strong style=\"margin: 0px;padding: 0px;font-weight: 700\">Gommage corporel tonifiant et raffermissant .<\/strong><\/p>\n<p style=\"margin:0px;padding:0px;font-size:15px;line-height:1.5rem;font-family:\">Compos\u00e9 d&#8217;un luxueux m\u00e9lange d&#8217;\u00e9corce d&#8217;orange et d&#8217;huile de noix de coco, ce gommage corporel nettoie et hydrate la peau en douceur, offrant un rituel de soins rajeunissant qui vous laissera une sensation de fra\u00eecheur et de revitalisation.<\/p>\n","protected":false},"excerpt":{"rendered":"<p>Gommage corporel tonifiant et raffermissant . Compos\u00e9 d&#8217;un luxueux m\u00e9lange d&#8217;\u00e9corce d&#8217;orange et d&#8217;huile de noix de coco, ce gommage corporel nettoie et hydrate la peau en douceur, offrant un rituel de soins rajeunissant qui vous laissera une sensation de fra\u00eecheur et de revitalisation.<\/p>\n","protected":false},"featured_media":14977,"comment_status":"open","ping_status":"closed","template":"","meta":{"_themeisle_gutenberg_block_has_review":false,"wds_primary_product_brand":0,"wds_primary_product_cat":0},"product_brand":[],"product_cat":[235],"product_tag":[],"class_list":{"0":"post-14978","1":"product","2":"type-product","3":"status-publish","4":"has-post-thumbnail","6":"product_cat-beauty-jar","8":"first","9":"instock","10":"shipping-taxable","11":"purchasable","12":"product-type-simple"},"jetpack_sharing_enabled":true,"_links":{"self":[{"href":"https:\/\/orthomedix.eu\/boutique\/wp-json\/wp\/v2\/product\/14978","targetHints":{"allow":["GET"]}}],"collection":[{"href":"https:\/\/orthomedix.eu\/boutique\/wp-json\/wp\/v2\/product"}],"about":[{"href":"https:\/\/orthomedix.eu\/boutique\/wp-json\/wp\/v2\/types\/product"}],"replies":[{"embeddable":true,"href":"https:\/\/orthomedix.eu\/boutique\/wp-json\/wp\/v2\/comments?post=14978"}],"wp:featuredmedia":[{"embeddable":true,"href":"https:\/\/orthomedix.eu\/boutique\/wp-json\/wp\/v2\/media\/14977"}],"wp:attachment":[{"href":"https:\/\/orthomedix.eu\/boutique\/wp-json\/wp\/v2\/media?parent=14978"}],"wp:term":[{"taxonomy":"product_brand","embeddable":true,"href":"https:\/\/orthomedix.eu\/boutique\/wp-json\/wp\/v2\/product_brand?post=14978"},{"taxonomy":"product_cat","embeddable":true,"href":"https:\/\/orthomedix.eu\/boutique\/wp-json\/wp\/v2\/product_cat?post=14978"},{"taxonomy":"product_tag","embeddable":true,"href":"https:\/\/orthomedix.eu\/boutique\/wp-json\/wp\/v2\/product_tag?post=14978"}],"curies":[{"name":"wp","href":"https:\/\/api.w.org\/{rel}","templated":true}]}}