{"id":14984,"date":"2024-12-30T17:53:31","date_gmt":"2024-12-30T16:53:31","guid":{"rendered":"https:\/\/orthomedix.eu\/boutique\/produit\/body-scrub-cerise-lissant-200gr\/"},"modified":"2024-12-30T17:53:31","modified_gmt":"2024-12-30T16:53:31","slug":"body-scrub-cerise-lissant-200gr","status":"publish","type":"product","link":"https:\/\/orthomedix.eu\/boutique\/produit\/body-scrub-cerise-lissant-200gr\/","title":{"rendered":"BODY SCRUB CERISE Lissant 200gr"},"content":{"rendered":"<p>Gommage corporel lissant \u00e0 l&#8217;extrait de cerise et \u00e0 l&#8217;huile de coco.<\/p>\n<p style=\"margin:0px;padding:0px;font-size:15px;line-height:1.5rem;font-family:\">Exfolie d\u00e9licatement tout en hydratant votre peau.<\/p>\n<p style=\"margin:0px;padding:0px;font-size:15px;line-height:1.5rem;font-family:\">Apr\u00e8s utilisation, vous vous sentirez rafra\u00eechi et renouvel\u00e9.<\/p>\n","protected":false},"excerpt":{"rendered":"<p>Gommage corporel lissant \u00e0 l&#8217;extrait de cerise et \u00e0 l&#8217;huile de coco. Exfolie d\u00e9licatement tout en hydratant votre peau. Apr\u00e8s utilisation, vous vous sentirez rafra\u00eechi et renouvel\u00e9.<\/p>\n","protected":false},"featured_media":14983,"comment_status":"open","ping_status":"closed","template":"","meta":{"_themeisle_gutenberg_block_has_review":false,"wds_primary_product_brand":0,"wds_primary_product_cat":0},"product_brand":[],"product_cat":[235],"product_tag":[],"class_list":{"0":"post-14984","1":"product","2":"type-product","3":"status-publish","4":"has-post-thumbnail","6":"product_cat-beauty-jar","8":"first","9":"instock","10":"shipping-taxable","11":"purchasable","12":"product-type-simple"},"jetpack_sharing_enabled":true,"_links":{"self":[{"href":"https:\/\/orthomedix.eu\/boutique\/wp-json\/wp\/v2\/product\/14984","targetHints":{"allow":["GET"]}}],"collection":[{"href":"https:\/\/orthomedix.eu\/boutique\/wp-json\/wp\/v2\/product"}],"about":[{"href":"https:\/\/orthomedix.eu\/boutique\/wp-json\/wp\/v2\/types\/product"}],"replies":[{"embeddable":true,"href":"https:\/\/orthomedix.eu\/boutique\/wp-json\/wp\/v2\/comments?post=14984"}],"wp:featuredmedia":[{"embeddable":true,"href":"https:\/\/orthomedix.eu\/boutique\/wp-json\/wp\/v2\/media\/14983"}],"wp:attachment":[{"href":"https:\/\/orthomedix.eu\/boutique\/wp-json\/wp\/v2\/media?parent=14984"}],"wp:term":[{"taxonomy":"product_brand","embeddable":true,"href":"https:\/\/orthomedix.eu\/boutique\/wp-json\/wp\/v2\/product_brand?post=14984"},{"taxonomy":"product_cat","embeddable":true,"href":"https:\/\/orthomedix.eu\/boutique\/wp-json\/wp\/v2\/product_cat?post=14984"},{"taxonomy":"product_tag","embeddable":true,"href":"https:\/\/orthomedix.eu\/boutique\/wp-json\/wp\/v2\/product_tag?post=14984"}],"curies":[{"name":"wp","href":"https:\/\/api.w.org\/{rel}","templated":true}]}}