{"id":14986,"date":"2024-12-30T17:56:06","date_gmt":"2024-12-30T16:56:06","guid":{"rendered":"https:\/\/orthomedix.eu\/boutique\/produit\/body-scrub-mango-reparateur-200gr\/"},"modified":"2024-12-30T17:56:06","modified_gmt":"2024-12-30T16:56:06","slug":"body-scrub-mango-reparateur-200gr","status":"publish","type":"product","link":"https:\/\/orthomedix.eu\/boutique\/produit\/body-scrub-mango-reparateur-200gr\/","title":{"rendered":"BODY SCRUB MANGO R\u00e9parateur 200gr"},"content":{"rendered":"<p>Gommage corporel  r\u00e9parateur \u00e0 la mangue.<\/p>\n<p style=\"margin:0px;padding:0px;font-size:15px;line-height:1.5rem;font-family:\">Enrichi en extrait de mangue nourrissant, ce gommage exfolie en douceur pour r\u00e9v\u00e9ler une peau plus douce et plus lisse.<\/p>\n<p style=\"margin:0px;padding:0px;font-size:15px;line-height:1.5rem;font-family:\">\u00c9limine les cellules mortes et laisse la peau fra\u00eeche et rajeunie.<\/p>\n<p style=\"margin:0px;padding:0px;font-size:15px;line-height:1.5rem;font-family:\">Profitez des notes tropicales juteuses de la mangue.<\/p>\n","protected":false},"excerpt":{"rendered":"<p>Gommage corporel r\u00e9parateur \u00e0 la mangue. Enrichi en extrait de mangue nourrissant, ce gommage exfolie en douceur pour r\u00e9v\u00e9ler une peau plus douce et plus lisse. \u00c9limine les cellules mortes et laisse la peau fra\u00eeche et rajeunie. Profitez des notes tropicales juteuses de la mangue.<\/p>\n","protected":false},"featured_media":14985,"comment_status":"open","ping_status":"closed","template":"","meta":{"_themeisle_gutenberg_block_has_review":false,"wds_primary_product_brand":0,"wds_primary_product_cat":0},"product_brand":[],"product_cat":[235],"product_tag":[],"class_list":{"0":"post-14986","1":"product","2":"type-product","3":"status-publish","4":"has-post-thumbnail","6":"product_cat-beauty-jar","8":"first","9":"instock","10":"shipping-taxable","11":"purchasable","12":"product-type-simple"},"jetpack_sharing_enabled":true,"_links":{"self":[{"href":"https:\/\/orthomedix.eu\/boutique\/wp-json\/wp\/v2\/product\/14986","targetHints":{"allow":["GET"]}}],"collection":[{"href":"https:\/\/orthomedix.eu\/boutique\/wp-json\/wp\/v2\/product"}],"about":[{"href":"https:\/\/orthomedix.eu\/boutique\/wp-json\/wp\/v2\/types\/product"}],"replies":[{"embeddable":true,"href":"https:\/\/orthomedix.eu\/boutique\/wp-json\/wp\/v2\/comments?post=14986"}],"wp:featuredmedia":[{"embeddable":true,"href":"https:\/\/orthomedix.eu\/boutique\/wp-json\/wp\/v2\/media\/14985"}],"wp:attachment":[{"href":"https:\/\/orthomedix.eu\/boutique\/wp-json\/wp\/v2\/media?parent=14986"}],"wp:term":[{"taxonomy":"product_brand","embeddable":true,"href":"https:\/\/orthomedix.eu\/boutique\/wp-json\/wp\/v2\/product_brand?post=14986"},{"taxonomy":"product_cat","embeddable":true,"href":"https:\/\/orthomedix.eu\/boutique\/wp-json\/wp\/v2\/product_cat?post=14986"},{"taxonomy":"product_tag","embeddable":true,"href":"https:\/\/orthomedix.eu\/boutique\/wp-json\/wp\/v2\/product_tag?post=14986"}],"curies":[{"name":"wp","href":"https:\/\/api.w.org\/{rel}","templated":true}]}}