{"id":14996,"date":"2024-12-30T18:19:37","date_gmt":"2024-12-30T17:19:37","guid":{"rendered":"https:\/\/orthomedix.eu\/boutique\/produit\/shine-like-a-diamond-150-ml\/"},"modified":"2024-12-30T18:19:37","modified_gmt":"2024-12-30T17:19:37","slug":"shine-like-a-diamond-150-ml","status":"publish","type":"product","link":"https:\/\/orthomedix.eu\/boutique\/produit\/shine-like-a-diamond-150-ml\/","title":{"rendered":"SHINE LIKE A DIAMOND 150 ml"},"content":{"rendered":"<p style=\"margin:0px0px10px;font-size:14px;font-weight:400;letter-spacing:0.005em;line-height:1.9;font-family:\"><strong style=\"font-weight: 700;margin-bottom: 0px\"><font style=\"margin-bottom: 0px;vertical-align: inherit\"><font style=\"margin-bottom: 0px;vertical-align: inherit\">Cr\u00e8me scintillante pour le corps<\/font><\/font><\/strong><\/p>\n<p style=\"margin:0px0px10px;font-size:14px;font-weight:400;letter-spacing:0.005em;line-height:1.9;font-family:\"><font style=\"margin-bottom: 0px;vertical-align: inherit\"><font style=\"margin-bottom: 0px;vertical-align: inherit\">Aux extraits de grenade et de vanille, huiles d&#8217;amande et de noix de coco.<\/font><\/font><\/p>\n<p style=\"margin:0px0px10px;font-size:14px;font-weight:400;letter-spacing:0.005em;line-height:1.9;font-family:\"><font style=\"margin-bottom: 0px;vertical-align: inherit\"><font style=\"margin-bottom: 0px;vertical-align: inherit\">Un peu de f\u00eate ne fait jamais de mal \u00e0 personne ! La cr\u00e8me contient la quantit\u00e9 parfaite de paillettes pour ajouter un \u00e9clat luxueux \u00e0 la peau. Un duo naturel d&#8217;huiles de coco et d&#8217;amande nourrit et efface toute trace de peau s\u00e8che. La vanille sent le bonbon et apaise les irritations mineures. Gr\u00e2ce aux antioxydants, la grenade garde la peau jeune et belle<\/font><\/font><\/p>\n","protected":false},"excerpt":{"rendered":"<p>Cr\u00e8me scintillante pour le corps Aux extraits de grenade et de vanille, huiles d&#8217;amande et de noix de coco. Un peu de f\u00eate ne fait jamais de mal \u00e0 personne ! La cr\u00e8me contient la quantit\u00e9 parfaite de paillettes pour ajouter un \u00e9clat luxueux \u00e0 la peau. Un duo naturel d&#8217;huiles de coco et d&#8217;amande [&hellip;]<\/p>\n","protected":false},"featured_media":14995,"comment_status":"open","ping_status":"closed","template":"","meta":{"_themeisle_gutenberg_block_has_review":false,"wds_primary_product_brand":0,"wds_primary_product_cat":0},"product_brand":[],"product_cat":[235],"product_tag":[],"class_list":{"0":"post-14996","1":"product","2":"type-product","3":"status-publish","4":"has-post-thumbnail","6":"product_cat-beauty-jar","8":"first","9":"instock","10":"shipping-taxable","11":"purchasable","12":"product-type-simple"},"jetpack_sharing_enabled":true,"_links":{"self":[{"href":"https:\/\/orthomedix.eu\/boutique\/wp-json\/wp\/v2\/product\/14996","targetHints":{"allow":["GET"]}}],"collection":[{"href":"https:\/\/orthomedix.eu\/boutique\/wp-json\/wp\/v2\/product"}],"about":[{"href":"https:\/\/orthomedix.eu\/boutique\/wp-json\/wp\/v2\/types\/product"}],"replies":[{"embeddable":true,"href":"https:\/\/orthomedix.eu\/boutique\/wp-json\/wp\/v2\/comments?post=14996"}],"wp:featuredmedia":[{"embeddable":true,"href":"https:\/\/orthomedix.eu\/boutique\/wp-json\/wp\/v2\/media\/14995"}],"wp:attachment":[{"href":"https:\/\/orthomedix.eu\/boutique\/wp-json\/wp\/v2\/media?parent=14996"}],"wp:term":[{"taxonomy":"product_brand","embeddable":true,"href":"https:\/\/orthomedix.eu\/boutique\/wp-json\/wp\/v2\/product_brand?post=14996"},{"taxonomy":"product_cat","embeddable":true,"href":"https:\/\/orthomedix.eu\/boutique\/wp-json\/wp\/v2\/product_cat?post=14996"},{"taxonomy":"product_tag","embeddable":true,"href":"https:\/\/orthomedix.eu\/boutique\/wp-json\/wp\/v2\/product_tag?post=14996"}],"curies":[{"name":"wp","href":"https:\/\/api.w.org\/{rel}","templated":true}]}}