{"id":15138,"date":"2025-02-07T09:35:23","date_gmt":"2025-02-07T08:35:23","guid":{"rendered":"https:\/\/orthomedix.eu\/boutique\/produit\/bleu-de-methylene-solution-1-100ml\/"},"modified":"2026-04-05T21:49:12","modified_gmt":"2026-04-05T19:49:12","slug":"bleu-de-methylene-solution-1-100ml","status":"publish","type":"product","link":"https:\/\/orthomedix.eu\/boutique\/produit\/bleu-de-methylene-solution-1-100ml\/","title":{"rendered":"Bleu de M\u00e9thyl\u00e8ne  Solution 1% 100ml"},"content":{"rendered":"<p>Bleu de M\u00e9thyl\u00e8ne haute puret\u00e9 (99.9%)<\/p>\n","protected":false},"excerpt":{"rendered":"<p>Bleu de M\u00e9thyl\u00e8ne haute puret\u00e9 (99.9%)<\/p>\n","protected":false},"featured_media":15137,"comment_status":"open","ping_status":"closed","template":"","meta":{"_themeisle_gutenberg_block_has_review":false,"wds_primary_product_brand":0,"wds_primary_product_cat":0},"product_brand":[],"product_cat":[45],"product_tag":[],"class_list":{"0":"post-15138","1":"product","2":"type-product","3":"status-publish","4":"has-post-thumbnail","6":"product_cat-purification","8":"first","9":"instock","10":"shipping-taxable","11":"purchasable","12":"product-type-simple"},"jetpack_sharing_enabled":true,"_links":{"self":[{"href":"https:\/\/orthomedix.eu\/boutique\/wp-json\/wp\/v2\/product\/15138","targetHints":{"allow":["GET"]}}],"collection":[{"href":"https:\/\/orthomedix.eu\/boutique\/wp-json\/wp\/v2\/product"}],"about":[{"href":"https:\/\/orthomedix.eu\/boutique\/wp-json\/wp\/v2\/types\/product"}],"replies":[{"embeddable":true,"href":"https:\/\/orthomedix.eu\/boutique\/wp-json\/wp\/v2\/comments?post=15138"}],"wp:featuredmedia":[{"embeddable":true,"href":"https:\/\/orthomedix.eu\/boutique\/wp-json\/wp\/v2\/media\/15137"}],"wp:attachment":[{"href":"https:\/\/orthomedix.eu\/boutique\/wp-json\/wp\/v2\/media?parent=15138"}],"wp:term":[{"taxonomy":"product_brand","embeddable":true,"href":"https:\/\/orthomedix.eu\/boutique\/wp-json\/wp\/v2\/product_brand?post=15138"},{"taxonomy":"product_cat","embeddable":true,"href":"https:\/\/orthomedix.eu\/boutique\/wp-json\/wp\/v2\/product_cat?post=15138"},{"taxonomy":"product_tag","embeddable":true,"href":"https:\/\/orthomedix.eu\/boutique\/wp-json\/wp\/v2\/product_tag?post=15138"}],"curies":[{"name":"wp","href":"https:\/\/api.w.org\/{rel}","templated":true}]}}