{"id":15698,"date":"2025-10-29T11:00:18","date_gmt":"2025-10-29T10:00:18","guid":{"rendered":"https:\/\/orthomedix.eu\/boutique\/produit\/coffret-cadeau-soins-des-mains\/"},"modified":"2025-10-29T11:00:18","modified_gmt":"2025-10-29T10:00:18","slug":"coffret-cadeau-soins-des-mains","status":"publish","type":"product","link":"https:\/\/orthomedix.eu\/boutique\/produit\/coffret-cadeau-soins-des-mains\/","title":{"rendered":"Coffret cadeau soins des mains"},"content":{"rendered":"<p>Beauty Jar<\/p>\n<p>coffret comprenant un soins masque pour les mains ainsi qu un savon \u00e0 la glycerine renfermant une lufa .<\/p>\n<p>Masque pour les mains \u00e0 base de 4 huiles naturelles.<\/p>\n<p>Hydrate et nourrit ,adoucit la cuticule et prot\u00e8ge les mains.<\/p>\n<p>ne colle pas et pas d effet gras<\/p>\n<p>contient de l argan,avocat,macadamia,babassu<\/p>\n","protected":false},"excerpt":{"rendered":"<p>Beauty Jar coffret comprenant un soins masque pour les mains ainsi qu un savon \u00e0 la glycerine renfermant une lufa . Masque pour les mains \u00e0 base de 4 huiles naturelles. Hydrate et nourrit ,adoucit la cuticule et prot\u00e8ge les mains. ne colle pas et pas d effet gras contient de l argan,avocat,macadamia,babassu<\/p>\n","protected":false},"featured_media":15697,"comment_status":"open","ping_status":"closed","template":"","meta":{"_themeisle_gutenberg_block_has_review":false,"wds_primary_product_brand":0,"wds_primary_product_cat":0},"product_brand":[],"product_cat":[235],"product_tag":[],"class_list":{"0":"post-15698","1":"product","2":"type-product","3":"status-publish","4":"has-post-thumbnail","6":"product_cat-beauty-jar","8":"first","9":"instock","10":"shipping-taxable","11":"purchasable","12":"product-type-simple"},"jetpack_sharing_enabled":true,"_links":{"self":[{"href":"https:\/\/orthomedix.eu\/boutique\/wp-json\/wp\/v2\/product\/15698","targetHints":{"allow":["GET"]}}],"collection":[{"href":"https:\/\/orthomedix.eu\/boutique\/wp-json\/wp\/v2\/product"}],"about":[{"href":"https:\/\/orthomedix.eu\/boutique\/wp-json\/wp\/v2\/types\/product"}],"replies":[{"embeddable":true,"href":"https:\/\/orthomedix.eu\/boutique\/wp-json\/wp\/v2\/comments?post=15698"}],"wp:featuredmedia":[{"embeddable":true,"href":"https:\/\/orthomedix.eu\/boutique\/wp-json\/wp\/v2\/media\/15697"}],"wp:attachment":[{"href":"https:\/\/orthomedix.eu\/boutique\/wp-json\/wp\/v2\/media?parent=15698"}],"wp:term":[{"taxonomy":"product_brand","embeddable":true,"href":"https:\/\/orthomedix.eu\/boutique\/wp-json\/wp\/v2\/product_brand?post=15698"},{"taxonomy":"product_cat","embeddable":true,"href":"https:\/\/orthomedix.eu\/boutique\/wp-json\/wp\/v2\/product_cat?post=15698"},{"taxonomy":"product_tag","embeddable":true,"href":"https:\/\/orthomedix.eu\/boutique\/wp-json\/wp\/v2\/product_tag?post=15698"}],"curies":[{"name":"wp","href":"https:\/\/api.w.org\/{rel}","templated":true}]}}