{"id":15776,"date":"2025-12-28T17:41:41","date_gmt":"2025-12-28T16:41:41","guid":{"rendered":"https:\/\/orthomedix.eu\/boutique\/produit\/coenzyme-q10-vit-e-30ml\/"},"modified":"2025-12-28T17:41:41","modified_gmt":"2025-12-28T16:41:41","slug":"coenzyme-q10-vit-e-30ml","status":"publish","type":"product","link":"https:\/\/orthomedix.eu\/boutique\/produit\/coenzyme-q10-vit-e-30ml\/","title":{"rendered":"Coenzyme Q10+ Vit E \n30ml"},"content":{"rendered":"<p>Compl\u00e9ment alimentaire \u00e0 base de coenzyme Q10+Vit E<\/p>\n<p>Ingr\u00e9dients: huile d&#8217;olive,ubiquinone (coenzyme Q10,naturellement issue du glucose de ma\u00efs),D-alpha-tocoph\u00e9rol(vit E naturelle issue du tournesol).<\/p>\n<p>Bien agiter avant utilisation.<\/p>\n<p>Posologie: suivre les conseils d&#8217;utilisation<\/p>\n<p>Remarques: ne convient pas aux femmes enceintes, aux femmes qui allaitent, aux enfants et aux adolescents de moins de 18 ans.<\/p>\n<p>30ml<\/p>\n<p>Ne remplace pas une alimentation \u00e9quilibr\u00e9e<\/p>\n<p>Lire attentivement la notice.<\/p>\n<p>Contacter son m\u00e9decin en cas de doute.<\/p>\n","protected":false},"excerpt":{"rendered":"<p>Compl\u00e9ment alimentaire \u00e0 base de coenzyme Q10+Vit E Ingr\u00e9dients: huile d&#8217;olive,ubiquinone (coenzyme Q10,naturellement issue du glucose de ma\u00efs),D-alpha-tocoph\u00e9rol(vit E naturelle issue du tournesol). Bien agiter avant utilisation. Posologie: suivre les conseils d&#8217;utilisation Remarques: ne convient pas aux femmes enceintes, aux femmes qui allaitent, aux enfants et aux adolescents de moins de 18 ans. 30ml Ne [&hellip;]<\/p>\n","protected":false},"featured_media":15775,"comment_status":"open","ping_status":"closed","template":"","meta":{"_themeisle_gutenberg_block_has_review":false,"wds_primary_product_brand":0,"wds_primary_product_cat":0},"product_brand":[],"product_cat":[16],"product_tag":[],"class_list":{"0":"post-15776","1":"product","2":"type-product","3":"status-publish","4":"has-post-thumbnail","6":"product_cat-complements-alimentaires","8":"first","9":"instock","10":"shipping-taxable","11":"purchasable","12":"product-type-simple"},"jetpack_sharing_enabled":true,"_links":{"self":[{"href":"https:\/\/orthomedix.eu\/boutique\/wp-json\/wp\/v2\/product\/15776","targetHints":{"allow":["GET"]}}],"collection":[{"href":"https:\/\/orthomedix.eu\/boutique\/wp-json\/wp\/v2\/product"}],"about":[{"href":"https:\/\/orthomedix.eu\/boutique\/wp-json\/wp\/v2\/types\/product"}],"replies":[{"embeddable":true,"href":"https:\/\/orthomedix.eu\/boutique\/wp-json\/wp\/v2\/comments?post=15776"}],"wp:featuredmedia":[{"embeddable":true,"href":"https:\/\/orthomedix.eu\/boutique\/wp-json\/wp\/v2\/media\/15775"}],"wp:attachment":[{"href":"https:\/\/orthomedix.eu\/boutique\/wp-json\/wp\/v2\/media?parent=15776"}],"wp:term":[{"taxonomy":"product_brand","embeddable":true,"href":"https:\/\/orthomedix.eu\/boutique\/wp-json\/wp\/v2\/product_brand?post=15776"},{"taxonomy":"product_cat","embeddable":true,"href":"https:\/\/orthomedix.eu\/boutique\/wp-json\/wp\/v2\/product_cat?post=15776"},{"taxonomy":"product_tag","embeddable":true,"href":"https:\/\/orthomedix.eu\/boutique\/wp-json\/wp\/v2\/product_tag?post=15776"}],"curies":[{"name":"wp","href":"https:\/\/api.w.org\/{rel}","templated":true}]}}